{"id":68135,"date":"2024-11-12T08:48:34","date_gmt":"2024-11-12T07:48:34","guid":{"rendered":"https:\/\/abilica.com\/?post_type=product&#038;p=68135"},"modified":"2025-10-20T10:28:20","modified_gmt":"2025-10-20T09:28:20","slug":"abilica-weightbench-40","status":"publish","type":"product","link":"https:\/\/abilica.com\/sv\/styrka\/traningsbank\/abilica-weightbench-40\/","title":{"rendered":"Abilica WeightBench 40"},"content":{"rendered":"<div class=\"wpb-content-wrapper\"><p>[vc_row][vc_column][vc_column_text el_class=&#8221;product-video&#8221;]<strong>Abilica WeightBench 40 \u00e4r den platta b\u00e4nken f\u00f6r dig som vill ha en rej\u00e4l och stabil tr\u00e4ningsb\u00e4nk f\u00f6r styrketr\u00e4ning.<\/strong><\/p>\n<p>WeightBench 40 l\u00e4mpar sig v\u00e4l f\u00f6r b\u00e5de hemmatr\u00e4ning och f\u00f6retagsmarknaden. Med en dyna som \u00e4r 121 cm l\u00e5ng och 31 cm bred samt med en bra tjocklek, \u00e4r detta en platt b\u00e4nk som passar de flesta idrottare. Bakbenet p\u00e5 b\u00e4nken har en bredd p\u00e5 55 cm, vilket g\u00f6r den mycket stabil. Denna bredd g\u00f6r ocks\u00e5 att den fr\u00e4mre foten tar upp mindre yta, vilket ger dig gott om utrymme att positionera dina ben f\u00f6r optimal teknik vid b\u00e4nkpress, axelpress och andra \u00f6vningar. Den goda tjockleken p\u00e5 dynan g\u00f6r ocks\u00e5 att b\u00e4nken \u00e4r bekv\u00e4m att ligga p\u00e5, \u00e4ven vid tung belastning.<\/p>\n<p>Abilica WeightBench 40 \u00e4r designad med ett praktiskt handtag framtill och tv\u00e5 hjul baktill f\u00f6r enkel f\u00f6rflyttning och f\u00f6rvaring. B\u00e4nken \u00e4r \u00e4ven utrustad med gummiskydd p\u00e5 benen f\u00f6r att skydda golvet.<\/p>\n<p><strong><br \/>\nSPECIFIKATIONER<br \/>\n<\/strong>M\u00e5tt monterad: 144 x 55 x 43 cm (L x B x H)<br \/>\nKuddens m\u00e5tt: 121 x 31 (L x B)<br \/>\nTjocklek vadderingskudde: 56 mm<br \/>\nH\u00f6jd fr\u00e5n golv till sits: 43 cm<br \/>\nSt\u00e5ltjocklek: 2 mm<br \/>\nMax viktkapacitet: 350 kg (inklusive ut\u00f6vare)<br \/>\nProduktvikt: 18 kg<\/p>\n<p><strong>\u00a0<\/strong>[\/vc_column_text][vc_empty_space height=&#8221;52px&#8221;][vc_btn title=&#8221;Underh\u00e5llstips&#8221; style=&#8221;flat&#8221; color=&#8221;black&#8221; i_icon_fontawesome=&#8221;fas fa-align-left&#8221; add_icon=&#8221;true&#8221; link=&#8221;url:https%3A%2F%2Fabilica.com%2Fse%2Ftraningsartiklar%2Ftraningstips-for-kondition%2Funderhall-av-traningsmaskiner%2F|title:Underh%C3%A5ll%20av%20tr%C3%A4ningsmaskiner&#8221;][\/vc_column][\/vc_row]<\/p>\n<\/div>","protected":false},"excerpt":{"rendered":"<p>[vc_row][vc_column][vc_column_text el_class=&#8221;product-video&#8221;]Abilica WeightBench 40 \u00e4r den platta b\u00e4nken f\u00f6r dig som vill ha en rej\u00e4l&#8230;<\/p>\n","protected":false},"featured_media":68121,"template":"","meta":{"_acf_changed":false},"product_brand":[],"product_cat":[471,480],"product_tag":[49],"class_list":{"0":"post-68135","1":"product","2":"type-product","3":"status-publish","4":"has-post-thumbnail","6":"product_cat-styrka","7":"product_cat-traningsbank","8":"product_tag-premium","10":"first","11":"outofstock","12":"product-type-simple"},"acf":[],"yoast_head":"<!-- This site is optimized with the Yoast SEO Premium plugin v21.1 (Yoast SEO v25.4) - https:\/\/yoast.com\/wordpress\/plugins\/seo\/ -->\n<title>Abilica WeightBench 40 Abilica<\/title>\n<meta name=\"robots\" content=\"index, follow, max-snippet:-1, max-image-preview:large, max-video-preview:-1\" \/>\n<link rel=\"canonical\" href=\"https:\/\/abilica.com\/sv\/styrka\/traningsbank\/abilica-weightbench-40\/\" \/>\n<meta property=\"og:locale\" content=\"sv_SE\" \/>\n<meta property=\"og:type\" content=\"article\" \/>\n<meta property=\"og:title\" content=\"Abilica WeightBench 40\" \/>\n<meta property=\"og:description\" content=\"[vc_row][vc_column][vc_column_text el_class=&#8221;product-video&#8221;]Abilica WeightBench 40 \u00e4r den platta b\u00e4nken f\u00f6r dig som vill ha en rej\u00e4l...\" \/>\n<meta property=\"og:url\" content=\"https:\/\/abilica.com\/sv\/styrka\/traningsbank\/abilica-weightbench-40\/\" \/>\n<meta property=\"og:site_name\" content=\"Abilica\" \/>\n<meta property=\"article:publisher\" content=\"https:\/\/www.facebook.com\/abilicahometraining\/\" \/>\n<meta property=\"article:modified_time\" content=\"2025-10-20T09:28:20+00:00\" \/>\n<meta property=\"og:image\" content=\"https:\/\/abilica.com\/wp-content\/uploads\/2024\/11\/408118-Abilica-WeightBench-40_1.jpg\" \/>\n\t<meta property=\"og:image:width\" content=\"1200\" \/>\n\t<meta property=\"og:image:height\" content=\"1200\" \/>\n\t<meta property=\"og:image:type\" content=\"image\/jpeg\" \/>\n<meta name=\"twitter:card\" content=\"summary_large_image\" \/>\n<meta name=\"twitter:label1\" content=\"Ber\u00e4knad l\u00e4stid\" \/>\n\t<meta name=\"twitter:data1\" content=\"1 minut\" \/>\n<script type=\"application\/ld+json\" class=\"yoast-schema-graph\">{\"@context\":\"https:\/\/schema.org\",\"@graph\":[{\"@type\":\"WebPage\",\"@id\":\"https:\/\/abilica.com\/sv\/styrka\/traningsbank\/abilica-weightbench-40\/\",\"url\":\"https:\/\/abilica.com\/sv\/styrka\/traningsbank\/abilica-weightbench-40\/\",\"name\":\"Abilica WeightBench 40 Abilica\",\"isPartOf\":{\"@id\":\"https:\/\/abilica.com\/#website\"},\"primaryImageOfPage\":{\"@id\":\"https:\/\/abilica.com\/sv\/styrka\/traningsbank\/abilica-weightbench-40\/#primaryimage\"},\"image\":{\"@id\":\"https:\/\/abilica.com\/sv\/styrka\/traningsbank\/abilica-weightbench-40\/#primaryimage\"},\"thumbnailUrl\":\"https:\/\/abilica.com\/wp-content\/uploads\/2024\/11\/408118-Abilica-WeightBench-40_1.jpg\",\"datePublished\":\"2024-11-12T07:48:34+00:00\",\"dateModified\":\"2025-10-20T09:28:20+00:00\",\"breadcrumb\":{\"@id\":\"https:\/\/abilica.com\/sv\/styrka\/traningsbank\/abilica-weightbench-40\/#breadcrumb\"},\"inLanguage\":\"sv-SE\",\"potentialAction\":[{\"@type\":\"ReadAction\",\"target\":[\"https:\/\/abilica.com\/sv\/styrka\/traningsbank\/abilica-weightbench-40\/\"]}]},{\"@type\":\"ImageObject\",\"inLanguage\":\"sv-SE\",\"@id\":\"https:\/\/abilica.com\/sv\/styrka\/traningsbank\/abilica-weightbench-40\/#primaryimage\",\"url\":\"https:\/\/abilica.com\/wp-content\/uploads\/2024\/11\/408118-Abilica-WeightBench-40_1.jpg\",\"contentUrl\":\"https:\/\/abilica.com\/wp-content\/uploads\/2024\/11\/408118-Abilica-WeightBench-40_1.jpg\",\"width\":1200,\"height\":1200},{\"@type\":\"BreadcrumbList\",\"@id\":\"https:\/\/abilica.com\/sv\/styrka\/traningsbank\/abilica-weightbench-40\/#breadcrumb\",\"itemListElement\":[{\"@type\":\"ListItem\",\"position\":1,\"name\":\"Hem\",\"item\":\"https:\/\/abilica.com\/sv\/\"},{\"@type\":\"ListItem\",\"position\":2,\"name\":\"Produkter\",\"item\":\"https:\/\/abilica.com\/sv\/shop\/\"},{\"@type\":\"ListItem\",\"position\":3,\"name\":\"Abilica WeightBench 40\"}]},{\"@type\":\"WebSite\",\"@id\":\"https:\/\/abilica.com\/#website\",\"url\":\"https:\/\/abilica.com\/\",\"name\":\"Abilica\",\"description\":\"Abilica Home Training\",\"potentialAction\":[{\"@type\":\"SearchAction\",\"target\":{\"@type\":\"EntryPoint\",\"urlTemplate\":\"https:\/\/abilica.com\/?s={search_term_string}\"},\"query-input\":{\"@type\":\"PropertyValueSpecification\",\"valueRequired\":true,\"valueName\":\"search_term_string\"}}],\"inLanguage\":\"sv-SE\"}]}<\/script>\n<!-- \/ Yoast SEO Premium plugin. -->","yoast_head_json":{"title":"Abilica WeightBench 40 Abilica","robots":{"index":"index","follow":"follow","max-snippet":"max-snippet:-1","max-image-preview":"max-image-preview:large","max-video-preview":"max-video-preview:-1"},"canonical":"https:\/\/abilica.com\/sv\/styrka\/traningsbank\/abilica-weightbench-40\/","og_locale":"sv_SE","og_type":"article","og_title":"Abilica WeightBench 40","og_description":"[vc_row][vc_column][vc_column_text el_class=&#8221;product-video&#8221;]Abilica WeightBench 40 \u00e4r den platta b\u00e4nken f\u00f6r dig som vill ha en rej\u00e4l...","og_url":"https:\/\/abilica.com\/sv\/styrka\/traningsbank\/abilica-weightbench-40\/","og_site_name":"Abilica","article_publisher":"https:\/\/www.facebook.com\/abilicahometraining\/","article_modified_time":"2025-10-20T09:28:20+00:00","og_image":[{"width":1200,"height":1200,"url":"https:\/\/abilica.com\/wp-content\/uploads\/2024\/11\/408118-Abilica-WeightBench-40_1.jpg","type":"image\/jpeg"}],"twitter_card":"summary_large_image","twitter_misc":{"Ber\u00e4knad l\u00e4stid":"1 minut"},"schema":{"@context":"https:\/\/schema.org","@graph":[{"@type":"WebPage","@id":"https:\/\/abilica.com\/sv\/styrka\/traningsbank\/abilica-weightbench-40\/","url":"https:\/\/abilica.com\/sv\/styrka\/traningsbank\/abilica-weightbench-40\/","name":"Abilica WeightBench 40 Abilica","isPartOf":{"@id":"https:\/\/abilica.com\/#website"},"primaryImageOfPage":{"@id":"https:\/\/abilica.com\/sv\/styrka\/traningsbank\/abilica-weightbench-40\/#primaryimage"},"image":{"@id":"https:\/\/abilica.com\/sv\/styrka\/traningsbank\/abilica-weightbench-40\/#primaryimage"},"thumbnailUrl":"https:\/\/abilica.com\/wp-content\/uploads\/2024\/11\/408118-Abilica-WeightBench-40_1.jpg","datePublished":"2024-11-12T07:48:34+00:00","dateModified":"2025-10-20T09:28:20+00:00","breadcrumb":{"@id":"https:\/\/abilica.com\/sv\/styrka\/traningsbank\/abilica-weightbench-40\/#breadcrumb"},"inLanguage":"sv-SE","potentialAction":[{"@type":"ReadAction","target":["https:\/\/abilica.com\/sv\/styrka\/traningsbank\/abilica-weightbench-40\/"]}]},{"@type":"ImageObject","inLanguage":"sv-SE","@id":"https:\/\/abilica.com\/sv\/styrka\/traningsbank\/abilica-weightbench-40\/#primaryimage","url":"https:\/\/abilica.com\/wp-content\/uploads\/2024\/11\/408118-Abilica-WeightBench-40_1.jpg","contentUrl":"https:\/\/abilica.com\/wp-content\/uploads\/2024\/11\/408118-Abilica-WeightBench-40_1.jpg","width":1200,"height":1200},{"@type":"BreadcrumbList","@id":"https:\/\/abilica.com\/sv\/styrka\/traningsbank\/abilica-weightbench-40\/#breadcrumb","itemListElement":[{"@type":"ListItem","position":1,"name":"Hem","item":"https:\/\/abilica.com\/sv\/"},{"@type":"ListItem","position":2,"name":"Produkter","item":"https:\/\/abilica.com\/sv\/shop\/"},{"@type":"ListItem","position":3,"name":"Abilica WeightBench 40"}]},{"@type":"WebSite","@id":"https:\/\/abilica.com\/#website","url":"https:\/\/abilica.com\/","name":"Abilica","description":"Abilica Home Training","potentialAction":[{"@type":"SearchAction","target":{"@type":"EntryPoint","urlTemplate":"https:\/\/abilica.com\/?s={search_term_string}"},"query-input":{"@type":"PropertyValueSpecification","valueRequired":true,"valueName":"search_term_string"}}],"inLanguage":"sv-SE"}]}},"_links":{"self":[{"href":"https:\/\/abilica.com\/sv\/wp-json\/wp\/v2\/product\/68135","targetHints":{"allow":["GET"]}}],"collection":[{"href":"https:\/\/abilica.com\/sv\/wp-json\/wp\/v2\/product"}],"about":[{"href":"https:\/\/abilica.com\/sv\/wp-json\/wp\/v2\/types\/product"}],"wp:featuredmedia":[{"embeddable":true,"href":"https:\/\/abilica.com\/sv\/wp-json\/wp\/v2\/media\/68121"}],"wp:attachment":[{"href":"https:\/\/abilica.com\/sv\/wp-json\/wp\/v2\/media?parent=68135"}],"wp:term":[{"taxonomy":"product_brand","embeddable":true,"href":"https:\/\/abilica.com\/sv\/wp-json\/wp\/v2\/product_brand?post=68135"},{"taxonomy":"product_cat","embeddable":true,"href":"https:\/\/abilica.com\/sv\/wp-json\/wp\/v2\/product_cat?post=68135"},{"taxonomy":"product_tag","embeddable":true,"href":"https:\/\/abilica.com\/sv\/wp-json\/wp\/v2\/product_tag?post=68135"}],"curies":[{"name":"wp","href":"https:\/\/api.w.org\/{rel}","templated":true}]}}