{"id":68303,"date":"2025-02-07T14:13:24","date_gmt":"2025-02-07T13:13:24","guid":{"rendered":"https:\/\/abilica.com\/?post_type=product&#038;p=68303"},"modified":"2026-01-29T14:41:42","modified_gmt":"2026-01-29T13:41:42","slug":"abilica-curlbar-50-mm","status":"publish","type":"product","link":"https:\/\/abilica.com\/sv\/styrka\/skivor-och-stanger\/abilica-curlbar-50-mm\/","title":{"rendered":"Abilica CurlBar 50 mm"},"content":{"rendered":"<div class=\"wpb-content-wrapper\"><p>[vc_row][vc_column][vc_column_text css=&#8221;&#8221;]<\/p>\n<p style=\"text-align: center;\"><strong>Abilica CurlBar 50 mm med sina vinklade grepp \u00e4r en klar vinnare f\u00f6r dig som vill tr\u00e4na biceps och triceps med \u00f6vningar som bicepscurl och skull crushers.<\/strong><\/p>\n<p style=\"text-align: center;\">Vikt\u00e4ndarna \u00e4r utrustade med n\u00e5llager, vilket g\u00f6r att \u00f6vningar som kr\u00e4ver rotation inte p\u00e5verkar din form eller dina handleder. Viktst\u00e5ngen har en greppdiameter p\u00e5 28 mm med 1,2 mm hill-serratering och en ytbehandling av typen h\u00e5rdkrom. H\u00e5rdkrom \u00e4r en metallblandning som ger st\u00e5ngen ett snyggt utseende, bra k\u00e4nsla, korrosionsbest\u00e4ndighet och h\u00f6g slitstyrka. Kombinationen g\u00f6r att greppet k\u00e4nns bekv\u00e4mt samtidigt som du f\u00e5r ett bra grepp.<\/p>\n<p style=\"text-align: center;\">Viktst\u00e5ngen har en greppbredd p\u00e5 82 cm, vilket ger mer \u00e4n tillr\u00e4ckligt med utrymme f\u00f6r de \u00f6vningar du vill utf\u00f6ra. Vi rekommenderar Abilica Olympic WeightPlate till denna viktst\u00e5ng. Abilica CurlBar 50 mm passar lika bra i ett hemmagym som p\u00e5 en arbetsplats.<\/p>\n<p style=\"text-align: center;\"><strong>Specifikationer<\/strong><br \/>\nL\u00e4ngd: 120 cm<br \/>\nVikt: 10 kg<br \/>\nL\u00e4ngd p\u00e5 \u00e4ndstycke: 17 cm<br \/>\nGreppbredd: 82 cm<br \/>\nDiametergrepp: 30 mm<br \/>\nSerrateringssektioner: 2<br \/>\nTyp av serratering: Hill 1,2 mm<br \/>\nLager: 2 n\u00e5l- och kopparlager<br \/>\nPSI: 75k<br \/>\nYtbehandling: H\u00e5rdkrom<br \/>\nMax belastning: 150 kg<br \/>\nLevereras utan l\u00e5s<\/p>\n<p>[\/vc_column_text][\/vc_column][\/vc_row]<\/p>\n<\/div>","protected":false},"excerpt":{"rendered":"<p>Levereras utan l\u00e5s. Roterande \u00e4nddelar med kullager.<\/p>\n","protected":false},"featured_media":68294,"template":"","meta":{"_acf_changed":false},"product_brand":[],"product_cat":[474,471],"product_tag":[49,34],"class_list":{"0":"post-68303","1":"product","2":"type-product","3":"status-publish","4":"has-post-thumbnail","6":"product_cat-skivor-och-stanger","7":"product_cat-styrka","8":"product_tag-premium","9":"product_tag-styrka","11":"first","12":"instock","13":"product-type-simple"},"acf":[],"yoast_head":"<!-- This site is optimized with the Yoast SEO Premium plugin v21.1 (Yoast SEO v25.4) - https:\/\/yoast.com\/wordpress\/plugins\/seo\/ -->\n<title>Abilica CurlBar 50 mm Abilica<\/title>\n<meta name=\"robots\" content=\"index, follow, max-snippet:-1, max-image-preview:large, max-video-preview:-1\" \/>\n<link rel=\"canonical\" href=\"https:\/\/abilica.com\/sv\/styrka\/skivor-och-stanger\/abilica-curlbar-50-mm\/\" \/>\n<meta property=\"og:locale\" content=\"sv_SE\" \/>\n<meta property=\"og:type\" content=\"article\" \/>\n<meta property=\"og:title\" content=\"Abilica CurlBar 50 mm\" \/>\n<meta property=\"og:description\" content=\"Levereras utan l\u00e5s. Roterande \u00e4nddelar med kullager.\" \/>\n<meta property=\"og:url\" content=\"https:\/\/abilica.com\/sv\/styrka\/skivor-och-stanger\/abilica-curlbar-50-mm\/\" \/>\n<meta property=\"og:site_name\" content=\"Abilica\" \/>\n<meta property=\"article:publisher\" content=\"https:\/\/www.facebook.com\/abilicahometraining\/\" \/>\n<meta property=\"article:modified_time\" content=\"2026-01-29T13:41:42+00:00\" \/>\n<meta property=\"og:image\" content=\"https:\/\/abilica.com\/wp-content\/uploads\/2025\/02\/408135-Abilica-CurlBar-50-mm_B.jpg\" \/>\n\t<meta property=\"og:image:width\" content=\"1200\" \/>\n\t<meta property=\"og:image:height\" content=\"1200\" \/>\n\t<meta property=\"og:image:type\" content=\"image\/jpeg\" \/>\n<meta name=\"twitter:card\" content=\"summary_large_image\" \/>\n<meta name=\"twitter:label1\" content=\"Ber\u00e4knad l\u00e4stid\" \/>\n\t<meta name=\"twitter:data1\" content=\"1 minut\" \/>\n<script type=\"application\/ld+json\" class=\"yoast-schema-graph\">{\"@context\":\"https:\/\/schema.org\",\"@graph\":[{\"@type\":\"WebPage\",\"@id\":\"https:\/\/abilica.com\/sv\/styrka\/skivor-och-stanger\/abilica-curlbar-50-mm\/\",\"url\":\"https:\/\/abilica.com\/sv\/styrka\/skivor-och-stanger\/abilica-curlbar-50-mm\/\",\"name\":\"Abilica CurlBar 50 mm Abilica\",\"isPartOf\":{\"@id\":\"https:\/\/abilica.com\/#website\"},\"primaryImageOfPage\":{\"@id\":\"https:\/\/abilica.com\/sv\/styrka\/skivor-och-stanger\/abilica-curlbar-50-mm\/#primaryimage\"},\"image\":{\"@id\":\"https:\/\/abilica.com\/sv\/styrka\/skivor-och-stanger\/abilica-curlbar-50-mm\/#primaryimage\"},\"thumbnailUrl\":\"https:\/\/abilica.com\/wp-content\/uploads\/2025\/02\/408135-Abilica-CurlBar-50-mm_B.jpg\",\"datePublished\":\"2025-02-07T13:13:24+00:00\",\"dateModified\":\"2026-01-29T13:41:42+00:00\",\"breadcrumb\":{\"@id\":\"https:\/\/abilica.com\/sv\/styrka\/skivor-och-stanger\/abilica-curlbar-50-mm\/#breadcrumb\"},\"inLanguage\":\"sv-SE\",\"potentialAction\":[{\"@type\":\"ReadAction\",\"target\":[\"https:\/\/abilica.com\/sv\/styrka\/skivor-och-stanger\/abilica-curlbar-50-mm\/\"]}]},{\"@type\":\"ImageObject\",\"inLanguage\":\"sv-SE\",\"@id\":\"https:\/\/abilica.com\/sv\/styrka\/skivor-och-stanger\/abilica-curlbar-50-mm\/#primaryimage\",\"url\":\"https:\/\/abilica.com\/wp-content\/uploads\/2025\/02\/408135-Abilica-CurlBar-50-mm_B.jpg\",\"contentUrl\":\"https:\/\/abilica.com\/wp-content\/uploads\/2025\/02\/408135-Abilica-CurlBar-50-mm_B.jpg\",\"width\":1200,\"height\":1200},{\"@type\":\"BreadcrumbList\",\"@id\":\"https:\/\/abilica.com\/sv\/styrka\/skivor-och-stanger\/abilica-curlbar-50-mm\/#breadcrumb\",\"itemListElement\":[{\"@type\":\"ListItem\",\"position\":1,\"name\":\"Hem\",\"item\":\"https:\/\/abilica.com\/sv\/\"},{\"@type\":\"ListItem\",\"position\":2,\"name\":\"Produkter\",\"item\":\"https:\/\/abilica.com\/sv\/shop\/\"},{\"@type\":\"ListItem\",\"position\":3,\"name\":\"Abilica CurlBar 50 mm\"}]},{\"@type\":\"WebSite\",\"@id\":\"https:\/\/abilica.com\/#website\",\"url\":\"https:\/\/abilica.com\/\",\"name\":\"Abilica\",\"description\":\"Abilica Home Training\",\"potentialAction\":[{\"@type\":\"SearchAction\",\"target\":{\"@type\":\"EntryPoint\",\"urlTemplate\":\"https:\/\/abilica.com\/?s={search_term_string}\"},\"query-input\":{\"@type\":\"PropertyValueSpecification\",\"valueRequired\":true,\"valueName\":\"search_term_string\"}}],\"inLanguage\":\"sv-SE\"}]}<\/script>\n<!-- \/ Yoast SEO Premium plugin. -->","yoast_head_json":{"title":"Abilica CurlBar 50 mm Abilica","robots":{"index":"index","follow":"follow","max-snippet":"max-snippet:-1","max-image-preview":"max-image-preview:large","max-video-preview":"max-video-preview:-1"},"canonical":"https:\/\/abilica.com\/sv\/styrka\/skivor-och-stanger\/abilica-curlbar-50-mm\/","og_locale":"sv_SE","og_type":"article","og_title":"Abilica CurlBar 50 mm","og_description":"Levereras utan l\u00e5s. Roterande \u00e4nddelar med kullager.","og_url":"https:\/\/abilica.com\/sv\/styrka\/skivor-och-stanger\/abilica-curlbar-50-mm\/","og_site_name":"Abilica","article_publisher":"https:\/\/www.facebook.com\/abilicahometraining\/","article_modified_time":"2026-01-29T13:41:42+00:00","og_image":[{"width":1200,"height":1200,"url":"https:\/\/abilica.com\/wp-content\/uploads\/2025\/02\/408135-Abilica-CurlBar-50-mm_B.jpg","type":"image\/jpeg"}],"twitter_card":"summary_large_image","twitter_misc":{"Ber\u00e4knad l\u00e4stid":"1 minut"},"schema":{"@context":"https:\/\/schema.org","@graph":[{"@type":"WebPage","@id":"https:\/\/abilica.com\/sv\/styrka\/skivor-och-stanger\/abilica-curlbar-50-mm\/","url":"https:\/\/abilica.com\/sv\/styrka\/skivor-och-stanger\/abilica-curlbar-50-mm\/","name":"Abilica CurlBar 50 mm Abilica","isPartOf":{"@id":"https:\/\/abilica.com\/#website"},"primaryImageOfPage":{"@id":"https:\/\/abilica.com\/sv\/styrka\/skivor-och-stanger\/abilica-curlbar-50-mm\/#primaryimage"},"image":{"@id":"https:\/\/abilica.com\/sv\/styrka\/skivor-och-stanger\/abilica-curlbar-50-mm\/#primaryimage"},"thumbnailUrl":"https:\/\/abilica.com\/wp-content\/uploads\/2025\/02\/408135-Abilica-CurlBar-50-mm_B.jpg","datePublished":"2025-02-07T13:13:24+00:00","dateModified":"2026-01-29T13:41:42+00:00","breadcrumb":{"@id":"https:\/\/abilica.com\/sv\/styrka\/skivor-och-stanger\/abilica-curlbar-50-mm\/#breadcrumb"},"inLanguage":"sv-SE","potentialAction":[{"@type":"ReadAction","target":["https:\/\/abilica.com\/sv\/styrka\/skivor-och-stanger\/abilica-curlbar-50-mm\/"]}]},{"@type":"ImageObject","inLanguage":"sv-SE","@id":"https:\/\/abilica.com\/sv\/styrka\/skivor-och-stanger\/abilica-curlbar-50-mm\/#primaryimage","url":"https:\/\/abilica.com\/wp-content\/uploads\/2025\/02\/408135-Abilica-CurlBar-50-mm_B.jpg","contentUrl":"https:\/\/abilica.com\/wp-content\/uploads\/2025\/02\/408135-Abilica-CurlBar-50-mm_B.jpg","width":1200,"height":1200},{"@type":"BreadcrumbList","@id":"https:\/\/abilica.com\/sv\/styrka\/skivor-och-stanger\/abilica-curlbar-50-mm\/#breadcrumb","itemListElement":[{"@type":"ListItem","position":1,"name":"Hem","item":"https:\/\/abilica.com\/sv\/"},{"@type":"ListItem","position":2,"name":"Produkter","item":"https:\/\/abilica.com\/sv\/shop\/"},{"@type":"ListItem","position":3,"name":"Abilica CurlBar 50 mm"}]},{"@type":"WebSite","@id":"https:\/\/abilica.com\/#website","url":"https:\/\/abilica.com\/","name":"Abilica","description":"Abilica Home Training","potentialAction":[{"@type":"SearchAction","target":{"@type":"EntryPoint","urlTemplate":"https:\/\/abilica.com\/?s={search_term_string}"},"query-input":{"@type":"PropertyValueSpecification","valueRequired":true,"valueName":"search_term_string"}}],"inLanguage":"sv-SE"}]}},"_links":{"self":[{"href":"https:\/\/abilica.com\/sv\/wp-json\/wp\/v2\/product\/68303","targetHints":{"allow":["GET"]}}],"collection":[{"href":"https:\/\/abilica.com\/sv\/wp-json\/wp\/v2\/product"}],"about":[{"href":"https:\/\/abilica.com\/sv\/wp-json\/wp\/v2\/types\/product"}],"wp:featuredmedia":[{"embeddable":true,"href":"https:\/\/abilica.com\/sv\/wp-json\/wp\/v2\/media\/68294"}],"wp:attachment":[{"href":"https:\/\/abilica.com\/sv\/wp-json\/wp\/v2\/media?parent=68303"}],"wp:term":[{"taxonomy":"product_brand","embeddable":true,"href":"https:\/\/abilica.com\/sv\/wp-json\/wp\/v2\/product_brand?post=68303"},{"taxonomy":"product_cat","embeddable":true,"href":"https:\/\/abilica.com\/sv\/wp-json\/wp\/v2\/product_cat?post=68303"},{"taxonomy":"product_tag","embeddable":true,"href":"https:\/\/abilica.com\/sv\/wp-json\/wp\/v2\/product_tag?post=68303"}],"curies":[{"name":"wp","href":"https:\/\/api.w.org\/{rel}","templated":true}]}}