{"id":68369,"date":"2025-03-17T15:07:07","date_gmt":"2025-03-17T14:07:07","guid":{"rendered":"https:\/\/abilica.com\/?post_type=product&#038;p=68369"},"modified":"2026-03-17T11:22:59","modified_gmt":"2026-03-17T10:22:59","slug":"abilica-airtrack-home-300-2","status":"publish","type":"product","link":"https:\/\/abilica.com\/sv\/kondition\/airtracks-2\/abilica-airtrack-home-300-2\/","title":{"rendered":"Abilica AirTrack Home 300"},"content":{"rendered":"<div class=\"wpb-content-wrapper\"><p>[vc_row][vc_column][vc_column_text css=&#8221;&#8221; el_class=&#8221;product-video&#8221;]Abilica AirTrack Home 300 \u00e4r en mjuk treningsmatta som enkelt kan fyllas med luft. Mattan \u00e4r helt fantastisk f\u00f6r balans- och stabilitetstr\u00e4ning, gymnastik, cheerleading, tumbling, kampsport, parkour, hoppning och andra studsaktiviteter. L\u00e4mplig f\u00f6r b\u00e5de nyb\u00f6rjare och aktiva idrottare. Kan anv\u00e4ndas b\u00e5de inomhus och utomhus, och i vatten. Abilica AirTrack Home 300 \u00e4r tillverkad av mycket fasta material (DWF &#8211; Double Wall Fabric) och har f\u00f6rst\u00e4rkning i alla fogar. Gummihandtagen p\u00e5 sidorna g\u00f6r det enkelt att flytta runt mattan. Lys gr\u00e5 med svart dekor. Mattan har kardborrband, s\u00e5 om du vill ha en l\u00e4ngre matta kan du enkelt ansluta flera mattor i f\u00f6ljd med hj\u00e4lp av &#8221;Connector&#8221; -tillbeh\u00f6ret. Mattan \u00e4r enkelt att packa ihop efter anv\u00e4ndning. <span class=\"Apple-converted-space\">Repair-kit f\u00f8lger med. <\/span>Pump Medf\u00f6ljer ej.<\/p>\n<h2><\/h2>\n<h4>TEKNISK INFO<\/h4>\n<p><strong>Storlek<\/strong><br \/>\n3 x 1 m och 10 cm tjock<\/p>\n<p><strong>Vikt<\/strong><br \/>\n9 kg<\/p>\n<p><strong>Max anv\u00e4ndarvikt<\/strong><br \/>\n150 kg<\/p>\n<div style=\"width: 640px;\" class=\"wp-video\"><!--[if lt IE 9]><script>document.createElement('video');<\/script><![endif]-->\n<video class=\"wp-video-shortcode\" id=\"video-68369-1\" width=\"640\" height=\"360\" poster=\"https:\/\/abilica.com\/wp-content\/uploads\/2025\/03\/airtrack.374649.7.jpg\" preload=\"metadata\" controls=\"controls\"><source type=\"video\/mp4\" src=\"https:\/\/abilica.com\/wp-content\/uploads\/2025\/03\/Abilica-AirTrack-Home-300_liggende_Nett.mp4?_=1\" \/><a href=\"https:\/\/abilica.com\/wp-content\/uploads\/2025\/03\/Abilica-AirTrack-Home-300_liggende_Nett.mp4\">https:\/\/abilica.com\/wp-content\/uploads\/2025\/03\/Abilica-AirTrack-Home-300_liggende_Nett.mp4<\/a><\/video><\/div>\n<p class=\"p1\"><em><br \/>\nOm AirTracken tappar luft fr\u00e5n b\u00f6rjan eller med tiden, anv\u00e4nd skiftnyckeln f\u00f6r att dra \u00e5t ventilen. Skiftnyckeln finns i reparationssatsen som f\u00f6ljer med Abilica AirTracks. Du hittar ocks\u00e5 information om detta i bruksanvisningen.<\/em><\/p>\n<div style=\"width: 640px;\" class=\"wp-video\"><video class=\"wp-video-shortcode\" id=\"video-68369-2\" width=\"640\" height=\"360\" poster=\"https:\/\/abilica.com\/wp-content\/uploads\/2025\/03\/Screenshot-2025-04-29-at-14.36.23.jpg\" preload=\"metadata\" controls=\"controls\"><source type=\"video\/mp4\" src=\"https:\/\/abilica.com\/wp-content\/uploads\/2025\/03\/Abilica-AirTrack-ventil.mp4?_=2\" \/><a href=\"https:\/\/abilica.com\/wp-content\/uploads\/2025\/03\/Abilica-AirTrack-ventil.mp4\">https:\/\/abilica.com\/wp-content\/uploads\/2025\/03\/Abilica-AirTrack-ventil.mp4<\/a><\/video><\/div>\n<p>[\/vc_column_text][\/vc_column][\/vc_row]<\/p>\n<\/div>","protected":false},"excerpt":{"rendered":"<p>[vc_row][vc_column][vc_column_text css=&#8221;&#8221; el_class=&#8221;product-video&#8221;]Abilica AirTrack Home 300 \u00e4r en mjuk treningsmatta som enkelt kan fyllas med&#8230;<\/p>\n","protected":false},"featured_media":89068,"template":"","meta":{"_acf_changed":false},"product_brand":[],"product_cat":[517,475,493,471],"product_tag":[181,179],"class_list":{"0":"post-68369","1":"product","2":"type-product","3":"status-publish","4":"has-post-thumbnail","6":"product_cat-airtracks-2","7":"product_cat-kondition","8":"product_cat-mattor","9":"product_cat-styrka","10":"product_tag-home-gym","11":"product_tag-summer-workout","13":"first","14":"outofstock","15":"product-type-simple"},"acf":[],"yoast_head":"<!-- This site is optimized with the Yoast SEO Premium plugin v21.1 (Yoast SEO v25.4) - https:\/\/yoast.com\/wordpress\/plugins\/seo\/ -->\n<title>Abilica AirTrack Home 300 Abilica<\/title>\n<meta name=\"robots\" content=\"index, follow, max-snippet:-1, max-image-preview:large, max-video-preview:-1\" \/>\n<link rel=\"canonical\" href=\"https:\/\/abilica.com\/sv\/kondition\/airtracks-2\/abilica-airtrack-home-300-2\/\" \/>\n<meta property=\"og:locale\" content=\"sv_SE\" \/>\n<meta property=\"og:type\" content=\"article\" \/>\n<meta property=\"og:title\" content=\"Abilica AirTrack Home 300\" \/>\n<meta property=\"og:description\" content=\"[vc_row][vc_column][vc_column_text css=&#8221;&#8221; el_class=&#8221;product-video&#8221;]Abilica AirTrack Home 300 \u00e4r en mjuk treningsmatta som enkelt kan fyllas med...\" \/>\n<meta property=\"og:url\" content=\"https:\/\/abilica.com\/sv\/kondition\/airtracks-2\/abilica-airtrack-home-300-2\/\" \/>\n<meta property=\"og:site_name\" content=\"Abilica\" \/>\n<meta property=\"article:publisher\" content=\"https:\/\/www.facebook.com\/abilicahometraining\/\" \/>\n<meta property=\"article:modified_time\" content=\"2026-03-17T10:22:59+00:00\" \/>\n<meta property=\"og:image\" content=\"https:\/\/abilica.com\/wp-content\/uploads\/2025\/03\/374649_Abilica_AirTrack_Home_300_1.jpg\" \/>\n\t<meta property=\"og:image:width\" content=\"1200\" \/>\n\t<meta property=\"og:image:height\" content=\"1200\" \/>\n\t<meta property=\"og:image:type\" content=\"image\/jpeg\" \/>\n<meta name=\"twitter:card\" content=\"summary_large_image\" \/>\n<meta name=\"twitter:label1\" content=\"Ber\u00e4knad l\u00e4stid\" \/>\n\t<meta name=\"twitter:data1\" content=\"1 minut\" \/>\n<script type=\"application\/ld+json\" class=\"yoast-schema-graph\">{\"@context\":\"https:\/\/schema.org\",\"@graph\":[{\"@type\":\"WebPage\",\"@id\":\"https:\/\/abilica.com\/sv\/kondition\/airtracks-2\/abilica-airtrack-home-300-2\/\",\"url\":\"https:\/\/abilica.com\/sv\/kondition\/airtracks-2\/abilica-airtrack-home-300-2\/\",\"name\":\"Abilica AirTrack Home 300 Abilica\",\"isPartOf\":{\"@id\":\"https:\/\/abilica.com\/#website\"},\"primaryImageOfPage\":{\"@id\":\"https:\/\/abilica.com\/sv\/kondition\/airtracks-2\/abilica-airtrack-home-300-2\/#primaryimage\"},\"image\":{\"@id\":\"https:\/\/abilica.com\/sv\/kondition\/airtracks-2\/abilica-airtrack-home-300-2\/#primaryimage\"},\"thumbnailUrl\":\"https:\/\/abilica.com\/wp-content\/uploads\/2025\/03\/374649_Abilica_AirTrack_Home_300_1.jpg\",\"datePublished\":\"2025-03-17T14:07:07+00:00\",\"dateModified\":\"2026-03-17T10:22:59+00:00\",\"breadcrumb\":{\"@id\":\"https:\/\/abilica.com\/sv\/kondition\/airtracks-2\/abilica-airtrack-home-300-2\/#breadcrumb\"},\"inLanguage\":\"sv-SE\",\"potentialAction\":[{\"@type\":\"ReadAction\",\"target\":[\"https:\/\/abilica.com\/sv\/kondition\/airtracks-2\/abilica-airtrack-home-300-2\/\"]}]},{\"@type\":\"ImageObject\",\"inLanguage\":\"sv-SE\",\"@id\":\"https:\/\/abilica.com\/sv\/kondition\/airtracks-2\/abilica-airtrack-home-300-2\/#primaryimage\",\"url\":\"https:\/\/abilica.com\/wp-content\/uploads\/2025\/03\/374649_Abilica_AirTrack_Home_300_1.jpg\",\"contentUrl\":\"https:\/\/abilica.com\/wp-content\/uploads\/2025\/03\/374649_Abilica_AirTrack_Home_300_1.jpg\",\"width\":1200,\"height\":1200},{\"@type\":\"BreadcrumbList\",\"@id\":\"https:\/\/abilica.com\/sv\/kondition\/airtracks-2\/abilica-airtrack-home-300-2\/#breadcrumb\",\"itemListElement\":[{\"@type\":\"ListItem\",\"position\":1,\"name\":\"Hem\",\"item\":\"https:\/\/abilica.com\/sv\/\"},{\"@type\":\"ListItem\",\"position\":2,\"name\":\"Produkter\",\"item\":\"https:\/\/abilica.com\/sv\/shop\/\"},{\"@type\":\"ListItem\",\"position\":3,\"name\":\"Abilica AirTrack Home 300\"}]},{\"@type\":\"WebSite\",\"@id\":\"https:\/\/abilica.com\/#website\",\"url\":\"https:\/\/abilica.com\/\",\"name\":\"Abilica\",\"description\":\"Abilica Home Training\",\"potentialAction\":[{\"@type\":\"SearchAction\",\"target\":{\"@type\":\"EntryPoint\",\"urlTemplate\":\"https:\/\/abilica.com\/?s={search_term_string}\"},\"query-input\":{\"@type\":\"PropertyValueSpecification\",\"valueRequired\":true,\"valueName\":\"search_term_string\"}}],\"inLanguage\":\"sv-SE\"}]}<\/script>\n<!-- \/ Yoast SEO Premium plugin. -->","yoast_head_json":{"title":"Abilica AirTrack Home 300 Abilica","robots":{"index":"index","follow":"follow","max-snippet":"max-snippet:-1","max-image-preview":"max-image-preview:large","max-video-preview":"max-video-preview:-1"},"canonical":"https:\/\/abilica.com\/sv\/kondition\/airtracks-2\/abilica-airtrack-home-300-2\/","og_locale":"sv_SE","og_type":"article","og_title":"Abilica AirTrack Home 300","og_description":"[vc_row][vc_column][vc_column_text css=&#8221;&#8221; el_class=&#8221;product-video&#8221;]Abilica AirTrack Home 300 \u00e4r en mjuk treningsmatta som enkelt kan fyllas med...","og_url":"https:\/\/abilica.com\/sv\/kondition\/airtracks-2\/abilica-airtrack-home-300-2\/","og_site_name":"Abilica","article_publisher":"https:\/\/www.facebook.com\/abilicahometraining\/","article_modified_time":"2026-03-17T10:22:59+00:00","og_image":[{"width":1200,"height":1200,"url":"https:\/\/abilica.com\/wp-content\/uploads\/2025\/03\/374649_Abilica_AirTrack_Home_300_1.jpg","type":"image\/jpeg"}],"twitter_card":"summary_large_image","twitter_misc":{"Ber\u00e4knad l\u00e4stid":"1 minut"},"schema":{"@context":"https:\/\/schema.org","@graph":[{"@type":"WebPage","@id":"https:\/\/abilica.com\/sv\/kondition\/airtracks-2\/abilica-airtrack-home-300-2\/","url":"https:\/\/abilica.com\/sv\/kondition\/airtracks-2\/abilica-airtrack-home-300-2\/","name":"Abilica AirTrack Home 300 Abilica","isPartOf":{"@id":"https:\/\/abilica.com\/#website"},"primaryImageOfPage":{"@id":"https:\/\/abilica.com\/sv\/kondition\/airtracks-2\/abilica-airtrack-home-300-2\/#primaryimage"},"image":{"@id":"https:\/\/abilica.com\/sv\/kondition\/airtracks-2\/abilica-airtrack-home-300-2\/#primaryimage"},"thumbnailUrl":"https:\/\/abilica.com\/wp-content\/uploads\/2025\/03\/374649_Abilica_AirTrack_Home_300_1.jpg","datePublished":"2025-03-17T14:07:07+00:00","dateModified":"2026-03-17T10:22:59+00:00","breadcrumb":{"@id":"https:\/\/abilica.com\/sv\/kondition\/airtracks-2\/abilica-airtrack-home-300-2\/#breadcrumb"},"inLanguage":"sv-SE","potentialAction":[{"@type":"ReadAction","target":["https:\/\/abilica.com\/sv\/kondition\/airtracks-2\/abilica-airtrack-home-300-2\/"]}]},{"@type":"ImageObject","inLanguage":"sv-SE","@id":"https:\/\/abilica.com\/sv\/kondition\/airtracks-2\/abilica-airtrack-home-300-2\/#primaryimage","url":"https:\/\/abilica.com\/wp-content\/uploads\/2025\/03\/374649_Abilica_AirTrack_Home_300_1.jpg","contentUrl":"https:\/\/abilica.com\/wp-content\/uploads\/2025\/03\/374649_Abilica_AirTrack_Home_300_1.jpg","width":1200,"height":1200},{"@type":"BreadcrumbList","@id":"https:\/\/abilica.com\/sv\/kondition\/airtracks-2\/abilica-airtrack-home-300-2\/#breadcrumb","itemListElement":[{"@type":"ListItem","position":1,"name":"Hem","item":"https:\/\/abilica.com\/sv\/"},{"@type":"ListItem","position":2,"name":"Produkter","item":"https:\/\/abilica.com\/sv\/shop\/"},{"@type":"ListItem","position":3,"name":"Abilica AirTrack Home 300"}]},{"@type":"WebSite","@id":"https:\/\/abilica.com\/#website","url":"https:\/\/abilica.com\/","name":"Abilica","description":"Abilica Home Training","potentialAction":[{"@type":"SearchAction","target":{"@type":"EntryPoint","urlTemplate":"https:\/\/abilica.com\/?s={search_term_string}"},"query-input":{"@type":"PropertyValueSpecification","valueRequired":true,"valueName":"search_term_string"}}],"inLanguage":"sv-SE"}]}},"_links":{"self":[{"href":"https:\/\/abilica.com\/sv\/wp-json\/wp\/v2\/product\/68369","targetHints":{"allow":["GET"]}}],"collection":[{"href":"https:\/\/abilica.com\/sv\/wp-json\/wp\/v2\/product"}],"about":[{"href":"https:\/\/abilica.com\/sv\/wp-json\/wp\/v2\/types\/product"}],"wp:featuredmedia":[{"embeddable":true,"href":"https:\/\/abilica.com\/sv\/wp-json\/wp\/v2\/media\/89068"}],"wp:attachment":[{"href":"https:\/\/abilica.com\/sv\/wp-json\/wp\/v2\/media?parent=68369"}],"wp:term":[{"taxonomy":"product_brand","embeddable":true,"href":"https:\/\/abilica.com\/sv\/wp-json\/wp\/v2\/product_brand?post=68369"},{"taxonomy":"product_cat","embeddable":true,"href":"https:\/\/abilica.com\/sv\/wp-json\/wp\/v2\/product_cat?post=68369"},{"taxonomy":"product_tag","embeddable":true,"href":"https:\/\/abilica.com\/sv\/wp-json\/wp\/v2\/product_tag?post=68369"}],"curies":[{"name":"wp","href":"https:\/\/api.w.org\/{rel}","templated":true}]}}