{"id":68591,"date":"2025-06-16T14:25:23","date_gmt":"2025-06-16T13:25:23","guid":{"rendered":"https:\/\/abilica.com\/?post_type=product&#038;p=68591"},"modified":"2025-10-20T11:02:07","modified_gmt":"2025-10-20T10:02:07","slug":"abilica-bumperplates-50-mm","status":"publish","type":"product","link":"https:\/\/abilica.com\/sv\/styrka\/skivor-och-stanger\/abilica-bumperplates-50-mm\/","title":{"rendered":"Abilica BumperPlates 50 mm"},"content":{"rendered":"<div class=\"wpb-content-wrapper\"><p>[vc_row][vc_column][vc_column_text]<strong>Abilica BumperPlates \u00e4r viktplattorna f\u00f6r dig som vill ha mycket solida och slitstarka bumperplattor f\u00f6r olympiska 50 mm-st\u00e4nger.<\/strong><\/p>\n<p>Abilica BumperPlates \u00e4r tillverkade av solid gummi med h\u00f6g densitet, med lika stor diameter p\u00e5 plattorna och designade f\u00f6r &#8221;dropping&#8221;. Abilica BumperPlates har testats f\u00f6r dropp 10 000 g\u00e5nger. Viktplattorna har ocks\u00e5 en skyddande, rostfri metallring runt mitth\u00e5let. Den f\u00e4rgade ringen och den f\u00e4rgade pr\u00e4glade logotypen och kilot g\u00f6r det mycket enkelt att identifiera r\u00e4tt vikt.<\/p>\n<p>Allt detta g\u00f6r Abilica BumperPlates s\u00e4rskilt l\u00e4mpliga f\u00f6r crossfittr\u00e4ning och andra typer av tr\u00e4ning som inneb\u00e4r att vikterna inte l\u00e4ggs undan prydligt efter anv\u00e4ndning, utan l\u00e5ter dem falla till marken.<\/p>\n<p>Vi rekommenderar Abilica Bumper WeightBar f\u00f6r anv\u00e4ndning med Abilica BumperPlates. Abilica BumperPlates passar lika bra i ett hemmagym som i ett f\u00f6retags- eller professionellt fitnesscenter. Du f\u00e5r optimala BumperPlates f\u00f6r bra tr\u00e4ningspass. S\u00e4ljs i st.<\/p>\n<p><strong>SPECIFIKATIONER<br \/>\n<\/strong>Skivdiameter: 45 cm<br \/>\nH\u00e5ldiameter: 50 mm<br \/>\nTjocklek:<br \/>\n5 kg; 2,6 cm<br \/>\n10 kg; 4,3 cm<br \/>\n15 kg; 6,4 cm<br \/>\n20 kg; 7,3 cm<br \/>\n25 kg; 8,2 cm<br \/>\nMaterial: Gummi, f\u00e4rgad silikonring, metallring i rostfritt st\u00e5l<br \/>\nH\u00e5rdhet: Durometer Shore-h\u00e5rdhet: 88-90A<br \/>\nVikttolerans: +\/- 1 %<br \/>\nDrop testad: 10 000 g\u00e5nger<\/p>\n<p>[\/vc_column_text][\/vc_column][\/vc_row]<\/p>\n<\/div>","protected":false},"excerpt":{"rendered":"<p>[vc_row][vc_column][vc_column_text]Abilica BumperPlates \u00e4r viktplattorna f\u00f6r dig som vill ha mycket solida och slitstarka bumperplattor f\u00f6r&#8230;<\/p>\n","protected":false},"featured_media":68585,"template":"","meta":{"_acf_changed":false},"product_brand":[],"product_cat":[474,471],"product_tag":[33,49,34],"class_list":{"0":"post-68591","1":"product","2":"type-product","3":"status-publish","4":"has-post-thumbnail","6":"product_cat-skivor-och-stanger","7":"product_cat-styrka","8":"product_tag-crossfit","9":"product_tag-premium","10":"product_tag-styrka","12":"first","13":"instock","14":"product-type-variable"},"acf":[],"yoast_head":"<!-- This site is optimized with the Yoast SEO Premium plugin v21.1 (Yoast SEO v25.4) - https:\/\/yoast.com\/wordpress\/plugins\/seo\/ -->\n<title>Abilica BumperPlates 50 mm Abilica<\/title>\n<meta name=\"robots\" content=\"index, follow, max-snippet:-1, max-image-preview:large, max-video-preview:-1\" \/>\n<link rel=\"canonical\" href=\"https:\/\/abilica.com\/sv\/styrka\/skivor-och-stanger\/abilica-bumperplates-50-mm\/\" \/>\n<meta property=\"og:locale\" content=\"sv_SE\" \/>\n<meta property=\"og:type\" content=\"article\" \/>\n<meta property=\"og:title\" content=\"Abilica BumperPlates 50 mm\" \/>\n<meta property=\"og:description\" content=\"[vc_row][vc_column][vc_column_text]Abilica BumperPlates \u00e4r viktplattorna f\u00f6r dig som vill ha mycket solida och slitstarka bumperplattor f\u00f6r...\" \/>\n<meta property=\"og:url\" content=\"https:\/\/abilica.com\/sv\/styrka\/skivor-och-stanger\/abilica-bumperplates-50-mm\/\" \/>\n<meta property=\"og:site_name\" content=\"Abilica\" \/>\n<meta property=\"article:publisher\" content=\"https:\/\/www.facebook.com\/abilicahometraining\/\" \/>\n<meta property=\"article:modified_time\" content=\"2025-10-20T10:02:07+00:00\" \/>\n<meta property=\"og:image\" content=\"https:\/\/abilica.com\/wp-content\/uploads\/2025\/06\/Abilica-BumperPlate_Family-1.jpg\" \/>\n\t<meta property=\"og:image:width\" content=\"1200\" \/>\n\t<meta property=\"og:image:height\" content=\"1200\" \/>\n\t<meta property=\"og:image:type\" content=\"image\/jpeg\" \/>\n<meta name=\"twitter:card\" content=\"summary_large_image\" \/>\n<meta name=\"twitter:label1\" content=\"Ber\u00e4knad l\u00e4stid\" \/>\n\t<meta name=\"twitter:data1\" content=\"1 minut\" \/>\n<script type=\"application\/ld+json\" class=\"yoast-schema-graph\">{\"@context\":\"https:\/\/schema.org\",\"@graph\":[{\"@type\":\"WebPage\",\"@id\":\"https:\/\/abilica.com\/sv\/styrka\/skivor-och-stanger\/abilica-bumperplates-50-mm\/\",\"url\":\"https:\/\/abilica.com\/sv\/styrka\/skivor-och-stanger\/abilica-bumperplates-50-mm\/\",\"name\":\"Abilica BumperPlates 50 mm Abilica\",\"isPartOf\":{\"@id\":\"https:\/\/abilica.com\/#website\"},\"primaryImageOfPage\":{\"@id\":\"https:\/\/abilica.com\/sv\/styrka\/skivor-och-stanger\/abilica-bumperplates-50-mm\/#primaryimage\"},\"image\":{\"@id\":\"https:\/\/abilica.com\/sv\/styrka\/skivor-och-stanger\/abilica-bumperplates-50-mm\/#primaryimage\"},\"thumbnailUrl\":\"https:\/\/abilica.com\/wp-content\/uploads\/2025\/06\/Abilica-BumperPlate_Family-1.jpg\",\"datePublished\":\"2025-06-16T13:25:23+00:00\",\"dateModified\":\"2025-10-20T10:02:07+00:00\",\"breadcrumb\":{\"@id\":\"https:\/\/abilica.com\/sv\/styrka\/skivor-och-stanger\/abilica-bumperplates-50-mm\/#breadcrumb\"},\"inLanguage\":\"sv-SE\",\"potentialAction\":[{\"@type\":\"ReadAction\",\"target\":[\"https:\/\/abilica.com\/sv\/styrka\/skivor-och-stanger\/abilica-bumperplates-50-mm\/\"]}]},{\"@type\":\"ImageObject\",\"inLanguage\":\"sv-SE\",\"@id\":\"https:\/\/abilica.com\/sv\/styrka\/skivor-och-stanger\/abilica-bumperplates-50-mm\/#primaryimage\",\"url\":\"https:\/\/abilica.com\/wp-content\/uploads\/2025\/06\/Abilica-BumperPlate_Family-1.jpg\",\"contentUrl\":\"https:\/\/abilica.com\/wp-content\/uploads\/2025\/06\/Abilica-BumperPlate_Family-1.jpg\",\"width\":1200,\"height\":1200},{\"@type\":\"BreadcrumbList\",\"@id\":\"https:\/\/abilica.com\/sv\/styrka\/skivor-och-stanger\/abilica-bumperplates-50-mm\/#breadcrumb\",\"itemListElement\":[{\"@type\":\"ListItem\",\"position\":1,\"name\":\"Hem\",\"item\":\"https:\/\/abilica.com\/sv\/\"},{\"@type\":\"ListItem\",\"position\":2,\"name\":\"Produkter\",\"item\":\"https:\/\/abilica.com\/sv\/shop\/\"},{\"@type\":\"ListItem\",\"position\":3,\"name\":\"Abilica BumperPlates 50 mm\"}]},{\"@type\":\"WebSite\",\"@id\":\"https:\/\/abilica.com\/#website\",\"url\":\"https:\/\/abilica.com\/\",\"name\":\"Abilica\",\"description\":\"Abilica Home Training\",\"potentialAction\":[{\"@type\":\"SearchAction\",\"target\":{\"@type\":\"EntryPoint\",\"urlTemplate\":\"https:\/\/abilica.com\/?s={search_term_string}\"},\"query-input\":{\"@type\":\"PropertyValueSpecification\",\"valueRequired\":true,\"valueName\":\"search_term_string\"}}],\"inLanguage\":\"sv-SE\"}]}<\/script>\n<!-- \/ Yoast SEO Premium plugin. -->","yoast_head_json":{"title":"Abilica BumperPlates 50 mm Abilica","robots":{"index":"index","follow":"follow","max-snippet":"max-snippet:-1","max-image-preview":"max-image-preview:large","max-video-preview":"max-video-preview:-1"},"canonical":"https:\/\/abilica.com\/sv\/styrka\/skivor-och-stanger\/abilica-bumperplates-50-mm\/","og_locale":"sv_SE","og_type":"article","og_title":"Abilica BumperPlates 50 mm","og_description":"[vc_row][vc_column][vc_column_text]Abilica BumperPlates \u00e4r viktplattorna f\u00f6r dig som vill ha mycket solida och slitstarka bumperplattor f\u00f6r...","og_url":"https:\/\/abilica.com\/sv\/styrka\/skivor-och-stanger\/abilica-bumperplates-50-mm\/","og_site_name":"Abilica","article_publisher":"https:\/\/www.facebook.com\/abilicahometraining\/","article_modified_time":"2025-10-20T10:02:07+00:00","og_image":[{"width":1200,"height":1200,"url":"https:\/\/abilica.com\/wp-content\/uploads\/2025\/06\/Abilica-BumperPlate_Family-1.jpg","type":"image\/jpeg"}],"twitter_card":"summary_large_image","twitter_misc":{"Ber\u00e4knad l\u00e4stid":"1 minut"},"schema":{"@context":"https:\/\/schema.org","@graph":[{"@type":"WebPage","@id":"https:\/\/abilica.com\/sv\/styrka\/skivor-och-stanger\/abilica-bumperplates-50-mm\/","url":"https:\/\/abilica.com\/sv\/styrka\/skivor-och-stanger\/abilica-bumperplates-50-mm\/","name":"Abilica BumperPlates 50 mm Abilica","isPartOf":{"@id":"https:\/\/abilica.com\/#website"},"primaryImageOfPage":{"@id":"https:\/\/abilica.com\/sv\/styrka\/skivor-och-stanger\/abilica-bumperplates-50-mm\/#primaryimage"},"image":{"@id":"https:\/\/abilica.com\/sv\/styrka\/skivor-och-stanger\/abilica-bumperplates-50-mm\/#primaryimage"},"thumbnailUrl":"https:\/\/abilica.com\/wp-content\/uploads\/2025\/06\/Abilica-BumperPlate_Family-1.jpg","datePublished":"2025-06-16T13:25:23+00:00","dateModified":"2025-10-20T10:02:07+00:00","breadcrumb":{"@id":"https:\/\/abilica.com\/sv\/styrka\/skivor-och-stanger\/abilica-bumperplates-50-mm\/#breadcrumb"},"inLanguage":"sv-SE","potentialAction":[{"@type":"ReadAction","target":["https:\/\/abilica.com\/sv\/styrka\/skivor-och-stanger\/abilica-bumperplates-50-mm\/"]}]},{"@type":"ImageObject","inLanguage":"sv-SE","@id":"https:\/\/abilica.com\/sv\/styrka\/skivor-och-stanger\/abilica-bumperplates-50-mm\/#primaryimage","url":"https:\/\/abilica.com\/wp-content\/uploads\/2025\/06\/Abilica-BumperPlate_Family-1.jpg","contentUrl":"https:\/\/abilica.com\/wp-content\/uploads\/2025\/06\/Abilica-BumperPlate_Family-1.jpg","width":1200,"height":1200},{"@type":"BreadcrumbList","@id":"https:\/\/abilica.com\/sv\/styrka\/skivor-och-stanger\/abilica-bumperplates-50-mm\/#breadcrumb","itemListElement":[{"@type":"ListItem","position":1,"name":"Hem","item":"https:\/\/abilica.com\/sv\/"},{"@type":"ListItem","position":2,"name":"Produkter","item":"https:\/\/abilica.com\/sv\/shop\/"},{"@type":"ListItem","position":3,"name":"Abilica BumperPlates 50 mm"}]},{"@type":"WebSite","@id":"https:\/\/abilica.com\/#website","url":"https:\/\/abilica.com\/","name":"Abilica","description":"Abilica Home Training","potentialAction":[{"@type":"SearchAction","target":{"@type":"EntryPoint","urlTemplate":"https:\/\/abilica.com\/?s={search_term_string}"},"query-input":{"@type":"PropertyValueSpecification","valueRequired":true,"valueName":"search_term_string"}}],"inLanguage":"sv-SE"}]}},"_links":{"self":[{"href":"https:\/\/abilica.com\/sv\/wp-json\/wp\/v2\/product\/68591","targetHints":{"allow":["GET"]}}],"collection":[{"href":"https:\/\/abilica.com\/sv\/wp-json\/wp\/v2\/product"}],"about":[{"href":"https:\/\/abilica.com\/sv\/wp-json\/wp\/v2\/types\/product"}],"wp:featuredmedia":[{"embeddable":true,"href":"https:\/\/abilica.com\/sv\/wp-json\/wp\/v2\/media\/68585"}],"wp:attachment":[{"href":"https:\/\/abilica.com\/sv\/wp-json\/wp\/v2\/media?parent=68591"}],"wp:term":[{"taxonomy":"product_brand","embeddable":true,"href":"https:\/\/abilica.com\/sv\/wp-json\/wp\/v2\/product_brand?post=68591"},{"taxonomy":"product_cat","embeddable":true,"href":"https:\/\/abilica.com\/sv\/wp-json\/wp\/v2\/product_cat?post=68591"},{"taxonomy":"product_tag","embeddable":true,"href":"https:\/\/abilica.com\/sv\/wp-json\/wp\/v2\/product_tag?post=68591"}],"curies":[{"name":"wp","href":"https:\/\/api.w.org\/{rel}","templated":true}]}}