{"id":68931,"date":"2025-08-19T11:52:43","date_gmt":"2025-08-19T10:52:43","guid":{"rendered":"https:\/\/abilica.com\/?post_type=product&#038;p=68931"},"modified":"2025-08-19T13:46:38","modified_gmt":"2025-08-19T12:46:38","slug":"abilica-walkpad-20","status":"publish","type":"product","link":"https:\/\/abilica.com\/sv\/kondition\/lopband\/abilica-walkpad-20\/","title":{"rendered":"Abilica WalkPad 20"},"content":{"rendered":"<p><b>Letar du efter en effektiv och utrymmesbesparande l\u00f6sning f\u00f6r att komma i b\u00e4ttre form?<br \/>\n<\/b>Abilica WalkPad 20 \u00e4r svaret! Det h\u00e4r moderna l\u00f6pbandet \u00e4r utformat f\u00f6r b\u00e5de promenader och l\u00e4tt jogging, med en maxhastighet p\u00e5 4 km\/h i promenadl\u00e4ge och hela 12 km\/h i l\u00f6pl\u00e4ge. Abilica WalkPad 20 \u00e4r utvecklad f\u00f6r den skandinaviska marknaden och har alla funktioner f\u00f6r s\u00e4ker och tillg\u00e4nglig aktivitet. Datoriserad med tids-, hastighets-, distans- och kalorif\u00f6rbrukningsindikering och m\u00f6jlighet att ansluta till appar ger den din tr\u00e4ning extra motivation och m\u00e5nga m\u00f6jligheter. Eller placera efter hand. Den kompletta l\u00f6pbr\u00e4dan (ej f\u00e4llbar) ger l\u00e5g ljudniv\u00e5 och god stabilitet, s\u00e5 den h\u00e4r modellen passar ocks\u00e5 bra att anv\u00e4nda framf\u00f6r TV:n. Med praktiskt taget ingen montering som kr\u00e4vs kan du komma ig\u00e5ng med din tr\u00e4ning snabbt och enkelt. Hjulen och den platsbesparande designen g\u00f6r den l\u00e4tt att f\u00f6rvara, t.ex. under s\u00e4ngen eller soffan, n\u00e4r den inte anv\u00e4nds. WalkPad 20 passar lika bra i vardagsrummet som i sovrummet eller p\u00e5 hemmakontoret. Vad s\u00e4gs om att ta en promenad medan du arbetar?<\/p>\n<p style=\"text-align: left;\">Viktiga egenskaper:<b><br \/>\nM\u00e5ngsidig tr\u00e4ning:<\/b>\u00a0Perfekt f\u00f6r b\u00e5de promenader och l\u00e4tt jogging.<br \/>\n<b>Kompakt design: <\/b>Endast 13 cm h\u00f6g n\u00e4r den \u00e4r hopf\u00e4lld &#8211; l\u00e4tt att f\u00f6rvara under soffan eller s\u00e4ngen.<b><br \/>\nKraftfull motor:<\/b>\u00a01,25 hk borstl\u00f6s motor f\u00f6r j\u00e4mn och tyst drift. Den borstl\u00f6sa motorn h\u00e5ller l\u00e4ngre \u00e4n en vanlig l\u00f6pbandsmotor.<b><br \/>\nSmart anslutning:<\/b>\u00a0Ansluts till appar f\u00f6r en mer interaktiv tr\u00e4ningsupplevelse.<b><br \/>\nS\u00e4kerhetsdetaljer: <\/b>Handtag (f\u00f6r k\u00f6rl\u00e4ge), s\u00e4kerhetsnyckel, bred fotplatta och full och l\u00e5ng l\u00f6pplatta.<b><br \/>\nL\u00e5g ljudniv\u00e5:<\/b>\u00a0G\u00e5ngplattan \u00e4r fast och inte vikbar, vilket minimerar ljudniv\u00e5n och \u00f6kar stabiliteten.<br \/>\n<b>L\u00e4tt att komma ig\u00e5ng med: <\/b>Ingen montering!<\/p>\n<div class=\"product-detail-description-text\">\n<p>G\u00e5ngband \u00e4r en stor trend, och med Abilica WalkPad 20 f\u00e5r du en tillr\u00e4ckligt l\u00e5ng l\u00f6pyta f\u00f6r att kunna jogga bekv\u00e4mt. Tillverkad i enlighet med den europeiska standarden EN957-6 som \u00e4r s\u00e4kerhetsstandarden f\u00f6r motoriserade l\u00f6pband.<\/p>\n<p>H\u00e5ll dig aktiv och frisk med den h\u00e4r innovativa tr\u00e4ningsl\u00f6sningen som passar perfekt i alla hem.<\/p>\n<p>G\u00f6r tr\u00e4ningen enkel och tillg\u00e4nglig &#8211; v\u00e4lj\u00a0Abilica WalkPad 20!<i><b><\/b><\/i><\/p>\n<p>G\u00e5 idag, spring imorgon.<\/p>\n<\/div>\n<div class=\"product-detail-properties\">\n<div class=\"row product-detail-properties-container\">\n<div class=\"col\"><\/div>\n<\/div>\n<\/div>\n<p><b>TEKNISK INFORMATION<br \/>\n<\/b>Max hastighet i joggningsl\u00e4ge: 12 km\/h<br \/>\nMax hastighet g\u00e5ngl\u00e4ge: 4 km\/h<br \/>\nMotor: 1,25 hk borstl\u00f6s<br \/>\nMaximal motoreffekt: 2,0 hk<br \/>\nMotortyp: DC<br \/>\nFj\u00e4rrkontroll: Ja (f\u00f6r g\u00e5ngl\u00e4ge)<br \/>\nH\u00e5llare f\u00f6r surfplatta: Ja<br \/>\nDator med: Tid, hastighet, distans och kalorif\u00f6rbrukning (indikering)<br \/>\nApp-anslutning: Ja<br \/>\nAppar: Fitshow, Kinomap, Zwift<br \/>\nM\u00e5tt p\u00e5 l\u00f6pband: 42 x 120 cm<br \/>\nMotoriserad lutning: Nej<br \/>\nLutningsniv\u00e5er: Ingen<br \/>\nF\u00e4llbar: Ja<br \/>\nTransporthjul: Ja<br \/>\nH\u00f6jd (golv-l\u00f6pyta): 10,5 &#8211; 12 cm<br \/>\nM\u00e5tt monterat: 144 x 77 x 127 cm (L x B x H)<br \/>\nM\u00e5tt hopf\u00e4lld: 150 x 77 x 13 cm (L x B x H)<br \/>\nProduktvikt: 36 kg<br \/>\nMax anv\u00e4ndarvikt: 100 kg<\/p>\n<p><em><a href=\"https:\/\/abilica.com\/wp-content\/uploads\/2025\/08\/Ab_Walkpad-20_240810.pdf\">Abilica WalkPad 20 Manual_Download PDF<\/a><\/em><\/p>\n<div style=\"width: 640px;\" class=\"wp-video\"><!--[if lt IE 9]><script>document.createElement('video');<\/script><![endif]-->\n<video class=\"wp-video-shortcode\" id=\"video-68931-1\" width=\"640\" height=\"360\" preload=\"metadata\" controls=\"controls\"><source type=\"video\/mp4\" src=\"https:\/\/abilica.com\/wp-content\/uploads\/2025\/08\/Abilica-WalkPad-Nett_Bredde.mp4?_=1\" \/><a href=\"https:\/\/abilica.com\/wp-content\/uploads\/2025\/08\/Abilica-WalkPad-Nett_Bredde.mp4\">https:\/\/abilica.com\/wp-content\/uploads\/2025\/08\/Abilica-WalkPad-Nett_Bredde.mp4<\/a><\/video><\/div>\n<p>&nbsp;<\/p>\n","protected":false},"excerpt":{"rendered":"<p>Letar du efter en effektiv och utrymmesbesparande l\u00f6sning f\u00f6r att komma i b\u00e4ttre form? Abilica&#8230;<\/p>\n","protected":false},"featured_media":68904,"template":"","meta":{"_acf_changed":false},"product_brand":[],"product_cat":[475,477],"product_tag":[],"class_list":{"0":"post-68931","1":"product","2":"type-product","3":"status-publish","4":"has-post-thumbnail","6":"product_cat-kondition","7":"product_cat-lopband","9":"first","10":"instock","11":"product-type-simple"},"acf":[],"yoast_head":"<!-- This site is optimized with the Yoast SEO Premium plugin v21.1 (Yoast SEO v25.4) - https:\/\/yoast.com\/wordpress\/plugins\/seo\/ -->\n<title>Abilica WalkPad 20 Abilica<\/title>\n<meta name=\"robots\" content=\"index, follow, max-snippet:-1, max-image-preview:large, max-video-preview:-1\" \/>\n<link rel=\"canonical\" href=\"https:\/\/abilica.com\/sv\/kondition\/lopband\/abilica-walkpad-20\/\" \/>\n<meta property=\"og:locale\" content=\"sv_SE\" \/>\n<meta property=\"og:type\" content=\"article\" \/>\n<meta property=\"og:title\" content=\"Abilica WalkPad 20\" \/>\n<meta property=\"og:description\" content=\"Letar du efter en effektiv och utrymmesbesparande l\u00f6sning f\u00f6r att komma i b\u00e4ttre form? Abilica...\" \/>\n<meta property=\"og:url\" content=\"https:\/\/abilica.com\/sv\/kondition\/lopband\/abilica-walkpad-20\/\" \/>\n<meta property=\"og:site_name\" content=\"Abilica\" \/>\n<meta property=\"article:publisher\" content=\"https:\/\/www.facebook.com\/abilicahometraining\/\" \/>\n<meta property=\"article:modified_time\" content=\"2025-08-19T12:46:38+00:00\" \/>\n<meta property=\"og:image\" content=\"https:\/\/abilica.com\/wp-content\/uploads\/2025\/08\/409487_Abilica-Walkpad-20_02.jpg\" \/>\n\t<meta property=\"og:image:width\" content=\"1200\" \/>\n\t<meta property=\"og:image:height\" content=\"1200\" \/>\n\t<meta property=\"og:image:type\" content=\"image\/jpeg\" \/>\n<meta name=\"twitter:card\" content=\"summary_large_image\" \/>\n<meta name=\"twitter:label1\" content=\"Ber\u00e4knad l\u00e4stid\" \/>\n\t<meta name=\"twitter:data1\" content=\"3 minuter\" \/>\n<script type=\"application\/ld+json\" class=\"yoast-schema-graph\">{\"@context\":\"https:\/\/schema.org\",\"@graph\":[{\"@type\":\"WebPage\",\"@id\":\"https:\/\/abilica.com\/sv\/kondition\/lopband\/abilica-walkpad-20\/\",\"url\":\"https:\/\/abilica.com\/sv\/kondition\/lopband\/abilica-walkpad-20\/\",\"name\":\"Abilica WalkPad 20 Abilica\",\"isPartOf\":{\"@id\":\"https:\/\/abilica.com\/#website\"},\"primaryImageOfPage\":{\"@id\":\"https:\/\/abilica.com\/sv\/kondition\/lopband\/abilica-walkpad-20\/#primaryimage\"},\"image\":{\"@id\":\"https:\/\/abilica.com\/sv\/kondition\/lopband\/abilica-walkpad-20\/#primaryimage\"},\"thumbnailUrl\":\"https:\/\/abilica.com\/wp-content\/uploads\/2025\/08\/409487_Abilica-Walkpad-20_02.jpg\",\"datePublished\":\"2025-08-19T10:52:43+00:00\",\"dateModified\":\"2025-08-19T12:46:38+00:00\",\"breadcrumb\":{\"@id\":\"https:\/\/abilica.com\/sv\/kondition\/lopband\/abilica-walkpad-20\/#breadcrumb\"},\"inLanguage\":\"sv-SE\",\"potentialAction\":[{\"@type\":\"ReadAction\",\"target\":[\"https:\/\/abilica.com\/sv\/kondition\/lopband\/abilica-walkpad-20\/\"]}]},{\"@type\":\"ImageObject\",\"inLanguage\":\"sv-SE\",\"@id\":\"https:\/\/abilica.com\/sv\/kondition\/lopband\/abilica-walkpad-20\/#primaryimage\",\"url\":\"https:\/\/abilica.com\/wp-content\/uploads\/2025\/08\/409487_Abilica-Walkpad-20_02.jpg\",\"contentUrl\":\"https:\/\/abilica.com\/wp-content\/uploads\/2025\/08\/409487_Abilica-Walkpad-20_02.jpg\",\"width\":1200,\"height\":1200},{\"@type\":\"BreadcrumbList\",\"@id\":\"https:\/\/abilica.com\/sv\/kondition\/lopband\/abilica-walkpad-20\/#breadcrumb\",\"itemListElement\":[{\"@type\":\"ListItem\",\"position\":1,\"name\":\"Hem\",\"item\":\"https:\/\/abilica.com\/sv\/\"},{\"@type\":\"ListItem\",\"position\":2,\"name\":\"Produkter\",\"item\":\"https:\/\/abilica.com\/sv\/shop\/\"},{\"@type\":\"ListItem\",\"position\":3,\"name\":\"Abilica WalkPad 20\"}]},{\"@type\":\"WebSite\",\"@id\":\"https:\/\/abilica.com\/#website\",\"url\":\"https:\/\/abilica.com\/\",\"name\":\"Abilica\",\"description\":\"Abilica Home Training\",\"potentialAction\":[{\"@type\":\"SearchAction\",\"target\":{\"@type\":\"EntryPoint\",\"urlTemplate\":\"https:\/\/abilica.com\/?s={search_term_string}\"},\"query-input\":{\"@type\":\"PropertyValueSpecification\",\"valueRequired\":true,\"valueName\":\"search_term_string\"}}],\"inLanguage\":\"sv-SE\"}]}<\/script>\n<!-- \/ Yoast SEO Premium plugin. -->","yoast_head_json":{"title":"Abilica WalkPad 20 Abilica","robots":{"index":"index","follow":"follow","max-snippet":"max-snippet:-1","max-image-preview":"max-image-preview:large","max-video-preview":"max-video-preview:-1"},"canonical":"https:\/\/abilica.com\/sv\/kondition\/lopband\/abilica-walkpad-20\/","og_locale":"sv_SE","og_type":"article","og_title":"Abilica WalkPad 20","og_description":"Letar du efter en effektiv och utrymmesbesparande l\u00f6sning f\u00f6r att komma i b\u00e4ttre form? Abilica...","og_url":"https:\/\/abilica.com\/sv\/kondition\/lopband\/abilica-walkpad-20\/","og_site_name":"Abilica","article_publisher":"https:\/\/www.facebook.com\/abilicahometraining\/","article_modified_time":"2025-08-19T12:46:38+00:00","og_image":[{"width":1200,"height":1200,"url":"https:\/\/abilica.com\/wp-content\/uploads\/2025\/08\/409487_Abilica-Walkpad-20_02.jpg","type":"image\/jpeg"}],"twitter_card":"summary_large_image","twitter_misc":{"Ber\u00e4knad l\u00e4stid":"3 minuter"},"schema":{"@context":"https:\/\/schema.org","@graph":[{"@type":"WebPage","@id":"https:\/\/abilica.com\/sv\/kondition\/lopband\/abilica-walkpad-20\/","url":"https:\/\/abilica.com\/sv\/kondition\/lopband\/abilica-walkpad-20\/","name":"Abilica WalkPad 20 Abilica","isPartOf":{"@id":"https:\/\/abilica.com\/#website"},"primaryImageOfPage":{"@id":"https:\/\/abilica.com\/sv\/kondition\/lopband\/abilica-walkpad-20\/#primaryimage"},"image":{"@id":"https:\/\/abilica.com\/sv\/kondition\/lopband\/abilica-walkpad-20\/#primaryimage"},"thumbnailUrl":"https:\/\/abilica.com\/wp-content\/uploads\/2025\/08\/409487_Abilica-Walkpad-20_02.jpg","datePublished":"2025-08-19T10:52:43+00:00","dateModified":"2025-08-19T12:46:38+00:00","breadcrumb":{"@id":"https:\/\/abilica.com\/sv\/kondition\/lopband\/abilica-walkpad-20\/#breadcrumb"},"inLanguage":"sv-SE","potentialAction":[{"@type":"ReadAction","target":["https:\/\/abilica.com\/sv\/kondition\/lopband\/abilica-walkpad-20\/"]}]},{"@type":"ImageObject","inLanguage":"sv-SE","@id":"https:\/\/abilica.com\/sv\/kondition\/lopband\/abilica-walkpad-20\/#primaryimage","url":"https:\/\/abilica.com\/wp-content\/uploads\/2025\/08\/409487_Abilica-Walkpad-20_02.jpg","contentUrl":"https:\/\/abilica.com\/wp-content\/uploads\/2025\/08\/409487_Abilica-Walkpad-20_02.jpg","width":1200,"height":1200},{"@type":"BreadcrumbList","@id":"https:\/\/abilica.com\/sv\/kondition\/lopband\/abilica-walkpad-20\/#breadcrumb","itemListElement":[{"@type":"ListItem","position":1,"name":"Hem","item":"https:\/\/abilica.com\/sv\/"},{"@type":"ListItem","position":2,"name":"Produkter","item":"https:\/\/abilica.com\/sv\/shop\/"},{"@type":"ListItem","position":3,"name":"Abilica WalkPad 20"}]},{"@type":"WebSite","@id":"https:\/\/abilica.com\/#website","url":"https:\/\/abilica.com\/","name":"Abilica","description":"Abilica Home Training","potentialAction":[{"@type":"SearchAction","target":{"@type":"EntryPoint","urlTemplate":"https:\/\/abilica.com\/?s={search_term_string}"},"query-input":{"@type":"PropertyValueSpecification","valueRequired":true,"valueName":"search_term_string"}}],"inLanguage":"sv-SE"}]}},"_links":{"self":[{"href":"https:\/\/abilica.com\/sv\/wp-json\/wp\/v2\/product\/68931","targetHints":{"allow":["GET"]}}],"collection":[{"href":"https:\/\/abilica.com\/sv\/wp-json\/wp\/v2\/product"}],"about":[{"href":"https:\/\/abilica.com\/sv\/wp-json\/wp\/v2\/types\/product"}],"wp:featuredmedia":[{"embeddable":true,"href":"https:\/\/abilica.com\/sv\/wp-json\/wp\/v2\/media\/68904"}],"wp:attachment":[{"href":"https:\/\/abilica.com\/sv\/wp-json\/wp\/v2\/media?parent=68931"}],"wp:term":[{"taxonomy":"product_brand","embeddable":true,"href":"https:\/\/abilica.com\/sv\/wp-json\/wp\/v2\/product_brand?post=68931"},{"taxonomy":"product_cat","embeddable":true,"href":"https:\/\/abilica.com\/sv\/wp-json\/wp\/v2\/product_cat?post=68931"},{"taxonomy":"product_tag","embeddable":true,"href":"https:\/\/abilica.com\/sv\/wp-json\/wp\/v2\/product_tag?post=68931"}],"curies":[{"name":"wp","href":"https:\/\/api.w.org\/{rel}","templated":true}]}}