{"id":69967,"date":"2025-11-03T08:49:46","date_gmt":"2025-11-03T07:49:46","guid":{"rendered":"https:\/\/abilica.com\/?post_type=product&#038;p=69967"},"modified":"2025-11-21T12:37:20","modified_gmt":"2025-11-21T11:37:20","slug":"abilica-xc-classic-2200","status":"publish","type":"product","link":"https:\/\/abilica.com\/sv\/kondition\/skidmaskin\/abilica-xc-classic-2200\/","title":{"rendered":"Abilica Premium XC-Classic 2200"},"content":{"rendered":"<div class=\"wpb-content-wrapper\"><p>[vc_row][vc_column][vc_column_text css=&#8221;&#8221; el_class=&#8221;product-video&#8221;]<\/p>\n<p style=\"text-align: center;\" data-start=\"149\" data-end=\"486\">Abilica Premium XC-Classic 2200 \u00e4r Abilicas nya toppmodell bland stakmaskiner! Den passar lika bra f\u00f6r den aktiva ut\u00f6varen hemma som p\u00e5 f\u00f6retagets gym. Detta \u00e4r den perfekta stakmaskinen f\u00f6r att f\u00f6rb\u00e4ttra konditionen och f\u00e5 varierad styrketr\u00e4ning \u2013 b\u00e5de inf\u00f6r skids\u00e4songen och f\u00f6r dig som vill ha effektiva HIIT-pass eller HYROX-tr\u00e4ning.<\/p>\n<p style=\"text-align: center;\" data-start=\"488\" data-end=\"573\">Den mycket solida st\u00e5lkonstruktionen ger utm\u00e4rkt stabilitet, \u00e4ven vid h\u00f6g intensitet.<\/p>\n<p style=\"text-align: center;\" data-start=\"575\" data-end=\"885\">Den unika kombinationen av luft- och magnetmotst\u00e5nd med tre Power Zones (Power Zone 1\u20133) g\u00f6r det m\u00f6jligt att variera tr\u00e4ningen fr\u00e5n l\u00e4tt till mycket tungt motst\u00e5nd \u2013 vilket simulerar branta och tunga backar. S\u00e4rskilt effektiv f\u00f6r dig som vill utveckla staktekniken eller \u00f6nskar en stakmaskin f\u00f6r styrketr\u00e4ning.<\/p>\n<p style=\"text-align: center;\" data-start=\"887\" data-end=\"953\">Med hela 16 motst\u00e5ndsniv\u00e5er kan du anpassa varje tr\u00e4ningspass:<\/p>\n<ul style=\"text-align: center;\" data-start=\"955\" data-end=\"1390\">\n<li data-start=\"955\" data-end=\"1101\"><strong data-start=\"957\" data-end=\"985\">Luftmotst\u00e5nd (niv\u00e5 1\u201310)<\/strong> ger en realistisk och mjuk k\u00e4nsla som f\u00f6ljer varje drag \u2013 perfekt f\u00f6r uppv\u00e4rmning, tekniktr\u00e4ning och uth\u00e5llighet.<\/li>\n<li data-start=\"1102\" data-end=\"1390\"><strong data-start=\"1104\" data-end=\"1142\">Luft + magnetmotst\u00e5nd (niv\u00e5 11\u201316)<\/strong> \u00e4r uppdelat i tre dynamiska Power Zones, s\u00e5 att du enkelt kan v\u00e4xla mellan styrkepass och maximal utmaning: <strong data-start=\"1257\" data-end=\"1276\">Power Zone 1\u20133:<\/strong> f\u00f6r \u00f6kat motst\u00e5nd som simulerar branta uppf\u00f6rsbackar, ryck eller fokus p\u00e5 att utveckla specifik styrka och kraft.Maskinen \u00e4r \u00e4ven perfekt f\u00f6r HIIT-pass med h\u00f6gt motst\u00e5nd och h\u00f6g intensitet, eller som en del av HYROX-tr\u00e4ningen.<\/li>\n<\/ul>\n<p>&nbsp;<\/p>\n<p>Abilica Premium XC-Classic 2200 levereras med b\u00e5de golvplattform och v\u00e4ggf\u00e4ste, s\u00e5 att du kan v\u00e4lja det som passar dig b\u00e4st. Golvplattformen i tr\u00e4 med halkskydd har hjul f\u00f6r enkel f\u00f6rflyttning. Har du begr\u00e4nsat utrymme kan den \u00e4ven monteras direkt p\u00e5 v\u00e4ggen.<\/p>\n<p>Datorn har en layout som ger mycket god \u00f6versikt \u00f6ver alla v\u00e4rden som beh\u00f6vs under ett tr\u00e4ningspass. Med de nya genomsnittsm\u00e4tningarna blir det \u00e4nnu enklare att m\u00e4ta effekt och hastighet under tr\u00e4ningen. Med bra anpassningsm\u00f6jligheter f\u00f6r b\u00e5de nedr\u00e4kning och intervalltr\u00e4ning blir denna dator en riktig motivationsh\u00f6jare.<\/p>\n<p>N\u00e4r du avslutat ett program visar datorn en tydlig \u00f6versikt \u00f6ver ditt tr\u00e4ningspass, som ocks\u00e5 sparas i \u201dmemory\u201d-funktionen. Datorn kan dessutom kopplas till apparna Kinomap f\u00f6r fler tr\u00e4ningsprogram och D-Fit f\u00f6r loggning av tr\u00e4ningspass. Ovanf\u00f6r datorn finns \u00e4ven en praktisk mobilh\u00e5llare.<\/p>\n<p data-start=\"136\" data-end=\"401\"><strong>Specifikationer<\/strong><br \/>\nMotst\u00e5nd: Luft och magnet<br data-start=\"165\" data-end=\"168\" \/>Motst\u00e5ndsniv\u00e5er: 16 (10 med luft och 6 med magnet f\u00f6rdelade p\u00e5 3 Power Zones)<br data-start=\"249\" data-end=\"252\" \/>Power Zone: 1\u20133 f\u00f6r extra motst\u00e5nd<br data-start=\"290\" data-end=\"293\" \/>Str\u00f6mf\u00f6rs\u00f6rjning: Nej, 2 st batterier<br data-start=\"334\" data-end=\"337\" \/>Mobilh\u00e5llare: Ja<br data-start=\"357\" data-end=\"360\" \/>Transporthjul: Ja, p\u00e5 golvplattform<\/p>\n<p data-start=\"403\" data-end=\"414\">M\u00e5tt:<br \/>\nUppmonterad med golvplattform: 218 x 59 x 126 cm (H x B x D)<br \/>\nF\u00f6r v\u00e4ggmontering: 215 x 46 x 39,5 cm (H x B x D)<\/p>\n<p data-start=\"535\" data-end=\"546\">Vikt:<br \/>\nTotal vikt med golvplattform: ca 55 kg<br \/>\nStakmaskin: 39,6 kg<br \/>\nGolvplattform: 15,5 kg<\/p>\n<p data-start=\"535\" data-end=\"546\"><strong>Datorspecifikationer<br \/>\n<\/strong>Tid och datum<br \/>\nTotal meter och uppskattad total meter\/30 min<br \/>\nTid, uppskattad tid p\u00e5 500 meter och genomsnittlig tid per 500 meter<br \/>\nDrag per minut och totalt drag<br \/>\nKalorier och uppskattade kalorier\/60 min<br \/>\nWatt och genomsnittlig watt<br \/>\nIntervalltr\u00e4ning: Tid, distans och kalorier<br \/>\nNedr\u00e4kning: Tid, distans och kalorier<br \/>\nKan kopplas till appar: Kinomap och D-Fit<strong><br \/>\n<\/strong>Puls kompatibel med 5.3 kHz pulsband (pulsband medf\u00f6ljer ej)<br \/>\nMemory mode \u2013 sparar tidigare tr\u00e4ningspass<\/p>\n<div style=\"width: 640px;\" class=\"wp-video\"><!--[if lt IE 9]><script>document.createElement('video');<\/script><![endif]-->\n<video class=\"wp-video-shortcode\" id=\"video-69967-1\" width=\"640\" height=\"360\" poster=\"https:\/\/abilica.com\/wp-content\/uploads\/2025\/11\/416144_XC-Classic-2200_70.jpg\" preload=\"metadata\" controls=\"controls\"><source type=\"video\/mp4\" src=\"https:\/\/abilica.com\/wp-content\/uploads\/2025\/11\/Abilica-Premium-XC-Classic-2200_Nett_Bredde.mp4?_=1\" \/><a href=\"https:\/\/abilica.com\/wp-content\/uploads\/2025\/11\/Abilica-Premium-XC-Classic-2200_Nett_Bredde.mp4\">https:\/\/abilica.com\/wp-content\/uploads\/2025\/11\/Abilica-Premium-XC-Classic-2200_Nett_Bredde.mp4<\/a><\/video><\/div>\n<p>[\/vc_column_text][\/vc_column][\/vc_row]<\/p>\n<\/div>","protected":false},"excerpt":{"rendered":"<p>[vc_row][vc_column][vc_column_text css=&#8221;&#8221; el_class=&#8221;product-video&#8221;] Abilica Premium XC-Classic 2200 \u00e4r Abilicas nya toppmodell bland stakmaskiner! Den passar&#8230;<\/p>\n","protected":false},"featured_media":69935,"template":"","meta":{"_acf_changed":false},"product_brand":[],"product_cat":[475,514],"product_tag":[176,49],"class_list":{"0":"post-69967","1":"product","2":"type-product","3":"status-publish","4":"has-post-thumbnail","6":"product_cat-kondition","7":"product_cat-skidmaskin","8":"product_tag-klaebo-collection","9":"product_tag-premium","11":"first","12":"instock","13":"product-type-simple"},"acf":[],"yoast_head":"<!-- This site is optimized with the Yoast SEO Premium plugin v21.1 (Yoast SEO v25.4) - https:\/\/yoast.com\/wordpress\/plugins\/seo\/ -->\n<title>Abilica Premium XC-Classic 2200 Abilica<\/title>\n<meta name=\"robots\" content=\"index, follow, max-snippet:-1, max-image-preview:large, max-video-preview:-1\" \/>\n<link rel=\"canonical\" href=\"https:\/\/abilica.com\/sv\/kondition\/skidmaskin\/abilica-xc-classic-2200\/\" \/>\n<meta property=\"og:locale\" content=\"sv_SE\" \/>\n<meta property=\"og:type\" content=\"article\" \/>\n<meta property=\"og:title\" content=\"Abilica Premium XC-Classic 2200\" \/>\n<meta property=\"og:description\" content=\"[vc_row][vc_column][vc_column_text css=&#8221;&#8221; el_class=&#8221;product-video&#8221;] Abilica Premium XC-Classic 2200 \u00e4r Abilicas nya toppmodell bland stakmaskiner! Den passar...\" \/>\n<meta property=\"og:url\" content=\"https:\/\/abilica.com\/sv\/kondition\/skidmaskin\/abilica-xc-classic-2200\/\" \/>\n<meta property=\"og:site_name\" content=\"Abilica\" \/>\n<meta property=\"article:publisher\" content=\"https:\/\/www.facebook.com\/abilicahometraining\/\" \/>\n<meta property=\"article:modified_time\" content=\"2025-11-21T11:37:20+00:00\" \/>\n<meta property=\"og:image\" content=\"https:\/\/abilica.com\/wp-content\/uploads\/2025\/11\/416144_Abilica-Premium-XC-Classic-2200_02.jpg\" \/>\n\t<meta property=\"og:image:width\" content=\"1200\" \/>\n\t<meta property=\"og:image:height\" content=\"1200\" \/>\n\t<meta property=\"og:image:type\" content=\"image\/jpeg\" \/>\n<meta name=\"twitter:card\" content=\"summary_large_image\" \/>\n<meta name=\"twitter:label1\" content=\"Ber\u00e4knad l\u00e4stid\" \/>\n\t<meta name=\"twitter:data1\" content=\"3 minuter\" \/>\n<script type=\"application\/ld+json\" class=\"yoast-schema-graph\">{\"@context\":\"https:\/\/schema.org\",\"@graph\":[{\"@type\":\"WebPage\",\"@id\":\"https:\/\/abilica.com\/sv\/kondition\/skidmaskin\/abilica-xc-classic-2200\/\",\"url\":\"https:\/\/abilica.com\/sv\/kondition\/skidmaskin\/abilica-xc-classic-2200\/\",\"name\":\"Abilica Premium XC-Classic 2200 Abilica\",\"isPartOf\":{\"@id\":\"https:\/\/abilica.com\/#website\"},\"primaryImageOfPage\":{\"@id\":\"https:\/\/abilica.com\/sv\/kondition\/skidmaskin\/abilica-xc-classic-2200\/#primaryimage\"},\"image\":{\"@id\":\"https:\/\/abilica.com\/sv\/kondition\/skidmaskin\/abilica-xc-classic-2200\/#primaryimage\"},\"thumbnailUrl\":\"https:\/\/abilica.com\/wp-content\/uploads\/2025\/11\/416144_Abilica-Premium-XC-Classic-2200_02.jpg\",\"datePublished\":\"2025-11-03T07:49:46+00:00\",\"dateModified\":\"2025-11-21T11:37:20+00:00\",\"breadcrumb\":{\"@id\":\"https:\/\/abilica.com\/sv\/kondition\/skidmaskin\/abilica-xc-classic-2200\/#breadcrumb\"},\"inLanguage\":\"sv-SE\",\"potentialAction\":[{\"@type\":\"ReadAction\",\"target\":[\"https:\/\/abilica.com\/sv\/kondition\/skidmaskin\/abilica-xc-classic-2200\/\"]}]},{\"@type\":\"ImageObject\",\"inLanguage\":\"sv-SE\",\"@id\":\"https:\/\/abilica.com\/sv\/kondition\/skidmaskin\/abilica-xc-classic-2200\/#primaryimage\",\"url\":\"https:\/\/abilica.com\/wp-content\/uploads\/2025\/11\/416144_Abilica-Premium-XC-Classic-2200_02.jpg\",\"contentUrl\":\"https:\/\/abilica.com\/wp-content\/uploads\/2025\/11\/416144_Abilica-Premium-XC-Classic-2200_02.jpg\",\"width\":1200,\"height\":1200},{\"@type\":\"BreadcrumbList\",\"@id\":\"https:\/\/abilica.com\/sv\/kondition\/skidmaskin\/abilica-xc-classic-2200\/#breadcrumb\",\"itemListElement\":[{\"@type\":\"ListItem\",\"position\":1,\"name\":\"Hem\",\"item\":\"https:\/\/abilica.com\/sv\/\"},{\"@type\":\"ListItem\",\"position\":2,\"name\":\"Produkter\",\"item\":\"https:\/\/abilica.com\/sv\/shop\/\"},{\"@type\":\"ListItem\",\"position\":3,\"name\":\"Abilica Premium XC-Classic 2200\"}]},{\"@type\":\"WebSite\",\"@id\":\"https:\/\/abilica.com\/#website\",\"url\":\"https:\/\/abilica.com\/\",\"name\":\"Abilica\",\"description\":\"Abilica Home Training\",\"potentialAction\":[{\"@type\":\"SearchAction\",\"target\":{\"@type\":\"EntryPoint\",\"urlTemplate\":\"https:\/\/abilica.com\/?s={search_term_string}\"},\"query-input\":{\"@type\":\"PropertyValueSpecification\",\"valueRequired\":true,\"valueName\":\"search_term_string\"}}],\"inLanguage\":\"sv-SE\"}]}<\/script>\n<!-- \/ Yoast SEO Premium plugin. -->","yoast_head_json":{"title":"Abilica Premium XC-Classic 2200 Abilica","robots":{"index":"index","follow":"follow","max-snippet":"max-snippet:-1","max-image-preview":"max-image-preview:large","max-video-preview":"max-video-preview:-1"},"canonical":"https:\/\/abilica.com\/sv\/kondition\/skidmaskin\/abilica-xc-classic-2200\/","og_locale":"sv_SE","og_type":"article","og_title":"Abilica Premium XC-Classic 2200","og_description":"[vc_row][vc_column][vc_column_text css=&#8221;&#8221; el_class=&#8221;product-video&#8221;] Abilica Premium XC-Classic 2200 \u00e4r Abilicas nya toppmodell bland stakmaskiner! Den passar...","og_url":"https:\/\/abilica.com\/sv\/kondition\/skidmaskin\/abilica-xc-classic-2200\/","og_site_name":"Abilica","article_publisher":"https:\/\/www.facebook.com\/abilicahometraining\/","article_modified_time":"2025-11-21T11:37:20+00:00","og_image":[{"width":1200,"height":1200,"url":"https:\/\/abilica.com\/wp-content\/uploads\/2025\/11\/416144_Abilica-Premium-XC-Classic-2200_02.jpg","type":"image\/jpeg"}],"twitter_card":"summary_large_image","twitter_misc":{"Ber\u00e4knad l\u00e4stid":"3 minuter"},"schema":{"@context":"https:\/\/schema.org","@graph":[{"@type":"WebPage","@id":"https:\/\/abilica.com\/sv\/kondition\/skidmaskin\/abilica-xc-classic-2200\/","url":"https:\/\/abilica.com\/sv\/kondition\/skidmaskin\/abilica-xc-classic-2200\/","name":"Abilica Premium XC-Classic 2200 Abilica","isPartOf":{"@id":"https:\/\/abilica.com\/#website"},"primaryImageOfPage":{"@id":"https:\/\/abilica.com\/sv\/kondition\/skidmaskin\/abilica-xc-classic-2200\/#primaryimage"},"image":{"@id":"https:\/\/abilica.com\/sv\/kondition\/skidmaskin\/abilica-xc-classic-2200\/#primaryimage"},"thumbnailUrl":"https:\/\/abilica.com\/wp-content\/uploads\/2025\/11\/416144_Abilica-Premium-XC-Classic-2200_02.jpg","datePublished":"2025-11-03T07:49:46+00:00","dateModified":"2025-11-21T11:37:20+00:00","breadcrumb":{"@id":"https:\/\/abilica.com\/sv\/kondition\/skidmaskin\/abilica-xc-classic-2200\/#breadcrumb"},"inLanguage":"sv-SE","potentialAction":[{"@type":"ReadAction","target":["https:\/\/abilica.com\/sv\/kondition\/skidmaskin\/abilica-xc-classic-2200\/"]}]},{"@type":"ImageObject","inLanguage":"sv-SE","@id":"https:\/\/abilica.com\/sv\/kondition\/skidmaskin\/abilica-xc-classic-2200\/#primaryimage","url":"https:\/\/abilica.com\/wp-content\/uploads\/2025\/11\/416144_Abilica-Premium-XC-Classic-2200_02.jpg","contentUrl":"https:\/\/abilica.com\/wp-content\/uploads\/2025\/11\/416144_Abilica-Premium-XC-Classic-2200_02.jpg","width":1200,"height":1200},{"@type":"BreadcrumbList","@id":"https:\/\/abilica.com\/sv\/kondition\/skidmaskin\/abilica-xc-classic-2200\/#breadcrumb","itemListElement":[{"@type":"ListItem","position":1,"name":"Hem","item":"https:\/\/abilica.com\/sv\/"},{"@type":"ListItem","position":2,"name":"Produkter","item":"https:\/\/abilica.com\/sv\/shop\/"},{"@type":"ListItem","position":3,"name":"Abilica Premium XC-Classic 2200"}]},{"@type":"WebSite","@id":"https:\/\/abilica.com\/#website","url":"https:\/\/abilica.com\/","name":"Abilica","description":"Abilica Home Training","potentialAction":[{"@type":"SearchAction","target":{"@type":"EntryPoint","urlTemplate":"https:\/\/abilica.com\/?s={search_term_string}"},"query-input":{"@type":"PropertyValueSpecification","valueRequired":true,"valueName":"search_term_string"}}],"inLanguage":"sv-SE"}]}},"_links":{"self":[{"href":"https:\/\/abilica.com\/sv\/wp-json\/wp\/v2\/product\/69967","targetHints":{"allow":["GET"]}}],"collection":[{"href":"https:\/\/abilica.com\/sv\/wp-json\/wp\/v2\/product"}],"about":[{"href":"https:\/\/abilica.com\/sv\/wp-json\/wp\/v2\/types\/product"}],"wp:featuredmedia":[{"embeddable":true,"href":"https:\/\/abilica.com\/sv\/wp-json\/wp\/v2\/media\/69935"}],"wp:attachment":[{"href":"https:\/\/abilica.com\/sv\/wp-json\/wp\/v2\/media?parent=69967"}],"wp:term":[{"taxonomy":"product_brand","embeddable":true,"href":"https:\/\/abilica.com\/sv\/wp-json\/wp\/v2\/product_brand?post=69967"},{"taxonomy":"product_cat","embeddable":true,"href":"https:\/\/abilica.com\/sv\/wp-json\/wp\/v2\/product_cat?post=69967"},{"taxonomy":"product_tag","embeddable":true,"href":"https:\/\/abilica.com\/sv\/wp-json\/wp\/v2\/product_tag?post=69967"}],"curies":[{"name":"wp","href":"https:\/\/api.w.org\/{rel}","templated":true}]}}