{"id":69998,"date":"2025-11-03T09:29:19","date_gmt":"2025-11-03T08:29:19","guid":{"rendered":"https:\/\/abilica.com\/?post_type=product&#038;p=69998"},"modified":"2025-11-21T13:14:05","modified_gmt":"2025-11-21T12:14:05","slug":"abilica-premium-rower-95","status":"publish","type":"product","link":"https:\/\/abilica.com\/sv\/kondition\/roddmaskiner\/abilica-premium-rower-95\/","title":{"rendered":"Abilica Premium Rower 95"},"content":{"rendered":"<div class=\"wpb-content-wrapper\"><p>[vc_row][vc_column][vc_column_text css=&#8221;&#8221; el_class=&#8221;product-video&#8221;]<\/p>\n<p data-start=\"116\" data-end=\"385\">Abilica Premium Rower 95 \u00e4r Abilicas nya kraftfulla toppmodell bland roddmaskiner, full av funktioner som tar din tr\u00e4ning till n\u00e4sta niv\u00e5. Den robusta ramen och de uppgraderade komponenterna g\u00f6r att den passar lika bra f\u00f6r den aktiva atleten som i f\u00f6retagets gym.<\/p>\n<p data-start=\"387\" data-end=\"916\">Kombinationen av luft- och magnetmotst\u00e5nd ger dig b\u00e5de den mjuka k\u00e4nslan fr\u00e5n magnetmotst\u00e5ndet och den kr\u00e4vande intensiteten fr\u00e5n luftmotst\u00e5ndet. Dessutom har Abilica Premium Rower 95 tre Power Zones (Power Zone 1\u20133) som \u00f6kar motst\u00e5ndet vid HIIT-tr\u00e4ning, snabba drag eller pass med fokus p\u00e5 att utveckla styrka och explosivitet. Tillsammans g\u00f6r detta Abilica Premium Rower 95 till en riktig kraftmaskin f\u00f6r dig som vill ha det lilla extra och pressa dig bortom dina gr\u00e4nser. Perfekt f\u00f6r exempelvis CrossFit eller HYROX-tr\u00e4ning.<\/p>\n<p data-start=\"918\" data-end=\"1394\">Datorn ger dig en tydlig \u00f6versikt \u00f6ver alla v\u00e4rden du beh\u00f6ver under tr\u00e4ningspasset. Med funktioner f\u00f6r nedr\u00e4kning och intervalltr\u00e4ning blir den en garanterad motivationsh\u00f6jare. Du kan \u00e4ven st\u00e4lla in m\u00e5l f\u00f6r passet i f\u00f6rv\u00e4g och f\u00e5 en tydlig sammanfattning efter\u00e5t. Datorn kan dessutom kopplas till appar \u2013 till exempel Kinomap om du vill ro till tr\u00e4ningsvideor, eller D-Fit f\u00f6r loggning av tr\u00e4ningspass. Ovanf\u00f6r datorn finns \u00e4ven en praktisk h\u00e5llare f\u00f6r mobiltelefon.<\/p>\n<p data-start=\"1396\" data-end=\"1679\">Med ett greppv\u00e4nligt handtag, ergonomiskt s\u00e4te och en robust aluminiumsskena f\u00e5r du en mjuk och naturlig roddupplevelse. Pedalerna kan justeras i sju olika niv\u00e5er f\u00f6r b\u00e4sta individuella anpassning. Roddmaskinen har transporthjul framtill, vilket g\u00f6r den enkel att flytta vid behov.<\/p>\n<p data-start=\"1681\" data-end=\"1778\" data-is-last-node=\"\" data-is-only-node=\"\">Abilica Premium Rower 95 v\u00e4ger cirka 47 kg och har en maximal anv\u00e4ndarvikt p\u00e5 160 kg.<\/p>\n<p data-start=\"80\" data-end=\"460\"><strong data-start=\"80\" data-end=\"93\">Specifikationer<br \/>\n<\/strong>Motst\u00e5nd: Luft och magnet<br data-start=\"109\" data-end=\"112\" \/>Motst\u00e5ndsniv\u00e5er: 16 (10 med luft och 6 med magnet, f\u00f6rdelade \u00f6ver 3 Power Zones)<br data-start=\"196\" data-end=\"199\" \/>Power Zone: 1\u20133 f\u00f6r extra motst\u00e5nd<br data-start=\"237\" data-end=\"240\" \/>Transporthjul: Ja<br data-start=\"261\" data-end=\"264\" \/>H\u00e5llare f\u00f6r mobil: Ja<br data-start=\"300\" data-end=\"303\" \/>M\u00e5tt uppst\u00e4lld: 240 x 63 x 120 cm (L x B x H)<br data-start=\"352\" data-end=\"355\" \/>M\u00e5tt vid f\u00f6rvaring: Kan delas i tv\u00e5 delar<br data-start=\"400\" data-end=\"403\" \/>Produktvikt: 46,6 kg<br data-start=\"427\" data-end=\"430\" \/>Max anv\u00e4ndarvikt: 160 kg<\/p>\n<p><strong>Specifikationer dator<\/strong><br \/>\nTid och datum<br \/>\nTotal distans och ber\u00e4knad total distans\/30 min<br \/>\nTid, ber\u00e4knad tid per 500 m och genomsnittlig tid per 500 m<br \/>\nTag per minut och totalt antal tag<br \/>\nKalorier och ber\u00e4knade kalorier\/60 min<br \/>\nWatt och genomsnittlig watt<br \/>\nIntervalltr\u00e4ning: tid, distans, kalorier<br \/>\nNedr\u00e4kning: tid, distans, kalorier<br \/>\nKan anslutas till appar<br \/>\nPuls kompatibel med 5,3 kHz br\u00f6stb\u00e4lte (pulsb\u00e4lte ing\u00e5r ej)<br \/>\nMinnesfunktion<br \/>\nSammanfattningsfunktion<br \/>\nBatterier ing\u00e5r ej<br \/>\nStorlek dator: 18 x 15 x 6,5 cm (L x B x H)<br \/>\nSk\u00e4rmstorlek: 5,5&#8243; display<\/p>\n<div style=\"width: 640px;\" class=\"wp-video\"><!--[if lt IE 9]><script>document.createElement('video');<\/script><![endif]-->\n<video class=\"wp-video-shortcode\" id=\"video-69998-1\" width=\"640\" height=\"360\" poster=\"https:\/\/abilica.com\/wp-content\/uploads\/2025\/11\/415719_Rower-95_30-1.jpg\" preload=\"metadata\" controls=\"controls\"><source type=\"video\/mp4\" src=\"https:\/\/abilica.com\/wp-content\/uploads\/2025\/11\/Abilica-Premium-Rower-95_Nett_Bredde.mp4?_=1\" \/><a href=\"https:\/\/abilica.com\/wp-content\/uploads\/2025\/11\/Abilica-Premium-Rower-95_Nett_Bredde.mp4\">https:\/\/abilica.com\/wp-content\/uploads\/2025\/11\/Abilica-Premium-Rower-95_Nett_Bredde.mp4<\/a><\/video><\/div>\n<p>[\/vc_column_text][\/vc_column][\/vc_row]<\/p>\n<\/div>","protected":false},"excerpt":{"rendered":"<p>[vc_row][vc_column][vc_column_text css=&#8221;&#8221; el_class=&#8221;product-video&#8221;] Abilica Premium Rower 95 \u00e4r Abilicas nya kraftfulla toppmodell bland roddmaskiner, full&#8230;<\/p>\n","protected":false},"featured_media":69978,"template":"","meta":{"_acf_changed":false},"product_brand":[],"product_cat":[475,494],"product_tag":[49],"class_list":{"0":"post-69998","1":"product","2":"type-product","3":"status-publish","4":"has-post-thumbnail","6":"product_cat-kondition","7":"product_cat-roddmaskiner","8":"product_tag-premium","10":"first","11":"outofstock","12":"product-type-simple"},"acf":[],"yoast_head":"<!-- This site is optimized with the Yoast SEO Premium plugin v21.1 (Yoast SEO v25.4) - https:\/\/yoast.com\/wordpress\/plugins\/seo\/ -->\n<title>Abilica Premium Rower 95 Abilica<\/title>\n<meta name=\"robots\" content=\"index, follow, max-snippet:-1, max-image-preview:large, max-video-preview:-1\" \/>\n<link rel=\"canonical\" href=\"https:\/\/abilica.com\/sv\/kondition\/roddmaskiner\/abilica-premium-rower-95\/\" \/>\n<meta property=\"og:locale\" content=\"sv_SE\" \/>\n<meta property=\"og:type\" content=\"article\" \/>\n<meta property=\"og:title\" content=\"Abilica Premium Rower 95\" \/>\n<meta property=\"og:description\" content=\"[vc_row][vc_column][vc_column_text css=&#8221;&#8221; el_class=&#8221;product-video&#8221;] Abilica Premium Rower 95 \u00e4r Abilicas nya kraftfulla toppmodell bland roddmaskiner, full...\" \/>\n<meta property=\"og:url\" content=\"https:\/\/abilica.com\/sv\/kondition\/roddmaskiner\/abilica-premium-rower-95\/\" \/>\n<meta property=\"og:site_name\" content=\"Abilica\" \/>\n<meta property=\"article:publisher\" content=\"https:\/\/www.facebook.com\/abilicahometraining\/\" \/>\n<meta property=\"article:modified_time\" content=\"2025-11-21T12:14:05+00:00\" \/>\n<meta property=\"og:image\" content=\"https:\/\/abilica.com\/wp-content\/uploads\/2025\/11\/415719_Abilica-Premium-Rower-95_03.jpg\" \/>\n\t<meta property=\"og:image:width\" content=\"1200\" \/>\n\t<meta property=\"og:image:height\" content=\"1200\" \/>\n\t<meta property=\"og:image:type\" content=\"image\/jpeg\" \/>\n<meta name=\"twitter:card\" content=\"summary_large_image\" \/>\n<meta name=\"twitter:label1\" content=\"Ber\u00e4knad l\u00e4stid\" \/>\n\t<meta name=\"twitter:data1\" content=\"2 minuter\" \/>\n<script type=\"application\/ld+json\" class=\"yoast-schema-graph\">{\"@context\":\"https:\/\/schema.org\",\"@graph\":[{\"@type\":\"WebPage\",\"@id\":\"https:\/\/abilica.com\/sv\/kondition\/roddmaskiner\/abilica-premium-rower-95\/\",\"url\":\"https:\/\/abilica.com\/sv\/kondition\/roddmaskiner\/abilica-premium-rower-95\/\",\"name\":\"Abilica Premium Rower 95 Abilica\",\"isPartOf\":{\"@id\":\"https:\/\/abilica.com\/#website\"},\"primaryImageOfPage\":{\"@id\":\"https:\/\/abilica.com\/sv\/kondition\/roddmaskiner\/abilica-premium-rower-95\/#primaryimage\"},\"image\":{\"@id\":\"https:\/\/abilica.com\/sv\/kondition\/roddmaskiner\/abilica-premium-rower-95\/#primaryimage\"},\"thumbnailUrl\":\"https:\/\/abilica.com\/wp-content\/uploads\/2025\/11\/415719_Abilica-Premium-Rower-95_03.jpg\",\"datePublished\":\"2025-11-03T08:29:19+00:00\",\"dateModified\":\"2025-11-21T12:14:05+00:00\",\"breadcrumb\":{\"@id\":\"https:\/\/abilica.com\/sv\/kondition\/roddmaskiner\/abilica-premium-rower-95\/#breadcrumb\"},\"inLanguage\":\"sv-SE\",\"potentialAction\":[{\"@type\":\"ReadAction\",\"target\":[\"https:\/\/abilica.com\/sv\/kondition\/roddmaskiner\/abilica-premium-rower-95\/\"]}]},{\"@type\":\"ImageObject\",\"inLanguage\":\"sv-SE\",\"@id\":\"https:\/\/abilica.com\/sv\/kondition\/roddmaskiner\/abilica-premium-rower-95\/#primaryimage\",\"url\":\"https:\/\/abilica.com\/wp-content\/uploads\/2025\/11\/415719_Abilica-Premium-Rower-95_03.jpg\",\"contentUrl\":\"https:\/\/abilica.com\/wp-content\/uploads\/2025\/11\/415719_Abilica-Premium-Rower-95_03.jpg\",\"width\":1200,\"height\":1200},{\"@type\":\"BreadcrumbList\",\"@id\":\"https:\/\/abilica.com\/sv\/kondition\/roddmaskiner\/abilica-premium-rower-95\/#breadcrumb\",\"itemListElement\":[{\"@type\":\"ListItem\",\"position\":1,\"name\":\"Hem\",\"item\":\"https:\/\/abilica.com\/sv\/\"},{\"@type\":\"ListItem\",\"position\":2,\"name\":\"Produkter\",\"item\":\"https:\/\/abilica.com\/sv\/shop\/\"},{\"@type\":\"ListItem\",\"position\":3,\"name\":\"Abilica Premium Rower 95\"}]},{\"@type\":\"WebSite\",\"@id\":\"https:\/\/abilica.com\/#website\",\"url\":\"https:\/\/abilica.com\/\",\"name\":\"Abilica\",\"description\":\"Abilica Home Training\",\"potentialAction\":[{\"@type\":\"SearchAction\",\"target\":{\"@type\":\"EntryPoint\",\"urlTemplate\":\"https:\/\/abilica.com\/?s={search_term_string}\"},\"query-input\":{\"@type\":\"PropertyValueSpecification\",\"valueRequired\":true,\"valueName\":\"search_term_string\"}}],\"inLanguage\":\"sv-SE\"}]}<\/script>\n<!-- \/ Yoast SEO Premium plugin. -->","yoast_head_json":{"title":"Abilica Premium Rower 95 Abilica","robots":{"index":"index","follow":"follow","max-snippet":"max-snippet:-1","max-image-preview":"max-image-preview:large","max-video-preview":"max-video-preview:-1"},"canonical":"https:\/\/abilica.com\/sv\/kondition\/roddmaskiner\/abilica-premium-rower-95\/","og_locale":"sv_SE","og_type":"article","og_title":"Abilica Premium Rower 95","og_description":"[vc_row][vc_column][vc_column_text css=&#8221;&#8221; el_class=&#8221;product-video&#8221;] Abilica Premium Rower 95 \u00e4r Abilicas nya kraftfulla toppmodell bland roddmaskiner, full...","og_url":"https:\/\/abilica.com\/sv\/kondition\/roddmaskiner\/abilica-premium-rower-95\/","og_site_name":"Abilica","article_publisher":"https:\/\/www.facebook.com\/abilicahometraining\/","article_modified_time":"2025-11-21T12:14:05+00:00","og_image":[{"width":1200,"height":1200,"url":"https:\/\/abilica.com\/wp-content\/uploads\/2025\/11\/415719_Abilica-Premium-Rower-95_03.jpg","type":"image\/jpeg"}],"twitter_card":"summary_large_image","twitter_misc":{"Ber\u00e4knad l\u00e4stid":"2 minuter"},"schema":{"@context":"https:\/\/schema.org","@graph":[{"@type":"WebPage","@id":"https:\/\/abilica.com\/sv\/kondition\/roddmaskiner\/abilica-premium-rower-95\/","url":"https:\/\/abilica.com\/sv\/kondition\/roddmaskiner\/abilica-premium-rower-95\/","name":"Abilica Premium Rower 95 Abilica","isPartOf":{"@id":"https:\/\/abilica.com\/#website"},"primaryImageOfPage":{"@id":"https:\/\/abilica.com\/sv\/kondition\/roddmaskiner\/abilica-premium-rower-95\/#primaryimage"},"image":{"@id":"https:\/\/abilica.com\/sv\/kondition\/roddmaskiner\/abilica-premium-rower-95\/#primaryimage"},"thumbnailUrl":"https:\/\/abilica.com\/wp-content\/uploads\/2025\/11\/415719_Abilica-Premium-Rower-95_03.jpg","datePublished":"2025-11-03T08:29:19+00:00","dateModified":"2025-11-21T12:14:05+00:00","breadcrumb":{"@id":"https:\/\/abilica.com\/sv\/kondition\/roddmaskiner\/abilica-premium-rower-95\/#breadcrumb"},"inLanguage":"sv-SE","potentialAction":[{"@type":"ReadAction","target":["https:\/\/abilica.com\/sv\/kondition\/roddmaskiner\/abilica-premium-rower-95\/"]}]},{"@type":"ImageObject","inLanguage":"sv-SE","@id":"https:\/\/abilica.com\/sv\/kondition\/roddmaskiner\/abilica-premium-rower-95\/#primaryimage","url":"https:\/\/abilica.com\/wp-content\/uploads\/2025\/11\/415719_Abilica-Premium-Rower-95_03.jpg","contentUrl":"https:\/\/abilica.com\/wp-content\/uploads\/2025\/11\/415719_Abilica-Premium-Rower-95_03.jpg","width":1200,"height":1200},{"@type":"BreadcrumbList","@id":"https:\/\/abilica.com\/sv\/kondition\/roddmaskiner\/abilica-premium-rower-95\/#breadcrumb","itemListElement":[{"@type":"ListItem","position":1,"name":"Hem","item":"https:\/\/abilica.com\/sv\/"},{"@type":"ListItem","position":2,"name":"Produkter","item":"https:\/\/abilica.com\/sv\/shop\/"},{"@type":"ListItem","position":3,"name":"Abilica Premium Rower 95"}]},{"@type":"WebSite","@id":"https:\/\/abilica.com\/#website","url":"https:\/\/abilica.com\/","name":"Abilica","description":"Abilica Home Training","potentialAction":[{"@type":"SearchAction","target":{"@type":"EntryPoint","urlTemplate":"https:\/\/abilica.com\/?s={search_term_string}"},"query-input":{"@type":"PropertyValueSpecification","valueRequired":true,"valueName":"search_term_string"}}],"inLanguage":"sv-SE"}]}},"_links":{"self":[{"href":"https:\/\/abilica.com\/sv\/wp-json\/wp\/v2\/product\/69998","targetHints":{"allow":["GET"]}}],"collection":[{"href":"https:\/\/abilica.com\/sv\/wp-json\/wp\/v2\/product"}],"about":[{"href":"https:\/\/abilica.com\/sv\/wp-json\/wp\/v2\/types\/product"}],"wp:featuredmedia":[{"embeddable":true,"href":"https:\/\/abilica.com\/sv\/wp-json\/wp\/v2\/media\/69978"}],"wp:attachment":[{"href":"https:\/\/abilica.com\/sv\/wp-json\/wp\/v2\/media?parent=69998"}],"wp:term":[{"taxonomy":"product_brand","embeddable":true,"href":"https:\/\/abilica.com\/sv\/wp-json\/wp\/v2\/product_brand?post=69998"},{"taxonomy":"product_cat","embeddable":true,"href":"https:\/\/abilica.com\/sv\/wp-json\/wp\/v2\/product_cat?post=69998"},{"taxonomy":"product_tag","embeddable":true,"href":"https:\/\/abilica.com\/sv\/wp-json\/wp\/v2\/product_tag?post=69998"}],"curies":[{"name":"wp","href":"https:\/\/api.w.org\/{rel}","templated":true}]}}