{"id":70442,"date":"2025-11-20T15:26:37","date_gmt":"2025-11-20T14:26:37","guid":{"rendered":"https:\/\/abilica.com\/?post_type=product&#038;p=70442"},"modified":"2025-11-21T08:35:29","modified_gmt":"2025-11-21T07:35:29","slug":"abilica-lat-pulldown-bar-parallel-grip","status":"publish","type":"product","link":"https:\/\/abilica.com\/sv\/styrka\/multigym-2\/abilica-lat-pulldown-bar-parallel-grip\/","title":{"rendered":"Abilica Lat PullDown Bar Parallel Grip"},"content":{"rendered":"<div class=\"wpb-content-wrapper\"><p>[vc_row][vc_column][vc_column_text css=&#8221;&#8221; el_class=&#8221;product-video&#8221;]<\/p>\n<p data-start=\"43\" data-end=\"659\">Abilica LatBar Parallel Grip \u00e4r en solid latsdragst\u00e5ng f\u00f6r multigym i st\u00e5l med h\u00e5rdf\u00f6rkromad legering. En latsdragst\u00e5ng f\u00f6r b\u00e5de hemmatr\u00e4ning och kommersiellt bruk. St\u00e5ngen \u00e4r tillverkad i starkt st\u00e5l med en h\u00f6gkvalitativ svivel med tv\u00e5ledsrotation och h\u00e5rdf\u00f6rkromad legering. Den h\u00e5rdf\u00f6rkromade legeringen ger ett snyggt, matt utseende som \u00e4r korrosionsbest\u00e4ndigt, slitstarkt och ger en fantastisk greppk\u00e4nsla. Legeringen \u00e4r tunnare \u00e4n vanlig krom, vilket ger b\u00e4ttre struktur i r\u00e4fflingen p\u00e5 handtaget, dessutom g\u00f6r den matta finishen att greppet inte blir halt, vilket g\u00f6r den extra l\u00e4mplig f\u00f6r fuktiga h\u00e4nder.<\/p>\n<p data-start=\"661\" data-end=\"1076\">En latsdragst\u00e5ng med parallellgrepp ger dig ett bra, neutralt grepp f\u00f6r armarna och hj\u00e4lper dig att uppn\u00e5 god muskelkontakt i \u00f6vningar som latsdrag och sittande rodd med brett grepp. Det parallella greppet har en greppvidd p\u00e5 12,6 cm och en diameter p\u00e5 26 mm. St\u00e5ngen har ocks\u00e5 tv\u00e5 knurling-segment p\u00e5 11,4 cm centrerade p\u00e5 st\u00e5ngen, vilket g\u00f6r den v\u00e4l l\u00e4mpad f\u00f6r drag\u00f6vningar med smalt grepp. Karbinhake ing\u00e5r inte.<\/p>\n<p data-start=\"1078\" data-end=\"1259\"><strong data-start=\"1078\" data-end=\"1097\">Specifikationer<\/strong><br data-start=\"1097\" data-end=\"1100\" \/>M\u00e5tt: 84 x 15,8 x 23 cm (L x B x H)<br data-start=\"1135\" data-end=\"1138\" \/>Greppvidd: 12,6 cm<br data-start=\"1156\" data-end=\"1159\" \/>Greppdiameter: 26 mm<br data-start=\"1179\" data-end=\"1182\" data-is-only-node=\"\" \/>R\u00e4ffling: Hill<br data-start=\"1196\" data-end=\"1199\" \/>Legering: H\u00e5rdf\u00f6rkromad<br data-start=\"1222\" data-end=\"1225\" \/>Produktvikt: 5 kg<br data-start=\"1242\" data-end=\"1245\" \/>Material: St\u00e5l<\/p>\n<p>[\/vc_column_text][vc_empty_space height=&#8221;52px&#8221;][\/vc_column][\/vc_row]<\/p>\n<\/div>","protected":false},"excerpt":{"rendered":"<p>[vc_row][vc_column][vc_column_text css=&#8221;&#8221; el_class=&#8221;product-video&#8221;] Abilica LatBar Parallel Grip \u00e4r en solid latsdragst\u00e5ng f\u00f6r multigym i st\u00e5l&#8230;<\/p>\n","protected":false},"featured_media":70443,"template":"","meta":{"_acf_changed":false},"product_brand":[],"product_cat":[483,471],"product_tag":[49],"class_list":{"0":"post-70442","1":"product","2":"type-product","3":"status-publish","4":"has-post-thumbnail","6":"product_cat-multigym-2","7":"product_cat-styrka","8":"product_tag-premium","10":"first","11":"outofstock","12":"product-type-simple"},"acf":[],"yoast_head":"<!-- This site is optimized with the Yoast SEO Premium plugin v21.1 (Yoast SEO v25.4) - https:\/\/yoast.com\/wordpress\/plugins\/seo\/ -->\n<title>Abilica Lat PullDown Bar Parallel Grip Abilica<\/title>\n<meta name=\"robots\" content=\"index, follow, max-snippet:-1, max-image-preview:large, max-video-preview:-1\" \/>\n<link rel=\"canonical\" href=\"https:\/\/abilica.com\/sv\/styrka\/multigym-2\/abilica-lat-pulldown-bar-parallel-grip\/\" \/>\n<meta property=\"og:locale\" content=\"sv_SE\" \/>\n<meta property=\"og:type\" content=\"article\" \/>\n<meta property=\"og:title\" content=\"Abilica Lat PullDown Bar Parallel Grip\" \/>\n<meta property=\"og:description\" content=\"[vc_row][vc_column][vc_column_text css=&#8221;&#8221; el_class=&#8221;product-video&#8221;] Abilica LatBar Parallel Grip \u00e4r en solid latsdragst\u00e5ng f\u00f6r multigym i st\u00e5l...\" \/>\n<meta property=\"og:url\" content=\"https:\/\/abilica.com\/sv\/styrka\/multigym-2\/abilica-lat-pulldown-bar-parallel-grip\/\" \/>\n<meta property=\"og:site_name\" content=\"Abilica\" \/>\n<meta property=\"article:publisher\" content=\"https:\/\/www.facebook.com\/abilicahometraining\/\" \/>\n<meta property=\"article:modified_time\" content=\"2025-11-21T07:35:29+00:00\" \/>\n<meta property=\"og:image\" content=\"https:\/\/abilica.com\/wp-content\/uploads\/2025\/11\/408125-Abilica-Lat-PulldownBar-Parallel-grip_1.jpg\" \/>\n\t<meta property=\"og:image:width\" content=\"1200\" \/>\n\t<meta property=\"og:image:height\" content=\"1200\" \/>\n\t<meta property=\"og:image:type\" content=\"image\/jpeg\" \/>\n<meta name=\"twitter:card\" content=\"summary_large_image\" \/>\n<meta name=\"twitter:label1\" content=\"Ber\u00e4knad l\u00e4stid\" \/>\n\t<meta name=\"twitter:data1\" content=\"1 minut\" \/>\n<script type=\"application\/ld+json\" class=\"yoast-schema-graph\">{\"@context\":\"https:\/\/schema.org\",\"@graph\":[{\"@type\":\"WebPage\",\"@id\":\"https:\/\/abilica.com\/sv\/styrka\/multigym-2\/abilica-lat-pulldown-bar-parallel-grip\/\",\"url\":\"https:\/\/abilica.com\/sv\/styrka\/multigym-2\/abilica-lat-pulldown-bar-parallel-grip\/\",\"name\":\"Abilica Lat PullDown Bar Parallel Grip Abilica\",\"isPartOf\":{\"@id\":\"https:\/\/abilica.com\/#website\"},\"primaryImageOfPage\":{\"@id\":\"https:\/\/abilica.com\/sv\/styrka\/multigym-2\/abilica-lat-pulldown-bar-parallel-grip\/#primaryimage\"},\"image\":{\"@id\":\"https:\/\/abilica.com\/sv\/styrka\/multigym-2\/abilica-lat-pulldown-bar-parallel-grip\/#primaryimage\"},\"thumbnailUrl\":\"https:\/\/abilica.com\/wp-content\/uploads\/2025\/11\/408125-Abilica-Lat-PulldownBar-Parallel-grip_1.jpg\",\"datePublished\":\"2025-11-20T14:26:37+00:00\",\"dateModified\":\"2025-11-21T07:35:29+00:00\",\"breadcrumb\":{\"@id\":\"https:\/\/abilica.com\/sv\/styrka\/multigym-2\/abilica-lat-pulldown-bar-parallel-grip\/#breadcrumb\"},\"inLanguage\":\"sv-SE\",\"potentialAction\":[{\"@type\":\"ReadAction\",\"target\":[\"https:\/\/abilica.com\/sv\/styrka\/multigym-2\/abilica-lat-pulldown-bar-parallel-grip\/\"]}]},{\"@type\":\"ImageObject\",\"inLanguage\":\"sv-SE\",\"@id\":\"https:\/\/abilica.com\/sv\/styrka\/multigym-2\/abilica-lat-pulldown-bar-parallel-grip\/#primaryimage\",\"url\":\"https:\/\/abilica.com\/wp-content\/uploads\/2025\/11\/408125-Abilica-Lat-PulldownBar-Parallel-grip_1.jpg\",\"contentUrl\":\"https:\/\/abilica.com\/wp-content\/uploads\/2025\/11\/408125-Abilica-Lat-PulldownBar-Parallel-grip_1.jpg\",\"width\":1200,\"height\":1200},{\"@type\":\"BreadcrumbList\",\"@id\":\"https:\/\/abilica.com\/sv\/styrka\/multigym-2\/abilica-lat-pulldown-bar-parallel-grip\/#breadcrumb\",\"itemListElement\":[{\"@type\":\"ListItem\",\"position\":1,\"name\":\"Hem\",\"item\":\"https:\/\/abilica.com\/sv\/\"},{\"@type\":\"ListItem\",\"position\":2,\"name\":\"Produkter\",\"item\":\"https:\/\/abilica.com\/sv\/shop\/\"},{\"@type\":\"ListItem\",\"position\":3,\"name\":\"Abilica Lat PullDown Bar Parallel Grip\"}]},{\"@type\":\"WebSite\",\"@id\":\"https:\/\/abilica.com\/#website\",\"url\":\"https:\/\/abilica.com\/\",\"name\":\"Abilica\",\"description\":\"Abilica Home Training\",\"potentialAction\":[{\"@type\":\"SearchAction\",\"target\":{\"@type\":\"EntryPoint\",\"urlTemplate\":\"https:\/\/abilica.com\/?s={search_term_string}\"},\"query-input\":{\"@type\":\"PropertyValueSpecification\",\"valueRequired\":true,\"valueName\":\"search_term_string\"}}],\"inLanguage\":\"sv-SE\"}]}<\/script>\n<!-- \/ Yoast SEO Premium plugin. -->","yoast_head_json":{"title":"Abilica Lat PullDown Bar Parallel Grip Abilica","robots":{"index":"index","follow":"follow","max-snippet":"max-snippet:-1","max-image-preview":"max-image-preview:large","max-video-preview":"max-video-preview:-1"},"canonical":"https:\/\/abilica.com\/sv\/styrka\/multigym-2\/abilica-lat-pulldown-bar-parallel-grip\/","og_locale":"sv_SE","og_type":"article","og_title":"Abilica Lat PullDown Bar Parallel Grip","og_description":"[vc_row][vc_column][vc_column_text css=&#8221;&#8221; el_class=&#8221;product-video&#8221;] Abilica LatBar Parallel Grip \u00e4r en solid latsdragst\u00e5ng f\u00f6r multigym i st\u00e5l...","og_url":"https:\/\/abilica.com\/sv\/styrka\/multigym-2\/abilica-lat-pulldown-bar-parallel-grip\/","og_site_name":"Abilica","article_publisher":"https:\/\/www.facebook.com\/abilicahometraining\/","article_modified_time":"2025-11-21T07:35:29+00:00","og_image":[{"width":1200,"height":1200,"url":"https:\/\/abilica.com\/wp-content\/uploads\/2025\/11\/408125-Abilica-Lat-PulldownBar-Parallel-grip_1.jpg","type":"image\/jpeg"}],"twitter_card":"summary_large_image","twitter_misc":{"Ber\u00e4knad l\u00e4stid":"1 minut"},"schema":{"@context":"https:\/\/schema.org","@graph":[{"@type":"WebPage","@id":"https:\/\/abilica.com\/sv\/styrka\/multigym-2\/abilica-lat-pulldown-bar-parallel-grip\/","url":"https:\/\/abilica.com\/sv\/styrka\/multigym-2\/abilica-lat-pulldown-bar-parallel-grip\/","name":"Abilica Lat PullDown Bar Parallel Grip Abilica","isPartOf":{"@id":"https:\/\/abilica.com\/#website"},"primaryImageOfPage":{"@id":"https:\/\/abilica.com\/sv\/styrka\/multigym-2\/abilica-lat-pulldown-bar-parallel-grip\/#primaryimage"},"image":{"@id":"https:\/\/abilica.com\/sv\/styrka\/multigym-2\/abilica-lat-pulldown-bar-parallel-grip\/#primaryimage"},"thumbnailUrl":"https:\/\/abilica.com\/wp-content\/uploads\/2025\/11\/408125-Abilica-Lat-PulldownBar-Parallel-grip_1.jpg","datePublished":"2025-11-20T14:26:37+00:00","dateModified":"2025-11-21T07:35:29+00:00","breadcrumb":{"@id":"https:\/\/abilica.com\/sv\/styrka\/multigym-2\/abilica-lat-pulldown-bar-parallel-grip\/#breadcrumb"},"inLanguage":"sv-SE","potentialAction":[{"@type":"ReadAction","target":["https:\/\/abilica.com\/sv\/styrka\/multigym-2\/abilica-lat-pulldown-bar-parallel-grip\/"]}]},{"@type":"ImageObject","inLanguage":"sv-SE","@id":"https:\/\/abilica.com\/sv\/styrka\/multigym-2\/abilica-lat-pulldown-bar-parallel-grip\/#primaryimage","url":"https:\/\/abilica.com\/wp-content\/uploads\/2025\/11\/408125-Abilica-Lat-PulldownBar-Parallel-grip_1.jpg","contentUrl":"https:\/\/abilica.com\/wp-content\/uploads\/2025\/11\/408125-Abilica-Lat-PulldownBar-Parallel-grip_1.jpg","width":1200,"height":1200},{"@type":"BreadcrumbList","@id":"https:\/\/abilica.com\/sv\/styrka\/multigym-2\/abilica-lat-pulldown-bar-parallel-grip\/#breadcrumb","itemListElement":[{"@type":"ListItem","position":1,"name":"Hem","item":"https:\/\/abilica.com\/sv\/"},{"@type":"ListItem","position":2,"name":"Produkter","item":"https:\/\/abilica.com\/sv\/shop\/"},{"@type":"ListItem","position":3,"name":"Abilica Lat PullDown Bar Parallel Grip"}]},{"@type":"WebSite","@id":"https:\/\/abilica.com\/#website","url":"https:\/\/abilica.com\/","name":"Abilica","description":"Abilica Home Training","potentialAction":[{"@type":"SearchAction","target":{"@type":"EntryPoint","urlTemplate":"https:\/\/abilica.com\/?s={search_term_string}"},"query-input":{"@type":"PropertyValueSpecification","valueRequired":true,"valueName":"search_term_string"}}],"inLanguage":"sv-SE"}]}},"_links":{"self":[{"href":"https:\/\/abilica.com\/sv\/wp-json\/wp\/v2\/product\/70442","targetHints":{"allow":["GET"]}}],"collection":[{"href":"https:\/\/abilica.com\/sv\/wp-json\/wp\/v2\/product"}],"about":[{"href":"https:\/\/abilica.com\/sv\/wp-json\/wp\/v2\/types\/product"}],"wp:featuredmedia":[{"embeddable":true,"href":"https:\/\/abilica.com\/sv\/wp-json\/wp\/v2\/media\/70443"}],"wp:attachment":[{"href":"https:\/\/abilica.com\/sv\/wp-json\/wp\/v2\/media?parent=70442"}],"wp:term":[{"taxonomy":"product_brand","embeddable":true,"href":"https:\/\/abilica.com\/sv\/wp-json\/wp\/v2\/product_brand?post=70442"},{"taxonomy":"product_cat","embeddable":true,"href":"https:\/\/abilica.com\/sv\/wp-json\/wp\/v2\/product_cat?post=70442"},{"taxonomy":"product_tag","embeddable":true,"href":"https:\/\/abilica.com\/sv\/wp-json\/wp\/v2\/product_tag?post=70442"}],"curies":[{"name":"wp","href":"https:\/\/api.w.org\/{rel}","templated":true}]}}