{"id":70533,"date":"2025-11-25T14:58:54","date_gmt":"2025-11-25T13:58:54","guid":{"rendered":"https:\/\/abilica.com\/?post_type=product&#038;p=70533"},"modified":"2026-02-26T16:24:44","modified_gmt":"2026-02-26T15:24:44","slug":"abilica-stairclimber-30","status":"publish","type":"product","link":"https:\/\/abilica.com\/sv\/kondition\/trappmaskin\/abilica-stairclimber-30\/","title":{"rendered":"Abilica StairClimber 30"},"content":{"rendered":"<div class=\"wpb-content-wrapper\"><p>[vc_row][vc_column][vc_column_text css=&#8221;&#8221; el_class=&#8221;product-video&#8221;]<\/p>\n<div id=\"tabs_specifications-content\" class=\"collapse show\" aria-labelledby=\"tabs_specifications-tab\">\n<div class=\"accordion-card-body py-3\">\n<p><b>Stilren och hopf\u00e4llbar trappmaskin f\u00f6r hemmatr\u00e4ning<br \/>\n<\/b><span class=\"cf0\">Abilica <\/span><span class=\"cf0\">StairClimber<\/span><span class=\"cf0\"> 30 <\/span><span class=\"cf0\">\u00e4r<\/span><span class=\"cf0\"> en <\/span><span class=\"cf0\">hopf\u00e4llbar<\/span><span class=\"cf0\"> trappmaskin <\/span><span class=\"cf0\">f\u00f6r<\/span> <span class=\"cf0\">dig<\/span><span class=\"cf0\"> som vill ha ett effektivt <\/span><span class=\"cf0\">tr\u00e4ningspass<\/span> <span class=\"cf0\">f\u00f6r<\/span> <span class=\"cf0\">kondition<\/span><span class=\"cf0\">, <\/span><span class=\"cf0\">fettf\u00f6rbr\u00e4nning<\/span><span class=\"cf0\">, rumpa <\/span><span class=\"cf0\">och<\/span><span class=\"cf0\"> l\u00e5r i ditt eget hem. Den kan <\/span><span class=\"cf0\">anv\u00e4ndas<\/span><span class=\"cf0\"> i <\/span><span class=\"cf0\">rum<\/span><span class=\"cf0\"> med normal <\/span><span class=\"cf0\">takh\u00f6jd<\/span> <span class=\"cf0\">och<\/span> <span class=\"cf0\">\u00e4r<\/span><span class=\"cf0\"> enkel att <\/span><span class=\"cf0\">f\u00e4lla<\/span> <span class=\"cf0\">ihop<\/span> <span class=\"cf0\">n\u00e4r<\/span><span class=\"cf0\"> den <\/span><span class=\"cf0\">inte<\/span> <span class=\"cf0\">anv\u00e4nds<\/span><span class=\"cf0\">.<\/span><\/p>\n<p class=\"pf0\"><span class=\"cf0\">StairClimber<\/span><span class=\"cf0\"> 30 ger en <\/span><span class=\"cf0\">j\u00e4mn<\/span> <span class=\"cf0\">trapp\u00adr\u00f6relse<\/span><span class=\"cf0\"> som <\/span><span class=\"cf0\">aktiverar<\/span><span class=\"cf0\"> ben, <\/span><span class=\"cf0\">s\u00e4tesmuskler<\/span> <span class=\"cf0\">och<\/span> <span class=\"cf0\">b\u00e5lmuskulatur<\/span><span class=\"cf0\">, <\/span><span class=\"cf0\">och<\/span><span class=\"cf0\"> ger mindre <\/span><span class=\"cf0\">st\u00f6tbelastning<\/span><span class=\"cf0\"> p\u00e5 <\/span><span class=\"cf0\">kn\u00e4n<\/span> <span class=\"cf0\">och<\/span> <span class=\"cf0\">fotleder<\/span> <span class=\"cf0\">j\u00e4mf\u00f6rt<\/span><span class=\"cf0\"> med <\/span><span class=\"cf0\">l\u00f6pning<\/span><span class=\"cf0\">. Maskinen har <\/span><span class=\"cf0\">motoriserat<\/span> <span class=\"cf0\">magnetmotst\u00e5nd<\/span><span class=\"cf0\"> med 32 niv\u00e5er, 62 cm <\/span><span class=\"cf0\">stegl\u00e4ngd<\/span>\u00a0<span class=\"cf0\">och<\/span> <span class=\"cf0\">tv\u00e5<\/span> <span class=\"cf0\">lutningsniv\u00e5er<\/span><span class=\"cf0\">. <\/span><span class=\"cf0\">Handtaget<\/span><span class=\"cf0\"> har <\/span><span class=\"cf0\">flera<\/span> <span class=\"cf0\">greppm\u00f6jligheter<\/span> <span class=\"cf0\">och<\/span><span class=\"cf0\"> kan <\/span><span class=\"cf0\">justeras<\/span><span class=\"cf0\"> fram <\/span><span class=\"cf0\">och<\/span> <span class=\"cf0\">tillbaka<\/span><span class=\"cf0\"> s\u00e5 att du <\/span><span class=\"cf0\">hittar<\/span><span class=\"cf0\"> en bra <\/span><span class=\"cf0\">position<\/span><span class=\"cf0\"> i <\/span><span class=\"cf0\">f\u00f6rh\u00e5llande<\/span> <span class=\"cf0\">till<\/span><span class=\"cf0\"> vald <\/span><span class=\"cf0\">lutning<\/span><span class=\"cf0\">.<\/span><\/p>\n<p class=\"pf0\"><span class=\"cf0\">Datorn<\/span> <span class=\"cf0\">visar<\/span><span class=\"cf0\"> tid, steg, kalorier, hastighet <\/span><span class=\"cf0\">och<\/span><span class=\"cf0\"> andra <\/span><span class=\"cf0\">n\u00f6dv\u00e4ndiga<\/span> <span class=\"cf0\">tr\u00e4ningsdata<\/span><span class=\"cf0\">. Maskinen har <\/span><span class=\"cf0\">flera<\/span> <span class=\"cf0\">f\u00f6rinst\u00e4llda<\/span> <span class=\"cf0\">tr\u00e4ningsprogram<\/span> <span class=\"cf0\">och<\/span><span class=\"cf0\"> kan <\/span><span class=\"cf0\">kopplas<\/span> <span class=\"cf0\">till<\/span><span class=\"cf0\"> appen <\/span><span class=\"cf0\">iConsole<\/span><span class=\"cf0\">+. <\/span><span class=\"cf0\">StairClimber<\/span><span class=\"cf0\"> 30 <\/span><span class=\"cf0\">levereras<\/span> <span class=\"cf0\">n\u00e4stan<\/span><span class=\"cf0\"> helt <\/span><span class=\"cf0\">monterad<\/span><span class=\"cf0\">, <\/span><span class=\"cf0\">och<\/span><span class=\"cf0\"> med <\/span><span class=\"cf0\">transporthjul<\/span> <span class=\"cf0\">och<\/span><span class=\"cf0\"> ett <\/span><span class=\"cf0\">praktiskt<\/span> <span class=\"cf0\">handtag<\/span> <span class=\"cf0\">\u00e4r<\/span><span class=\"cf0\"> den enkel att flytta <\/span><span class=\"cf0\">n\u00e4r<\/span><span class=\"cf0\"> den <\/span><span class=\"cf0\">inte<\/span> <span class=\"cf0\">anv\u00e4nds<\/span><span class=\"cf0\">.<\/span><\/p>\n<p class=\"pf0\"><span class=\"cf0\">Konstruktionen<\/span> <span class=\"cf0\">\u00e4r<\/span><span class=\"cf0\"> solid <\/span><span class=\"cf0\">och<\/span><span class=\"cf0\"> st\u00e5r stabilt under <\/span><span class=\"cf0\">anv\u00e4ndning<\/span><span class=\"cf0\">. <\/span><span class=\"cf0\">Pedalerna<\/span><span class=\"cf0\"> har <\/span><span class=\"cf0\">halkskydd<\/span> <span class=\"cf0\">f\u00f6r<\/span><span class=\"cf0\"> bra <\/span><span class=\"cf0\">fotf\u00e4ste<\/span><span class=\"cf0\">, <\/span><span class=\"cf0\">och<\/span><span class=\"cf0\"> maskinen <\/span><span class=\"cf0\">klarar<\/span> <span class=\"cf0\">anv\u00e4ndare<\/span> <span class=\"cf0\">upp<\/span> <span class=\"cf0\">till<\/span><span class=\"cf0\"> 135 kg. Den <\/span><span class=\"cf0\">v\u00e4ger<\/span><span class=\"cf0\"> 39,5 kg, <\/span><span class=\"cf0\">vilket<\/span> <span class=\"cf0\">g\u00f6r<\/span><span class=\"cf0\"> den <\/span><span class=\"cf0\">l\u00e4tt<\/span><span class=\"cf0\"> att <\/span><span class=\"cf0\">hantera<\/span><span class=\"cf0\"> vid <\/span><span class=\"cf0\">f\u00f6rflyttning<\/span><span class=\"cf0\">.<\/span><\/p>\n<div class=\"accordion-card-body py-3\">\n<p class=\"pf0\"><!--EndFragment --><\/p>\n<\/div>\n<p><b>Specifikationer<\/b><br \/>\n<span class=\"cf0\">Stegl\u00e4ngd<\/span>: 62 cm<br \/>\nMotst\u00e5ndssystem: Motoriserat magnetmotst\u00e5nd<br \/>\nMotst\u00e5ndsniv\u00e5er: 32<br \/>\nStr\u00f6mf\u00f6rs\u00f6rjning: Nej, 4 st C-batterier<br \/>\nLutningsniv\u00e5er: L1: 30,5 grader, L2: 36,9 grader<br \/>\nPulsm\u00e4tning: Ja, tr\u00e5dl\u00f6s pulsmottagare<br \/>\nPulsgurt: Tillval (5 kHz och Bluetooth)<br \/>\nAppar: iConsole+<br \/>\nTransporthjul: Ja<br \/>\nH\u00e5llare f\u00f6r mobil\/platta: Ja<br \/>\nHopf\u00e4llbar: Ja<br \/>\nM\u00e5tt uppmonterad: 135 x 61,5 x 189 cm (L x B x H)<br \/>\nM\u00e5tt hopf\u00e4lld: 124,5 x 61,5 x 26,5 cm (L x B x H)<br \/>\nProduktvikt: 39,5 kg<br \/>\nMax anv\u00e4ndarvikt: 135 kg<br \/>\nAnv\u00e4ndningsmilj\u00f6: Hemmatr\u00e4ning<\/p>\n<\/div>\n<p><!--StartFragment --><\/p>\n<div class=\"accordion-card-body py-3\">\n<p><b>Specifikationer dator<br \/>\n<\/b>Program: 5<br \/>\nDator visar: tid, steg, totalt antal steg, steg\/min, Climb\/min, distans, kalorier, puls, motst\u00e5nd och total lutning justerad efter valt lutningsniv\u00e5 (L1 och L2)<\/p>\n<p>&nbsp;<\/p>\n<\/div>\n<div style=\"width: 640px;\" class=\"wp-video\"><!--[if lt IE 9]><script>document.createElement('video');<\/script><![endif]-->\n<video class=\"wp-video-shortcode\" id=\"video-70533-1\" width=\"640\" height=\"360\" poster=\"https:\/\/abilica.com\/wp-content\/uploads\/2025\/11\/416294_StairClimber-30_120.jpg\" preload=\"metadata\" controls=\"controls\"><source type=\"video\/mp4\" src=\"https:\/\/abilica.com\/wp-content\/uploads\/2025\/11\/Abilica-StairClimber-30_Nett_bredde.mp4?_=1\" \/><a href=\"https:\/\/abilica.com\/wp-content\/uploads\/2025\/11\/Abilica-StairClimber-30_Nett_bredde.mp4\">https:\/\/abilica.com\/wp-content\/uploads\/2025\/11\/Abilica-StairClimber-30_Nett_bredde.mp4<\/a><\/video><\/div>\n<\/div>\n<p>[\/vc_column_text][\/vc_column][\/vc_row]<\/p>\n<\/div>","protected":false},"excerpt":{"rendered":"<p>[vc_row][vc_column][vc_column_text css=&#8221;&#8221; el_class=&#8221;product-video&#8221;] Stilren och hopf\u00e4llbar trappmaskin f\u00f6r hemmatr\u00e4ning Abilica StairClimber 30 \u00e4r en hopf\u00e4llbar&#8230;<\/p>\n","protected":false},"featured_media":70498,"template":"","meta":{"_acf_changed":false},"product_brand":[],"product_cat":[475,577],"product_tag":[],"class_list":{"0":"post-70533","1":"product","2":"type-product","3":"status-publish","4":"has-post-thumbnail","6":"product_cat-kondition","7":"product_cat-trappmaskin","9":"first","10":"outofstock","11":"product-type-simple"},"acf":[],"yoast_head":"<!-- This site is optimized with the Yoast SEO Premium plugin v21.1 (Yoast SEO v25.4) - https:\/\/yoast.com\/wordpress\/plugins\/seo\/ -->\n<title>Abilica StairClimber 30 Abilica<\/title>\n<meta name=\"robots\" content=\"index, follow, max-snippet:-1, max-image-preview:large, max-video-preview:-1\" \/>\n<link rel=\"canonical\" href=\"https:\/\/abilica.com\/sv\/kondition\/trappmaskin\/abilica-stairclimber-30\/\" \/>\n<meta property=\"og:locale\" content=\"sv_SE\" \/>\n<meta property=\"og:type\" content=\"article\" \/>\n<meta property=\"og:title\" content=\"Abilica StairClimber 30\" \/>\n<meta property=\"og:description\" content=\"[vc_row][vc_column][vc_column_text css=&#8221;&#8221; el_class=&#8221;product-video&#8221;] Stilren och hopf\u00e4llbar trappmaskin f\u00f6r hemmatr\u00e4ning Abilica StairClimber 30 \u00e4r en hopf\u00e4llbar...\" \/>\n<meta property=\"og:url\" content=\"https:\/\/abilica.com\/sv\/kondition\/trappmaskin\/abilica-stairclimber-30\/\" \/>\n<meta property=\"og:site_name\" content=\"Abilica\" \/>\n<meta property=\"article:publisher\" content=\"https:\/\/www.facebook.com\/abilicahometraining\/\" \/>\n<meta property=\"article:modified_time\" content=\"2026-02-26T15:24:44+00:00\" \/>\n<meta property=\"og:image\" content=\"https:\/\/abilica.com\/wp-content\/uploads\/2025\/11\/416294_Abilica-StairClimber-30_02.jpg\" \/>\n\t<meta property=\"og:image:width\" content=\"1200\" \/>\n\t<meta property=\"og:image:height\" content=\"1200\" \/>\n\t<meta property=\"og:image:type\" content=\"image\/jpeg\" \/>\n<meta name=\"twitter:card\" content=\"summary_large_image\" \/>\n<meta name=\"twitter:label1\" content=\"Ber\u00e4knad l\u00e4stid\" \/>\n\t<meta name=\"twitter:data1\" content=\"2 minuter\" \/>\n<script type=\"application\/ld+json\" class=\"yoast-schema-graph\">{\"@context\":\"https:\/\/schema.org\",\"@graph\":[{\"@type\":\"WebPage\",\"@id\":\"https:\/\/abilica.com\/sv\/kondition\/trappmaskin\/abilica-stairclimber-30\/\",\"url\":\"https:\/\/abilica.com\/sv\/kondition\/trappmaskin\/abilica-stairclimber-30\/\",\"name\":\"Abilica StairClimber 30 Abilica\",\"isPartOf\":{\"@id\":\"https:\/\/abilica.com\/#website\"},\"primaryImageOfPage\":{\"@id\":\"https:\/\/abilica.com\/sv\/kondition\/trappmaskin\/abilica-stairclimber-30\/#primaryimage\"},\"image\":{\"@id\":\"https:\/\/abilica.com\/sv\/kondition\/trappmaskin\/abilica-stairclimber-30\/#primaryimage\"},\"thumbnailUrl\":\"https:\/\/abilica.com\/wp-content\/uploads\/2025\/11\/416294_Abilica-StairClimber-30_02.jpg\",\"datePublished\":\"2025-11-25T13:58:54+00:00\",\"dateModified\":\"2026-02-26T15:24:44+00:00\",\"breadcrumb\":{\"@id\":\"https:\/\/abilica.com\/sv\/kondition\/trappmaskin\/abilica-stairclimber-30\/#breadcrumb\"},\"inLanguage\":\"sv-SE\",\"potentialAction\":[{\"@type\":\"ReadAction\",\"target\":[\"https:\/\/abilica.com\/sv\/kondition\/trappmaskin\/abilica-stairclimber-30\/\"]}]},{\"@type\":\"ImageObject\",\"inLanguage\":\"sv-SE\",\"@id\":\"https:\/\/abilica.com\/sv\/kondition\/trappmaskin\/abilica-stairclimber-30\/#primaryimage\",\"url\":\"https:\/\/abilica.com\/wp-content\/uploads\/2025\/11\/416294_Abilica-StairClimber-30_02.jpg\",\"contentUrl\":\"https:\/\/abilica.com\/wp-content\/uploads\/2025\/11\/416294_Abilica-StairClimber-30_02.jpg\",\"width\":1200,\"height\":1200},{\"@type\":\"BreadcrumbList\",\"@id\":\"https:\/\/abilica.com\/sv\/kondition\/trappmaskin\/abilica-stairclimber-30\/#breadcrumb\",\"itemListElement\":[{\"@type\":\"ListItem\",\"position\":1,\"name\":\"Hem\",\"item\":\"https:\/\/abilica.com\/sv\/\"},{\"@type\":\"ListItem\",\"position\":2,\"name\":\"Produkter\",\"item\":\"https:\/\/abilica.com\/sv\/shop\/\"},{\"@type\":\"ListItem\",\"position\":3,\"name\":\"Abilica StairClimber 30\"}]},{\"@type\":\"WebSite\",\"@id\":\"https:\/\/abilica.com\/#website\",\"url\":\"https:\/\/abilica.com\/\",\"name\":\"Abilica\",\"description\":\"Abilica Home Training\",\"potentialAction\":[{\"@type\":\"SearchAction\",\"target\":{\"@type\":\"EntryPoint\",\"urlTemplate\":\"https:\/\/abilica.com\/?s={search_term_string}\"},\"query-input\":{\"@type\":\"PropertyValueSpecification\",\"valueRequired\":true,\"valueName\":\"search_term_string\"}}],\"inLanguage\":\"sv-SE\"}]}<\/script>\n<!-- \/ Yoast SEO Premium plugin. -->","yoast_head_json":{"title":"Abilica StairClimber 30 Abilica","robots":{"index":"index","follow":"follow","max-snippet":"max-snippet:-1","max-image-preview":"max-image-preview:large","max-video-preview":"max-video-preview:-1"},"canonical":"https:\/\/abilica.com\/sv\/kondition\/trappmaskin\/abilica-stairclimber-30\/","og_locale":"sv_SE","og_type":"article","og_title":"Abilica StairClimber 30","og_description":"[vc_row][vc_column][vc_column_text css=&#8221;&#8221; el_class=&#8221;product-video&#8221;] Stilren och hopf\u00e4llbar trappmaskin f\u00f6r hemmatr\u00e4ning Abilica StairClimber 30 \u00e4r en hopf\u00e4llbar...","og_url":"https:\/\/abilica.com\/sv\/kondition\/trappmaskin\/abilica-stairclimber-30\/","og_site_name":"Abilica","article_publisher":"https:\/\/www.facebook.com\/abilicahometraining\/","article_modified_time":"2026-02-26T15:24:44+00:00","og_image":[{"width":1200,"height":1200,"url":"https:\/\/abilica.com\/wp-content\/uploads\/2025\/11\/416294_Abilica-StairClimber-30_02.jpg","type":"image\/jpeg"}],"twitter_card":"summary_large_image","twitter_misc":{"Ber\u00e4knad l\u00e4stid":"2 minuter"},"schema":{"@context":"https:\/\/schema.org","@graph":[{"@type":"WebPage","@id":"https:\/\/abilica.com\/sv\/kondition\/trappmaskin\/abilica-stairclimber-30\/","url":"https:\/\/abilica.com\/sv\/kondition\/trappmaskin\/abilica-stairclimber-30\/","name":"Abilica StairClimber 30 Abilica","isPartOf":{"@id":"https:\/\/abilica.com\/#website"},"primaryImageOfPage":{"@id":"https:\/\/abilica.com\/sv\/kondition\/trappmaskin\/abilica-stairclimber-30\/#primaryimage"},"image":{"@id":"https:\/\/abilica.com\/sv\/kondition\/trappmaskin\/abilica-stairclimber-30\/#primaryimage"},"thumbnailUrl":"https:\/\/abilica.com\/wp-content\/uploads\/2025\/11\/416294_Abilica-StairClimber-30_02.jpg","datePublished":"2025-11-25T13:58:54+00:00","dateModified":"2026-02-26T15:24:44+00:00","breadcrumb":{"@id":"https:\/\/abilica.com\/sv\/kondition\/trappmaskin\/abilica-stairclimber-30\/#breadcrumb"},"inLanguage":"sv-SE","potentialAction":[{"@type":"ReadAction","target":["https:\/\/abilica.com\/sv\/kondition\/trappmaskin\/abilica-stairclimber-30\/"]}]},{"@type":"ImageObject","inLanguage":"sv-SE","@id":"https:\/\/abilica.com\/sv\/kondition\/trappmaskin\/abilica-stairclimber-30\/#primaryimage","url":"https:\/\/abilica.com\/wp-content\/uploads\/2025\/11\/416294_Abilica-StairClimber-30_02.jpg","contentUrl":"https:\/\/abilica.com\/wp-content\/uploads\/2025\/11\/416294_Abilica-StairClimber-30_02.jpg","width":1200,"height":1200},{"@type":"BreadcrumbList","@id":"https:\/\/abilica.com\/sv\/kondition\/trappmaskin\/abilica-stairclimber-30\/#breadcrumb","itemListElement":[{"@type":"ListItem","position":1,"name":"Hem","item":"https:\/\/abilica.com\/sv\/"},{"@type":"ListItem","position":2,"name":"Produkter","item":"https:\/\/abilica.com\/sv\/shop\/"},{"@type":"ListItem","position":3,"name":"Abilica StairClimber 30"}]},{"@type":"WebSite","@id":"https:\/\/abilica.com\/#website","url":"https:\/\/abilica.com\/","name":"Abilica","description":"Abilica Home Training","potentialAction":[{"@type":"SearchAction","target":{"@type":"EntryPoint","urlTemplate":"https:\/\/abilica.com\/?s={search_term_string}"},"query-input":{"@type":"PropertyValueSpecification","valueRequired":true,"valueName":"search_term_string"}}],"inLanguage":"sv-SE"}]}},"_links":{"self":[{"href":"https:\/\/abilica.com\/sv\/wp-json\/wp\/v2\/product\/70533","targetHints":{"allow":["GET"]}}],"collection":[{"href":"https:\/\/abilica.com\/sv\/wp-json\/wp\/v2\/product"}],"about":[{"href":"https:\/\/abilica.com\/sv\/wp-json\/wp\/v2\/types\/product"}],"wp:featuredmedia":[{"embeddable":true,"href":"https:\/\/abilica.com\/sv\/wp-json\/wp\/v2\/media\/70498"}],"wp:attachment":[{"href":"https:\/\/abilica.com\/sv\/wp-json\/wp\/v2\/media?parent=70533"}],"wp:term":[{"taxonomy":"product_brand","embeddable":true,"href":"https:\/\/abilica.com\/sv\/wp-json\/wp\/v2\/product_brand?post=70533"},{"taxonomy":"product_cat","embeddable":true,"href":"https:\/\/abilica.com\/sv\/wp-json\/wp\/v2\/product_cat?post=70533"},{"taxonomy":"product_tag","embeddable":true,"href":"https:\/\/abilica.com\/sv\/wp-json\/wp\/v2\/product_tag?post=70533"}],"curies":[{"name":"wp","href":"https:\/\/api.w.org\/{rel}","templated":true}]}}