{"id":70735,"date":"2026-01-13T13:50:05","date_gmt":"2026-01-13T12:50:05","guid":{"rendered":"https:\/\/abilica.com\/?post_type=product&#038;p=70735"},"modified":"2026-02-02T09:09:56","modified_gmt":"2026-02-02T08:09:56","slug":"abilica-premium-romanchair-90","status":"publish","type":"product","link":"https:\/\/abilica.com\/sv\/kondition\/trappmaskin\/abilica-premium-romanchair-90\/","title":{"rendered":"Abilica Premium RomanChair 90"},"content":{"rendered":"<div class=\"wpb-content-wrapper\"><p>[vc_row][vc_column][vc_column_text css=&#8221;&#8221; el_class=&#8221;product-video&#8221;]<\/p>\n<p style=\"text-align: center;\">Abilica Premium RomanChair 90 \u00e4r en specialutvecklad ryggresningsb\u00e4nk, utformad f\u00f6r s\u00e4ker och effektiv b\u00e5ltr\u00e4ning. Med en maximal anv\u00e4ndarvikt p\u00e5 150 kg f\u00e5r du en stabil och p\u00e5litlig tr\u00e4ningsutrustning, utvecklad f\u00f6r frekvent och kr\u00e4vande anv\u00e4ndning.<\/p>\n<p style=\"text-align: center;\">H\u00f6jden p\u00e5 h\u00f6ftkuddarna kan justeras i 15 niv\u00e5er, s\u00e5 att du enkelt hittar r\u00e4tt position f\u00f6r \u00f6vningar som ryggresningar, sneda rygg\u00f6vningar, sidostabilitet och andra b\u00e5l\u00f6vningar. Justeringsm\u00f6jligheterna g\u00f6r det enkelt att anpassa utrustningen efter olika kroppsl\u00e4ngder och tr\u00e4ningsniv\u00e5er, vilket ger bra st\u00f6d och g\u00f6r att du kan utf\u00f6ra \u00f6nskat r\u00f6relsem\u00f6nster och aktivera r\u00e4tt muskelgrupper.<\/p>\n<p style=\"text-align: center;\">Slitstarka och v\u00e4lvadderade kuddar ger optimal komfort, och den kraftiga st\u00e5lramen s\u00e4kerst\u00e4ller god stabilitet under tr\u00e4ningen. B\u00e4nken \u00e4r konstruerad f\u00f6r effektiv aktivering av nedre rygg, s\u00e4tesmuskulatur och b\u00e5lmuskler, och \u00e4r d\u00e4rmed ett anv\u00e4ndbart verktyg b\u00e5de f\u00f6r styrkeuppbyggnad och skadef\u00f6rebyggande tr\u00e4ning.<\/p>\n<p style=\"text-align: center;\">F\u00f6r s\u00e4ker och praktisk anv\u00e4ndning \u00e4r utrustningen f\u00f6rsedd med en bred, strukturerad fotplatta och stabila st\u00f6dytor mot underlaget. Idealisk f\u00f6r hemmagym, men fungerar \u00e4ven utm\u00e4rkt i gemensamma utrymmen p\u00e5 skolor, hotell och mindre f\u00f6retag.<\/p>\n<p style=\"text-align: center;\"><strong>Specifikationer<\/strong><br \/>\nM\u00e5tt monterad: 142 x 70 x 92 cm (L x B x H)<br \/>\nJusteringsniv\u00e5er: 15 niv\u00e5er<br \/>\nTjocklek vaddering: 53 mm<br \/>\nSt\u00e5ltjocklek: 2 mm<br \/>\nMax viktbelastning: 150 kg<br \/>\nProduktvikt: 27 kg<br \/>\nTransporthjul: Nej<br \/>\nAnv\u00e4ndningsomr\u00e5de: Hemmatr\u00e4ning och f\u00f6retag<\/p>\n<p>[\/vc_column_text][\/vc_column][\/vc_row]<\/p>\n<\/div>","protected":false},"excerpt":{"rendered":"<p>[vc_row][vc_column][vc_column_text css=&#8221;&#8221; el_class=&#8221;product-video&#8221;] Abilica Premium RomanChair 90 \u00e4r en specialutvecklad ryggresningsb\u00e4nk, utformad f\u00f6r s\u00e4ker och&#8230;<\/p>\n","protected":false},"featured_media":70727,"template":"","meta":{"_acf_changed":false},"product_brand":[],"product_cat":[475,577],"product_tag":[49],"class_list":{"0":"post-70735","1":"product","2":"type-product","3":"status-publish","4":"has-post-thumbnail","6":"product_cat-kondition","7":"product_cat-trappmaskin","8":"product_tag-premium","10":"first","11":"outofstock","12":"product-type-simple"},"acf":[],"yoast_head":"<!-- This site is optimized with the Yoast SEO Premium plugin v21.1 (Yoast SEO v25.4) - https:\/\/yoast.com\/wordpress\/plugins\/seo\/ -->\n<title>Abilica Premium RomanChair 90 Abilica<\/title>\n<meta name=\"robots\" content=\"index, follow, max-snippet:-1, max-image-preview:large, max-video-preview:-1\" \/>\n<link rel=\"canonical\" href=\"https:\/\/abilica.com\/sv\/kondition\/trappmaskin\/abilica-premium-romanchair-90\/\" \/>\n<meta property=\"og:locale\" content=\"sv_SE\" \/>\n<meta property=\"og:type\" content=\"article\" \/>\n<meta property=\"og:title\" content=\"Abilica Premium RomanChair 90\" \/>\n<meta property=\"og:description\" content=\"[vc_row][vc_column][vc_column_text css=&#8221;&#8221; el_class=&#8221;product-video&#8221;] Abilica Premium RomanChair 90 \u00e4r en specialutvecklad ryggresningsb\u00e4nk, utformad f\u00f6r s\u00e4ker och...\" \/>\n<meta property=\"og:url\" content=\"https:\/\/abilica.com\/sv\/kondition\/trappmaskin\/abilica-premium-romanchair-90\/\" \/>\n<meta property=\"og:site_name\" content=\"Abilica\" \/>\n<meta property=\"article:publisher\" content=\"https:\/\/www.facebook.com\/abilicahometraining\/\" \/>\n<meta property=\"article:modified_time\" content=\"2026-02-02T08:09:56+00:00\" \/>\n<meta property=\"og:image\" content=\"https:\/\/abilica.com\/wp-content\/uploads\/2026\/01\/416147_Abilica-Premium-RomanChair-90_1.jpg\" \/>\n\t<meta property=\"og:image:width\" content=\"1200\" \/>\n\t<meta property=\"og:image:height\" content=\"1200\" \/>\n\t<meta property=\"og:image:type\" content=\"image\/jpeg\" \/>\n<meta name=\"twitter:card\" content=\"summary_large_image\" \/>\n<meta name=\"twitter:label1\" content=\"Ber\u00e4knad l\u00e4stid\" \/>\n\t<meta name=\"twitter:data1\" content=\"1 minut\" \/>\n<script type=\"application\/ld+json\" class=\"yoast-schema-graph\">{\"@context\":\"https:\/\/schema.org\",\"@graph\":[{\"@type\":\"WebPage\",\"@id\":\"https:\/\/abilica.com\/sv\/kondition\/trappmaskin\/abilica-premium-romanchair-90\/\",\"url\":\"https:\/\/abilica.com\/sv\/kondition\/trappmaskin\/abilica-premium-romanchair-90\/\",\"name\":\"Abilica Premium RomanChair 90 Abilica\",\"isPartOf\":{\"@id\":\"https:\/\/abilica.com\/#website\"},\"primaryImageOfPage\":{\"@id\":\"https:\/\/abilica.com\/sv\/kondition\/trappmaskin\/abilica-premium-romanchair-90\/#primaryimage\"},\"image\":{\"@id\":\"https:\/\/abilica.com\/sv\/kondition\/trappmaskin\/abilica-premium-romanchair-90\/#primaryimage\"},\"thumbnailUrl\":\"https:\/\/abilica.com\/wp-content\/uploads\/2026\/01\/416147_Abilica-Premium-RomanChair-90_1.jpg\",\"datePublished\":\"2026-01-13T12:50:05+00:00\",\"dateModified\":\"2026-02-02T08:09:56+00:00\",\"breadcrumb\":{\"@id\":\"https:\/\/abilica.com\/sv\/kondition\/trappmaskin\/abilica-premium-romanchair-90\/#breadcrumb\"},\"inLanguage\":\"sv-SE\",\"potentialAction\":[{\"@type\":\"ReadAction\",\"target\":[\"https:\/\/abilica.com\/sv\/kondition\/trappmaskin\/abilica-premium-romanchair-90\/\"]}]},{\"@type\":\"ImageObject\",\"inLanguage\":\"sv-SE\",\"@id\":\"https:\/\/abilica.com\/sv\/kondition\/trappmaskin\/abilica-premium-romanchair-90\/#primaryimage\",\"url\":\"https:\/\/abilica.com\/wp-content\/uploads\/2026\/01\/416147_Abilica-Premium-RomanChair-90_1.jpg\",\"contentUrl\":\"https:\/\/abilica.com\/wp-content\/uploads\/2026\/01\/416147_Abilica-Premium-RomanChair-90_1.jpg\",\"width\":1200,\"height\":1200},{\"@type\":\"BreadcrumbList\",\"@id\":\"https:\/\/abilica.com\/sv\/kondition\/trappmaskin\/abilica-premium-romanchair-90\/#breadcrumb\",\"itemListElement\":[{\"@type\":\"ListItem\",\"position\":1,\"name\":\"Hem\",\"item\":\"https:\/\/abilica.com\/sv\/\"},{\"@type\":\"ListItem\",\"position\":2,\"name\":\"Produkter\",\"item\":\"https:\/\/abilica.com\/sv\/shop\/\"},{\"@type\":\"ListItem\",\"position\":3,\"name\":\"Abilica Premium RomanChair 90\"}]},{\"@type\":\"WebSite\",\"@id\":\"https:\/\/abilica.com\/#website\",\"url\":\"https:\/\/abilica.com\/\",\"name\":\"Abilica\",\"description\":\"Abilica Home Training\",\"potentialAction\":[{\"@type\":\"SearchAction\",\"target\":{\"@type\":\"EntryPoint\",\"urlTemplate\":\"https:\/\/abilica.com\/?s={search_term_string}\"},\"query-input\":{\"@type\":\"PropertyValueSpecification\",\"valueRequired\":true,\"valueName\":\"search_term_string\"}}],\"inLanguage\":\"sv-SE\"}]}<\/script>\n<!-- \/ Yoast SEO Premium plugin. -->","yoast_head_json":{"title":"Abilica Premium RomanChair 90 Abilica","robots":{"index":"index","follow":"follow","max-snippet":"max-snippet:-1","max-image-preview":"max-image-preview:large","max-video-preview":"max-video-preview:-1"},"canonical":"https:\/\/abilica.com\/sv\/kondition\/trappmaskin\/abilica-premium-romanchair-90\/","og_locale":"sv_SE","og_type":"article","og_title":"Abilica Premium RomanChair 90","og_description":"[vc_row][vc_column][vc_column_text css=&#8221;&#8221; el_class=&#8221;product-video&#8221;] Abilica Premium RomanChair 90 \u00e4r en specialutvecklad ryggresningsb\u00e4nk, utformad f\u00f6r s\u00e4ker och...","og_url":"https:\/\/abilica.com\/sv\/kondition\/trappmaskin\/abilica-premium-romanchair-90\/","og_site_name":"Abilica","article_publisher":"https:\/\/www.facebook.com\/abilicahometraining\/","article_modified_time":"2026-02-02T08:09:56+00:00","og_image":[{"width":1200,"height":1200,"url":"https:\/\/abilica.com\/wp-content\/uploads\/2026\/01\/416147_Abilica-Premium-RomanChair-90_1.jpg","type":"image\/jpeg"}],"twitter_card":"summary_large_image","twitter_misc":{"Ber\u00e4knad l\u00e4stid":"1 minut"},"schema":{"@context":"https:\/\/schema.org","@graph":[{"@type":"WebPage","@id":"https:\/\/abilica.com\/sv\/kondition\/trappmaskin\/abilica-premium-romanchair-90\/","url":"https:\/\/abilica.com\/sv\/kondition\/trappmaskin\/abilica-premium-romanchair-90\/","name":"Abilica Premium RomanChair 90 Abilica","isPartOf":{"@id":"https:\/\/abilica.com\/#website"},"primaryImageOfPage":{"@id":"https:\/\/abilica.com\/sv\/kondition\/trappmaskin\/abilica-premium-romanchair-90\/#primaryimage"},"image":{"@id":"https:\/\/abilica.com\/sv\/kondition\/trappmaskin\/abilica-premium-romanchair-90\/#primaryimage"},"thumbnailUrl":"https:\/\/abilica.com\/wp-content\/uploads\/2026\/01\/416147_Abilica-Premium-RomanChair-90_1.jpg","datePublished":"2026-01-13T12:50:05+00:00","dateModified":"2026-02-02T08:09:56+00:00","breadcrumb":{"@id":"https:\/\/abilica.com\/sv\/kondition\/trappmaskin\/abilica-premium-romanchair-90\/#breadcrumb"},"inLanguage":"sv-SE","potentialAction":[{"@type":"ReadAction","target":["https:\/\/abilica.com\/sv\/kondition\/trappmaskin\/abilica-premium-romanchair-90\/"]}]},{"@type":"ImageObject","inLanguage":"sv-SE","@id":"https:\/\/abilica.com\/sv\/kondition\/trappmaskin\/abilica-premium-romanchair-90\/#primaryimage","url":"https:\/\/abilica.com\/wp-content\/uploads\/2026\/01\/416147_Abilica-Premium-RomanChair-90_1.jpg","contentUrl":"https:\/\/abilica.com\/wp-content\/uploads\/2026\/01\/416147_Abilica-Premium-RomanChair-90_1.jpg","width":1200,"height":1200},{"@type":"BreadcrumbList","@id":"https:\/\/abilica.com\/sv\/kondition\/trappmaskin\/abilica-premium-romanchair-90\/#breadcrumb","itemListElement":[{"@type":"ListItem","position":1,"name":"Hem","item":"https:\/\/abilica.com\/sv\/"},{"@type":"ListItem","position":2,"name":"Produkter","item":"https:\/\/abilica.com\/sv\/shop\/"},{"@type":"ListItem","position":3,"name":"Abilica Premium RomanChair 90"}]},{"@type":"WebSite","@id":"https:\/\/abilica.com\/#website","url":"https:\/\/abilica.com\/","name":"Abilica","description":"Abilica Home Training","potentialAction":[{"@type":"SearchAction","target":{"@type":"EntryPoint","urlTemplate":"https:\/\/abilica.com\/?s={search_term_string}"},"query-input":{"@type":"PropertyValueSpecification","valueRequired":true,"valueName":"search_term_string"}}],"inLanguage":"sv-SE"}]}},"_links":{"self":[{"href":"https:\/\/abilica.com\/sv\/wp-json\/wp\/v2\/product\/70735","targetHints":{"allow":["GET"]}}],"collection":[{"href":"https:\/\/abilica.com\/sv\/wp-json\/wp\/v2\/product"}],"about":[{"href":"https:\/\/abilica.com\/sv\/wp-json\/wp\/v2\/types\/product"}],"wp:featuredmedia":[{"embeddable":true,"href":"https:\/\/abilica.com\/sv\/wp-json\/wp\/v2\/media\/70727"}],"wp:attachment":[{"href":"https:\/\/abilica.com\/sv\/wp-json\/wp\/v2\/media?parent=70735"}],"wp:term":[{"taxonomy":"product_brand","embeddable":true,"href":"https:\/\/abilica.com\/sv\/wp-json\/wp\/v2\/product_brand?post=70735"},{"taxonomy":"product_cat","embeddable":true,"href":"https:\/\/abilica.com\/sv\/wp-json\/wp\/v2\/product_cat?post=70735"},{"taxonomy":"product_tag","embeddable":true,"href":"https:\/\/abilica.com\/sv\/wp-json\/wp\/v2\/product_tag?post=70735"}],"curies":[{"name":"wp","href":"https:\/\/api.w.org\/{rel}","templated":true}]}}