{"id":70786,"date":"2026-01-15T10:37:56","date_gmt":"2026-01-15T09:37:56","guid":{"rendered":"https:\/\/abilica.com\/?post_type=product&#038;p=70786"},"modified":"2026-02-17T15:03:43","modified_gmt":"2026-02-17T14:03:43","slug":"abilica-premium-multirack-90","status":"publish","type":"product","link":"https:\/\/abilica.com\/sv\/styrka\/cage-rack-2\/abilica-premium-multirack-90\/","title":{"rendered":"Abilica Premium MultiRack 90"},"content":{"rendered":"<div class=\"wpb-content-wrapper\"><p>[vc_row][vc_column][vc_column_text css=&#8221;&#8221; el_class=&#8221;product-video&#8221;]<\/p>\n<p style=\"text-align: center;\"><strong>Abilica Premium MultiRack 90 \u00e4r det ultimata multiracket f\u00f6r dig som vill ha ett m\u00e5ngsidigt, robust och funktionsrikt tr\u00e4ningsredskap. Perfekt f\u00f6r b\u00e5de hemmagymmet och f\u00f6retagsgym.<\/strong><\/p>\n<p style=\"text-align: center;\">Med en solid st\u00e5lram i dimensionen 75 x 75 mm och smarta l\u00f6sningar kan du tr\u00e4na hela kroppen effektivt, s\u00e4kert och med stor variation.<\/p>\n<p style=\"text-align: center;\">MultiRack 90 ger dig obegr\u00e4nsade tr\u00e4ningsm\u00f6jligheter. De tv\u00e5 individuellt justerbara kabelpunkterna med 180\u00b0 rotation (popul\u00e4rt kallade tornado arms) och h\u00f6jdjustering s\u00e4kerst\u00e4ller optimal r\u00f6relsebana och belastning f\u00f6r alla kabel\u00f6vningar.<\/p>\n<p style=\"text-align: center;\">Racket levereras komplett med integrerad smithst\u00e5ng, latsdrag, sittande rodd, l\u00e5gt drag, h\u00f6gt drag, flyes, rotations\u00f6vningar samt ett brett utbud av funktionell styrkeutrustning som ut\u00f6kar \u00f6vningsm\u00f6jligheterna. Det omfattande tillbeh\u00f6rsutbudet g\u00f6r det enkelt att variera tr\u00e4ningen med styrkelyft och kabeltr\u00e4ning, eller att kombinera dessa efter behov.<\/p>\n<p style=\"text-align: center;\">Den integrerade chinsst\u00e5ngen \u00e4r utformad med kl\u00e4ttergrepp som ger varierad och utmanande tr\u00e4ning f\u00f6r rygg och armar.<\/p>\n<p style=\"text-align: center;\">Praktiska f\u00f6rvaringsl\u00f6sningar, inklusive sex viktskiveh\u00e5llare och h\u00e5llare f\u00f6r skivst\u00e5ng, h\u00e5ller tr\u00e4ningsytan prydlig och organiserad.<\/p>\n<p style=\"text-align: center;\">Abilica MultiRack 90 har tv\u00e5 separata viktmagasin p\u00e5 90,5 kg vardera, som fungerar oberoende av varandra. Detta g\u00f6r det m\u00f6jligt att tr\u00e4na varje sida av kroppen separat \u2013 perfekt f\u00f6r sportspecifika r\u00f6relser, styrkepass och hypertrofitr\u00e4ning.<\/p>\n<p style=\"text-align: center;\">En pulley-ratio p\u00e5 1:2 ger silkeslen r\u00f6relse och j\u00e4mnt motst\u00e5nd, vilket ger b\u00e4ttre kraft\u00f6verf\u00f6ring. Med den medf\u00f6ljande 2:1-adapterkroken kan du enkelt koppla samman b\u00e5da viktmagasinen f\u00f6r att f\u00e5 ett 1:1-f\u00f6rh\u00e5llande \u2013 perfekt n\u00e4r du vill \u00f6ka belastningen och utmana dig sj\u00e4lv.<\/p>\n<p style=\"text-align: center;\">Viktskivor, Bumper Plates och skivst\u00e5ng s\u00e4ljs separat.<\/p>\n<p style=\"text-align: center;\"><strong>Funktioner:<\/strong><br \/>\nSmithrack med integrerad smithst\u00e5ng.<br \/>\nHalf rack (skivst\u00e5ng medf\u00f6ljer ej).<br \/>\n2 kabeltorn med justerbar h\u00f6jd f\u00f6r 180\u00b0 cable crossover och latsdrag.<br \/>\nTv\u00e5 separata viktmagasin p\u00e5 90,5 kg vardera, totalt 181 kg.<br \/>\nTillbeh\u00f6rsplatta f\u00f6r f\u00f6rvaring av utrustning.<br \/>\nF\u00f6rvaring f\u00f6r 50 mm viktskivor\/bumper plates.<br \/>\nF\u00f6rvaring f\u00f6r 50 mm skivst\u00e5ng.<\/p>\n<p style=\"text-align: center;\">Chinsst\u00e5ng med kl\u00e4ttergrepp.<br \/>\nUtrustad med fotplatta f\u00f6r anv\u00e4ndning vid sittande rodd.<\/p>\n<p style=\"text-align: center;\"><strong>Tillbeh\u00f6r som ing\u00e5r:<\/strong><br \/>\nLat pull-up-st\u00e5ng<br \/>\nKort rak st\u00e5ng<br \/>\n2:1-adapterkrok<br \/>\nJ-hooks<br \/>\nS\u00e4kerhetsarmar (2 st)<br \/>\nHandtag (2 st)<br \/>\nAnkelrem<br \/>\nRoddhandtag<br \/>\nTricepsrep<br \/>\nBenpressplatta<br \/>\nLandmine<br \/>\nSkivst\u00e5ngsh\u00e5llare<\/p>\n<p style=\"text-align: center;\">Denna produkt \u00e4r inte avsedd f\u00f6r utomhusf\u00f6rvaring och b\u00f6r inte placeras p\u00e5 fuktigt eller v\u00e5tt underlag.<\/p>\n<p>&nbsp;<\/p>\n<div id=\"tabs_specifications-tab\" class=\"accordion-card-header\" style=\"text-align: center;\"><strong>Specifikationer<\/strong><\/div>\n<div id=\"tabs_specifications-content\" class=\"collapse show\" aria-labelledby=\"tabs_specifications-tab\">\n<div class=\"accordion-card-body py-3\">\n<p style=\"text-align: center;\" data-start=\"46\" data-end=\"381\">M\u00e5tt monterad: 165 cm \u00d7 191 cm \u00d7 220 cm (L \u00d7 B \u00d7 H)<br data-start=\"101\" data-end=\"104\" \/>L\u00e4ngd s\u00e4kerhetsarmar: 49 cm<br data-start=\"135\" data-end=\"138\" \/>Justeringsniv\u00e5er J-hooks: 38<br data-start=\"170\" data-end=\"173\" \/>Justeringsniv\u00e5er smithst\u00e5ng: 13<br data-start=\"208\" data-end=\"211\" \/>Ramstorlek: 75 \u00d7 75 mm<br data-start=\"237\" data-end=\"240\" \/>St\u00e5ltjocklek: 2 mm<br data-start=\"262\" data-end=\"265\" \/>H\u00e5ldiameter: 25,4 mm<br data-start=\"289\" data-end=\"292\" \/>Antal pulley-justeringar: 29 st<br data-start=\"327\" data-end=\"330\" \/>Viktmagasin: 90,5 kg per sida (totalt 181 kg)<\/p>\n<p style=\"text-align: center;\" data-start=\"383\" data-end=\"528\">Viktintervall (19 steg):<br data-start=\"411\" data-end=\"414\" \/>9,5 \u2013 14 \u2013 18,5 \u2013 23 \u2013 27 \u2013 32 \u2013 36,5 \u2013 41 \u2013 45,5 \u2013 50 \u2013 54,5 \u2013 59 \u2013 63,5 \u2013 68 \u2013 72,5 \u2013 77 \u2013 81,5 \u2013 86 \u2013 90,5 kg<\/p>\n<p style=\"text-align: center;\" data-start=\"530\" data-end=\"603\">Produktvikt: 469 kg<br data-start=\"553\" data-end=\"556\" \/>Anv\u00e4ndningsomr\u00e5de: Hemmatr\u00e4ning och f\u00f6retag<\/p>\n<div style=\"width: 640px;\" class=\"wp-video\"><!--[if lt IE 9]><script>document.createElement('video');<\/script><![endif]-->\n<video class=\"wp-video-shortcode\" id=\"video-70786-1\" width=\"640\" height=\"360\" poster=\"https:\/\/abilica.com\/wp-content\/uploads\/2026\/01\/416160_MultiRack-90_50.jpg\" preload=\"metadata\" controls=\"controls\"><source type=\"video\/mp4\" src=\"https:\/\/abilica.com\/wp-content\/uploads\/2026\/02\/Abilica-Premium-MultiRack-90_Nett_Bredde.mp4?_=1\" \/><a href=\"https:\/\/abilica.com\/wp-content\/uploads\/2026\/02\/Abilica-Premium-MultiRack-90_Nett_Bredde.mp4\">https:\/\/abilica.com\/wp-content\/uploads\/2026\/02\/Abilica-Premium-MultiRack-90_Nett_Bredde.mp4<\/a><\/video><\/div>\n<\/div>\n<\/div>\n<p>[\/vc_column_text][\/vc_column][\/vc_row]<\/p>\n<\/div>","protected":false},"excerpt":{"rendered":"<p>[vc_row][vc_column][vc_column_text css=&#8221;&#8221; el_class=&#8221;product-video&#8221;] Abilica Premium MultiRack 90 \u00e4r det ultimata multiracket f\u00f6r dig som vill&#8230;<\/p>\n","protected":false},"featured_media":70751,"template":"","meta":{"_acf_changed":false},"product_brand":[],"product_cat":[513,471],"product_tag":[49],"class_list":{"0":"post-70786","1":"product","2":"type-product","3":"status-publish","4":"has-post-thumbnail","6":"product_cat-cage-rack-2","7":"product_cat-styrka","8":"product_tag-premium","10":"first","11":"outofstock","12":"product-type-simple"},"acf":[],"yoast_head":"<!-- This site is optimized with the Yoast SEO Premium plugin v21.1 (Yoast SEO v25.4) - https:\/\/yoast.com\/wordpress\/plugins\/seo\/ -->\n<title>Abilica Premium MultiRack 90 Abilica<\/title>\n<meta name=\"robots\" content=\"index, follow, max-snippet:-1, max-image-preview:large, max-video-preview:-1\" \/>\n<link rel=\"canonical\" href=\"https:\/\/abilica.com\/sv\/styrka\/cage-rack-2\/abilica-premium-multirack-90\/\" \/>\n<meta property=\"og:locale\" content=\"sv_SE\" \/>\n<meta property=\"og:type\" content=\"article\" \/>\n<meta property=\"og:title\" content=\"Abilica Premium MultiRack 90\" \/>\n<meta property=\"og:description\" content=\"[vc_row][vc_column][vc_column_text css=&#8221;&#8221; el_class=&#8221;product-video&#8221;] Abilica Premium MultiRack 90 \u00e4r det ultimata multiracket f\u00f6r dig som vill...\" \/>\n<meta property=\"og:url\" content=\"https:\/\/abilica.com\/sv\/styrka\/cage-rack-2\/abilica-premium-multirack-90\/\" \/>\n<meta property=\"og:site_name\" content=\"Abilica\" \/>\n<meta property=\"article:publisher\" content=\"https:\/\/www.facebook.com\/abilicahometraining\/\" \/>\n<meta property=\"article:modified_time\" content=\"2026-02-17T14:03:43+00:00\" \/>\n<meta property=\"og:image\" content=\"https:\/\/abilica.com\/wp-content\/uploads\/2026\/01\/416160_Abilica-Premium-MultiRack-90_04.jpg\" \/>\n\t<meta property=\"og:image:width\" content=\"1200\" \/>\n\t<meta property=\"og:image:height\" content=\"1200\" \/>\n\t<meta property=\"og:image:type\" content=\"image\/jpeg\" \/>\n<meta name=\"twitter:card\" content=\"summary_large_image\" \/>\n<meta name=\"twitter:label1\" content=\"Ber\u00e4knad l\u00e4stid\" \/>\n\t<meta name=\"twitter:data1\" content=\"2 minuter\" \/>\n<script type=\"application\/ld+json\" class=\"yoast-schema-graph\">{\"@context\":\"https:\/\/schema.org\",\"@graph\":[{\"@type\":\"WebPage\",\"@id\":\"https:\/\/abilica.com\/sv\/styrka\/cage-rack-2\/abilica-premium-multirack-90\/\",\"url\":\"https:\/\/abilica.com\/sv\/styrka\/cage-rack-2\/abilica-premium-multirack-90\/\",\"name\":\"Abilica Premium MultiRack 90 Abilica\",\"isPartOf\":{\"@id\":\"https:\/\/abilica.com\/#website\"},\"primaryImageOfPage\":{\"@id\":\"https:\/\/abilica.com\/sv\/styrka\/cage-rack-2\/abilica-premium-multirack-90\/#primaryimage\"},\"image\":{\"@id\":\"https:\/\/abilica.com\/sv\/styrka\/cage-rack-2\/abilica-premium-multirack-90\/#primaryimage\"},\"thumbnailUrl\":\"https:\/\/abilica.com\/wp-content\/uploads\/2026\/01\/416160_Abilica-Premium-MultiRack-90_04.jpg\",\"datePublished\":\"2026-01-15T09:37:56+00:00\",\"dateModified\":\"2026-02-17T14:03:43+00:00\",\"breadcrumb\":{\"@id\":\"https:\/\/abilica.com\/sv\/styrka\/cage-rack-2\/abilica-premium-multirack-90\/#breadcrumb\"},\"inLanguage\":\"sv-SE\",\"potentialAction\":[{\"@type\":\"ReadAction\",\"target\":[\"https:\/\/abilica.com\/sv\/styrka\/cage-rack-2\/abilica-premium-multirack-90\/\"]}]},{\"@type\":\"ImageObject\",\"inLanguage\":\"sv-SE\",\"@id\":\"https:\/\/abilica.com\/sv\/styrka\/cage-rack-2\/abilica-premium-multirack-90\/#primaryimage\",\"url\":\"https:\/\/abilica.com\/wp-content\/uploads\/2026\/01\/416160_Abilica-Premium-MultiRack-90_04.jpg\",\"contentUrl\":\"https:\/\/abilica.com\/wp-content\/uploads\/2026\/01\/416160_Abilica-Premium-MultiRack-90_04.jpg\",\"width\":1200,\"height\":1200},{\"@type\":\"BreadcrumbList\",\"@id\":\"https:\/\/abilica.com\/sv\/styrka\/cage-rack-2\/abilica-premium-multirack-90\/#breadcrumb\",\"itemListElement\":[{\"@type\":\"ListItem\",\"position\":1,\"name\":\"Hem\",\"item\":\"https:\/\/abilica.com\/sv\/\"},{\"@type\":\"ListItem\",\"position\":2,\"name\":\"Produkter\",\"item\":\"https:\/\/abilica.com\/sv\/shop\/\"},{\"@type\":\"ListItem\",\"position\":3,\"name\":\"Abilica Premium MultiRack 90\"}]},{\"@type\":\"WebSite\",\"@id\":\"https:\/\/abilica.com\/#website\",\"url\":\"https:\/\/abilica.com\/\",\"name\":\"Abilica\",\"description\":\"Abilica Home Training\",\"potentialAction\":[{\"@type\":\"SearchAction\",\"target\":{\"@type\":\"EntryPoint\",\"urlTemplate\":\"https:\/\/abilica.com\/?s={search_term_string}\"},\"query-input\":{\"@type\":\"PropertyValueSpecification\",\"valueRequired\":true,\"valueName\":\"search_term_string\"}}],\"inLanguage\":\"sv-SE\"}]}<\/script>\n<!-- \/ Yoast SEO Premium plugin. -->","yoast_head_json":{"title":"Abilica Premium MultiRack 90 Abilica","robots":{"index":"index","follow":"follow","max-snippet":"max-snippet:-1","max-image-preview":"max-image-preview:large","max-video-preview":"max-video-preview:-1"},"canonical":"https:\/\/abilica.com\/sv\/styrka\/cage-rack-2\/abilica-premium-multirack-90\/","og_locale":"sv_SE","og_type":"article","og_title":"Abilica Premium MultiRack 90","og_description":"[vc_row][vc_column][vc_column_text css=&#8221;&#8221; el_class=&#8221;product-video&#8221;] Abilica Premium MultiRack 90 \u00e4r det ultimata multiracket f\u00f6r dig som vill...","og_url":"https:\/\/abilica.com\/sv\/styrka\/cage-rack-2\/abilica-premium-multirack-90\/","og_site_name":"Abilica","article_publisher":"https:\/\/www.facebook.com\/abilicahometraining\/","article_modified_time":"2026-02-17T14:03:43+00:00","og_image":[{"width":1200,"height":1200,"url":"https:\/\/abilica.com\/wp-content\/uploads\/2026\/01\/416160_Abilica-Premium-MultiRack-90_04.jpg","type":"image\/jpeg"}],"twitter_card":"summary_large_image","twitter_misc":{"Ber\u00e4knad l\u00e4stid":"2 minuter"},"schema":{"@context":"https:\/\/schema.org","@graph":[{"@type":"WebPage","@id":"https:\/\/abilica.com\/sv\/styrka\/cage-rack-2\/abilica-premium-multirack-90\/","url":"https:\/\/abilica.com\/sv\/styrka\/cage-rack-2\/abilica-premium-multirack-90\/","name":"Abilica Premium MultiRack 90 Abilica","isPartOf":{"@id":"https:\/\/abilica.com\/#website"},"primaryImageOfPage":{"@id":"https:\/\/abilica.com\/sv\/styrka\/cage-rack-2\/abilica-premium-multirack-90\/#primaryimage"},"image":{"@id":"https:\/\/abilica.com\/sv\/styrka\/cage-rack-2\/abilica-premium-multirack-90\/#primaryimage"},"thumbnailUrl":"https:\/\/abilica.com\/wp-content\/uploads\/2026\/01\/416160_Abilica-Premium-MultiRack-90_04.jpg","datePublished":"2026-01-15T09:37:56+00:00","dateModified":"2026-02-17T14:03:43+00:00","breadcrumb":{"@id":"https:\/\/abilica.com\/sv\/styrka\/cage-rack-2\/abilica-premium-multirack-90\/#breadcrumb"},"inLanguage":"sv-SE","potentialAction":[{"@type":"ReadAction","target":["https:\/\/abilica.com\/sv\/styrka\/cage-rack-2\/abilica-premium-multirack-90\/"]}]},{"@type":"ImageObject","inLanguage":"sv-SE","@id":"https:\/\/abilica.com\/sv\/styrka\/cage-rack-2\/abilica-premium-multirack-90\/#primaryimage","url":"https:\/\/abilica.com\/wp-content\/uploads\/2026\/01\/416160_Abilica-Premium-MultiRack-90_04.jpg","contentUrl":"https:\/\/abilica.com\/wp-content\/uploads\/2026\/01\/416160_Abilica-Premium-MultiRack-90_04.jpg","width":1200,"height":1200},{"@type":"BreadcrumbList","@id":"https:\/\/abilica.com\/sv\/styrka\/cage-rack-2\/abilica-premium-multirack-90\/#breadcrumb","itemListElement":[{"@type":"ListItem","position":1,"name":"Hem","item":"https:\/\/abilica.com\/sv\/"},{"@type":"ListItem","position":2,"name":"Produkter","item":"https:\/\/abilica.com\/sv\/shop\/"},{"@type":"ListItem","position":3,"name":"Abilica Premium MultiRack 90"}]},{"@type":"WebSite","@id":"https:\/\/abilica.com\/#website","url":"https:\/\/abilica.com\/","name":"Abilica","description":"Abilica Home Training","potentialAction":[{"@type":"SearchAction","target":{"@type":"EntryPoint","urlTemplate":"https:\/\/abilica.com\/?s={search_term_string}"},"query-input":{"@type":"PropertyValueSpecification","valueRequired":true,"valueName":"search_term_string"}}],"inLanguage":"sv-SE"}]}},"_links":{"self":[{"href":"https:\/\/abilica.com\/sv\/wp-json\/wp\/v2\/product\/70786","targetHints":{"allow":["GET"]}}],"collection":[{"href":"https:\/\/abilica.com\/sv\/wp-json\/wp\/v2\/product"}],"about":[{"href":"https:\/\/abilica.com\/sv\/wp-json\/wp\/v2\/types\/product"}],"wp:featuredmedia":[{"embeddable":true,"href":"https:\/\/abilica.com\/sv\/wp-json\/wp\/v2\/media\/70751"}],"wp:attachment":[{"href":"https:\/\/abilica.com\/sv\/wp-json\/wp\/v2\/media?parent=70786"}],"wp:term":[{"taxonomy":"product_brand","embeddable":true,"href":"https:\/\/abilica.com\/sv\/wp-json\/wp\/v2\/product_brand?post=70786"},{"taxonomy":"product_cat","embeddable":true,"href":"https:\/\/abilica.com\/sv\/wp-json\/wp\/v2\/product_cat?post=70786"},{"taxonomy":"product_tag","embeddable":true,"href":"https:\/\/abilica.com\/sv\/wp-json\/wp\/v2\/product_tag?post=70786"}],"curies":[{"name":"wp","href":"https:\/\/api.w.org\/{rel}","templated":true}]}}