{"id":70823,"date":"2026-01-28T09:25:51","date_gmt":"2026-01-28T08:25:51","guid":{"rendered":"https:\/\/abilica.com\/?post_type=product&#038;p=70823"},"modified":"2026-01-29T15:31:32","modified_gmt":"2026-01-29T14:31:32","slug":"abilica-foldablerack-50","status":"publish","type":"product","link":"https:\/\/abilica.com\/sv\/styrka\/cage-rack-2\/abilica-foldablerack-50\/","title":{"rendered":"Abilica FoldableRack 50"},"content":{"rendered":"<div class=\"wpb-content-wrapper\"><p>[vc_row][vc_column][vc_column_text css=&#8221;&#8221; el_class=&#8221;product-video&#8221;]<strong>Abilica FoldableRack 50 \u00e4r ett stabilt, f\u00e4llbart rack som \u00e4r perfekt f\u00f6r dig som vill utnyttja utrymmet maximalt i tr\u00e4ningsrummet eller garaget.<\/strong><\/p>\n<p>FoldableRack 50 l\u00e5ter dig utf\u00f6ra alla \u00f6vningar som du kan g\u00f6ra i ett fullstort rack, s\u00e5som kn\u00e4b\u00f6j, b\u00e4nkpress, milit\u00e4rpress, chins\/h\u00e4ngande drag, m.m. FoldableRack 50 \u00e4r ett kraftigt rack som \u00e4r konstruerat f\u00f6r att t\u00e5la h\u00f6g belastning. Skivst\u00e5ngsh\u00e5llarna klarar en belastning p\u00e5 250 kg, s\u00e4kerhetsarmarna 250 kg och pull-up-handtagen 200 kg. N\u00e4r du \u00e4r klar med tr\u00e4ningen f\u00e4lls racket enkelt ihop genom att ta ut l\u00e5spinnarna p\u00e5 baksidan av racket och ta bort pull-up-st\u00e5ngen. N\u00e4r Abilica FoldableRack 50 \u00e4r hopf\u00e4llt m\u00e4ter det endast 15 cm ut fr\u00e5n v\u00e4ggen. Det g\u00f6r det enkelt att utf\u00f6ra andra \u00f6vningar i tr\u00e4ningsrummet eller att anv\u00e4nda utrymmet till n\u00e5got helt annat.<\/p>\n<p>Racket har 4 f\u00e4stpunkter som kr\u00e4ver 2 bultar vardera. V\u00e4ggf\u00e4stena till FoldableRack sitter 120 cm fr\u00e5n varandra f\u00f6r att passa standardv\u00e4ggreglar. Vi rekommenderar att FoldableRack f\u00f6rankras med kraftiga tr\u00e4skruvar eller betongbultar beroende p\u00e5 v\u00e4ggtyp.<\/p>\n<p>Vid k\u00f6p av Abilica Landmine-Attachment ut\u00f6kas \u00f6vningsutbudet ytterligare med \u00f6vningar som landmines, landmine thrusters och mer. Tv\u00e5 BandPegs f\u00f6r f\u00e4ste av tr\u00e4ningsband ing\u00e5r och g\u00f6r det m\u00f6jligt att tr\u00e4na med band p\u00e5 skivst\u00e5ngen f\u00f6r att \u00f6ka eller minska belastningen i den \u00f6vre eller nedre delen av r\u00f6relsen.<\/p>\n<p>Denna produkt \u00e4r inte avsedd f\u00f6r utomhusf\u00f6rvaring och b\u00f6r inte placeras p\u00e5 fuktigt eller v\u00e5tt underlag.<\/p>\n<p><strong><br \/>\nSpecifikationer<br \/>\n<\/strong>M\u00e5tt uppmonterad: 101 \u00d7 130 \u00d7 216 cm (L \u00d7 B \u00d7 H)<br \/>\nM\u00e5tt hopf\u00e4lld: 15 \u00d7 130 \u00d7 216 cm (L \u00d7 B \u00d7 H)<br \/>\nRamstorlek: 60 \u00d7 60 mm<br \/>\nSt\u00e5ltjocklek: 2,5 mm<br \/>\nH\u00e5ldiameter: 16 mm<br \/>\nAntal justeringsh\u00e5l: 29<br \/>\nSkivst\u00e5ngsh\u00e5llare (J-hooks): 250 kg<br \/>\nS\u00e4kerhetsarmar: 250 kg<br \/>\nPull-up-handtag: 200 kg<br \/>\nProduktvikt: 53 kg<br \/>\nAnv\u00e4ndningsomr\u00e5de: Hemmatr\u00e4ning och f\u00f6retag<\/p>\n<p><em>Bilderna fr\u00e5n tr\u00e4ningsrummet visar en tidigare version av produkten, och vissa detaljer kan d\u00e4rf\u00f6r avvika fr\u00e5n dagens modell.<\/em>[\/vc_column_text][vc_empty_space height=&#8221;52px&#8221;][vc_btn title=&#8221;Underh\u00e5llstips&#8221; style=&#8221;flat&#8221; color=&#8221;black&#8221; i_icon_fontawesome=&#8221;fas fa-align-left&#8221; add_icon=&#8221;true&#8221; link=&#8221;url:https%3A%2F%2Fabilica.com%2Fse%2Ftraningsartiklar%2Ftraningstips-for-kondition%2Funderhall-av-traningsmaskiner%2F|title:Underh%C3%A5ll%20av%20tr%C3%A4ningsmaskiner&#8221;][vc_btn title=&#8221;Tr\u00e4ningstips&#8221; style=&#8221;flat&#8221; color=&#8221;black&#8221; i_icon_fontawesome=&#8221;fas fa-align-left&#8221; add_icon=&#8221;true&#8221; link=&#8221;url:https%3A%2F%2Fabilica.com%2Fse%2Fmanga-mojligheter-med-rack%2F|title:Underh%C3%A5ll%20av%20tr%C3%A4ningsmaskiner&#8221;][\/vc_column][\/vc_row]<\/p>\n<\/div>","protected":false},"excerpt":{"rendered":"<p>[vc_row][vc_column][vc_column_text css=&#8221;&#8221; el_class=&#8221;product-video&#8221;]Abilica FoldableRack 50 \u00e4r ett stabilt, f\u00e4llbart rack som \u00e4r perfekt f\u00f6r dig&#8230;<\/p>\n","protected":false},"featured_media":70807,"template":"","meta":{"_acf_changed":false},"product_brand":[],"product_cat":[513,471],"product_tag":[],"class_list":{"0":"post-70823","1":"product","2":"type-product","3":"status-publish","4":"has-post-thumbnail","6":"product_cat-cage-rack-2","7":"product_cat-styrka","9":"first","10":"outofstock","11":"product-type-simple"},"acf":[],"yoast_head":"<!-- This site is optimized with the Yoast SEO Premium plugin v21.1 (Yoast SEO v25.4) - https:\/\/yoast.com\/wordpress\/plugins\/seo\/ -->\n<title>Abilica FoldableRack 50 Abilica<\/title>\n<meta name=\"robots\" content=\"index, follow, max-snippet:-1, max-image-preview:large, max-video-preview:-1\" \/>\n<link rel=\"canonical\" href=\"https:\/\/abilica.com\/sv\/styrka\/cage-rack-2\/abilica-foldablerack-50\/\" \/>\n<meta property=\"og:locale\" content=\"sv_SE\" \/>\n<meta property=\"og:type\" content=\"article\" \/>\n<meta property=\"og:title\" content=\"Abilica FoldableRack 50\" \/>\n<meta property=\"og:description\" content=\"[vc_row][vc_column][vc_column_text css=&#8221;&#8221; el_class=&#8221;product-video&#8221;]Abilica FoldableRack 50 \u00e4r ett stabilt, f\u00e4llbart rack som \u00e4r perfekt f\u00f6r dig...\" \/>\n<meta property=\"og:url\" content=\"https:\/\/abilica.com\/sv\/styrka\/cage-rack-2\/abilica-foldablerack-50\/\" \/>\n<meta property=\"og:site_name\" content=\"Abilica\" \/>\n<meta property=\"article:publisher\" content=\"https:\/\/www.facebook.com\/abilicahometraining\/\" \/>\n<meta property=\"article:modified_time\" content=\"2026-01-29T14:31:32+00:00\" \/>\n<meta property=\"og:image\" content=\"https:\/\/abilica.com\/wp-content\/uploads\/2026\/01\/418984_Abilica-Foldable-Rack-50_03.jpg\" \/>\n\t<meta property=\"og:image:width\" content=\"1200\" \/>\n\t<meta property=\"og:image:height\" content=\"1200\" \/>\n\t<meta property=\"og:image:type\" content=\"image\/jpeg\" \/>\n<meta name=\"twitter:card\" content=\"summary_large_image\" \/>\n<meta name=\"twitter:label1\" content=\"Ber\u00e4knad l\u00e4stid\" \/>\n\t<meta name=\"twitter:data1\" content=\"2 minuter\" \/>\n<script type=\"application\/ld+json\" class=\"yoast-schema-graph\">{\"@context\":\"https:\/\/schema.org\",\"@graph\":[{\"@type\":\"WebPage\",\"@id\":\"https:\/\/abilica.com\/sv\/styrka\/cage-rack-2\/abilica-foldablerack-50\/\",\"url\":\"https:\/\/abilica.com\/sv\/styrka\/cage-rack-2\/abilica-foldablerack-50\/\",\"name\":\"Abilica FoldableRack 50 Abilica\",\"isPartOf\":{\"@id\":\"https:\/\/abilica.com\/#website\"},\"primaryImageOfPage\":{\"@id\":\"https:\/\/abilica.com\/sv\/styrka\/cage-rack-2\/abilica-foldablerack-50\/#primaryimage\"},\"image\":{\"@id\":\"https:\/\/abilica.com\/sv\/styrka\/cage-rack-2\/abilica-foldablerack-50\/#primaryimage\"},\"thumbnailUrl\":\"https:\/\/abilica.com\/wp-content\/uploads\/2026\/01\/418984_Abilica-Foldable-Rack-50_03.jpg\",\"datePublished\":\"2026-01-28T08:25:51+00:00\",\"dateModified\":\"2026-01-29T14:31:32+00:00\",\"breadcrumb\":{\"@id\":\"https:\/\/abilica.com\/sv\/styrka\/cage-rack-2\/abilica-foldablerack-50\/#breadcrumb\"},\"inLanguage\":\"sv-SE\",\"potentialAction\":[{\"@type\":\"ReadAction\",\"target\":[\"https:\/\/abilica.com\/sv\/styrka\/cage-rack-2\/abilica-foldablerack-50\/\"]}]},{\"@type\":\"ImageObject\",\"inLanguage\":\"sv-SE\",\"@id\":\"https:\/\/abilica.com\/sv\/styrka\/cage-rack-2\/abilica-foldablerack-50\/#primaryimage\",\"url\":\"https:\/\/abilica.com\/wp-content\/uploads\/2026\/01\/418984_Abilica-Foldable-Rack-50_03.jpg\",\"contentUrl\":\"https:\/\/abilica.com\/wp-content\/uploads\/2026\/01\/418984_Abilica-Foldable-Rack-50_03.jpg\",\"width\":1200,\"height\":1200},{\"@type\":\"BreadcrumbList\",\"@id\":\"https:\/\/abilica.com\/sv\/styrka\/cage-rack-2\/abilica-foldablerack-50\/#breadcrumb\",\"itemListElement\":[{\"@type\":\"ListItem\",\"position\":1,\"name\":\"Hem\",\"item\":\"https:\/\/abilica.com\/sv\/\"},{\"@type\":\"ListItem\",\"position\":2,\"name\":\"Produkter\",\"item\":\"https:\/\/abilica.com\/sv\/shop\/\"},{\"@type\":\"ListItem\",\"position\":3,\"name\":\"Abilica FoldableRack 50\"}]},{\"@type\":\"WebSite\",\"@id\":\"https:\/\/abilica.com\/#website\",\"url\":\"https:\/\/abilica.com\/\",\"name\":\"Abilica\",\"description\":\"Abilica Home Training\",\"potentialAction\":[{\"@type\":\"SearchAction\",\"target\":{\"@type\":\"EntryPoint\",\"urlTemplate\":\"https:\/\/abilica.com\/?s={search_term_string}\"},\"query-input\":{\"@type\":\"PropertyValueSpecification\",\"valueRequired\":true,\"valueName\":\"search_term_string\"}}],\"inLanguage\":\"sv-SE\"}]}<\/script>\n<!-- \/ Yoast SEO Premium plugin. -->","yoast_head_json":{"title":"Abilica FoldableRack 50 Abilica","robots":{"index":"index","follow":"follow","max-snippet":"max-snippet:-1","max-image-preview":"max-image-preview:large","max-video-preview":"max-video-preview:-1"},"canonical":"https:\/\/abilica.com\/sv\/styrka\/cage-rack-2\/abilica-foldablerack-50\/","og_locale":"sv_SE","og_type":"article","og_title":"Abilica FoldableRack 50","og_description":"[vc_row][vc_column][vc_column_text css=&#8221;&#8221; el_class=&#8221;product-video&#8221;]Abilica FoldableRack 50 \u00e4r ett stabilt, f\u00e4llbart rack som \u00e4r perfekt f\u00f6r dig...","og_url":"https:\/\/abilica.com\/sv\/styrka\/cage-rack-2\/abilica-foldablerack-50\/","og_site_name":"Abilica","article_publisher":"https:\/\/www.facebook.com\/abilicahometraining\/","article_modified_time":"2026-01-29T14:31:32+00:00","og_image":[{"width":1200,"height":1200,"url":"https:\/\/abilica.com\/wp-content\/uploads\/2026\/01\/418984_Abilica-Foldable-Rack-50_03.jpg","type":"image\/jpeg"}],"twitter_card":"summary_large_image","twitter_misc":{"Ber\u00e4knad l\u00e4stid":"2 minuter"},"schema":{"@context":"https:\/\/schema.org","@graph":[{"@type":"WebPage","@id":"https:\/\/abilica.com\/sv\/styrka\/cage-rack-2\/abilica-foldablerack-50\/","url":"https:\/\/abilica.com\/sv\/styrka\/cage-rack-2\/abilica-foldablerack-50\/","name":"Abilica FoldableRack 50 Abilica","isPartOf":{"@id":"https:\/\/abilica.com\/#website"},"primaryImageOfPage":{"@id":"https:\/\/abilica.com\/sv\/styrka\/cage-rack-2\/abilica-foldablerack-50\/#primaryimage"},"image":{"@id":"https:\/\/abilica.com\/sv\/styrka\/cage-rack-2\/abilica-foldablerack-50\/#primaryimage"},"thumbnailUrl":"https:\/\/abilica.com\/wp-content\/uploads\/2026\/01\/418984_Abilica-Foldable-Rack-50_03.jpg","datePublished":"2026-01-28T08:25:51+00:00","dateModified":"2026-01-29T14:31:32+00:00","breadcrumb":{"@id":"https:\/\/abilica.com\/sv\/styrka\/cage-rack-2\/abilica-foldablerack-50\/#breadcrumb"},"inLanguage":"sv-SE","potentialAction":[{"@type":"ReadAction","target":["https:\/\/abilica.com\/sv\/styrka\/cage-rack-2\/abilica-foldablerack-50\/"]}]},{"@type":"ImageObject","inLanguage":"sv-SE","@id":"https:\/\/abilica.com\/sv\/styrka\/cage-rack-2\/abilica-foldablerack-50\/#primaryimage","url":"https:\/\/abilica.com\/wp-content\/uploads\/2026\/01\/418984_Abilica-Foldable-Rack-50_03.jpg","contentUrl":"https:\/\/abilica.com\/wp-content\/uploads\/2026\/01\/418984_Abilica-Foldable-Rack-50_03.jpg","width":1200,"height":1200},{"@type":"BreadcrumbList","@id":"https:\/\/abilica.com\/sv\/styrka\/cage-rack-2\/abilica-foldablerack-50\/#breadcrumb","itemListElement":[{"@type":"ListItem","position":1,"name":"Hem","item":"https:\/\/abilica.com\/sv\/"},{"@type":"ListItem","position":2,"name":"Produkter","item":"https:\/\/abilica.com\/sv\/shop\/"},{"@type":"ListItem","position":3,"name":"Abilica FoldableRack 50"}]},{"@type":"WebSite","@id":"https:\/\/abilica.com\/#website","url":"https:\/\/abilica.com\/","name":"Abilica","description":"Abilica Home Training","potentialAction":[{"@type":"SearchAction","target":{"@type":"EntryPoint","urlTemplate":"https:\/\/abilica.com\/?s={search_term_string}"},"query-input":{"@type":"PropertyValueSpecification","valueRequired":true,"valueName":"search_term_string"}}],"inLanguage":"sv-SE"}]}},"_links":{"self":[{"href":"https:\/\/abilica.com\/sv\/wp-json\/wp\/v2\/product\/70823","targetHints":{"allow":["GET"]}}],"collection":[{"href":"https:\/\/abilica.com\/sv\/wp-json\/wp\/v2\/product"}],"about":[{"href":"https:\/\/abilica.com\/sv\/wp-json\/wp\/v2\/types\/product"}],"wp:featuredmedia":[{"embeddable":true,"href":"https:\/\/abilica.com\/sv\/wp-json\/wp\/v2\/media\/70807"}],"wp:attachment":[{"href":"https:\/\/abilica.com\/sv\/wp-json\/wp\/v2\/media?parent=70823"}],"wp:term":[{"taxonomy":"product_brand","embeddable":true,"href":"https:\/\/abilica.com\/sv\/wp-json\/wp\/v2\/product_brand?post=70823"},{"taxonomy":"product_cat","embeddable":true,"href":"https:\/\/abilica.com\/sv\/wp-json\/wp\/v2\/product_cat?post=70823"},{"taxonomy":"product_tag","embeddable":true,"href":"https:\/\/abilica.com\/sv\/wp-json\/wp\/v2\/product_tag?post=70823"}],"curies":[{"name":"wp","href":"https:\/\/api.w.org\/{rel}","templated":true}]}}