{"id":70903,"date":"2026-01-28T10:19:39","date_gmt":"2026-01-28T09:19:39","guid":{"rendered":"https:\/\/abilica.com\/?post_type=product&#038;p=70903"},"modified":"2026-01-29T15:44:47","modified_gmt":"2026-01-29T14:44:47","slug":"abilica-medicineball-2-10-kg","status":"publish","type":"product","link":"https:\/\/abilica.com\/sv\/styrka\/medicinboll\/abilica-medicineball-2-10-kg\/","title":{"rendered":"Abilica MedicineBall 2-10 kg"},"content":{"rendered":"<div class=\"wpb-content-wrapper\"><p>[vc_row][vc_column][vc_column_text css=&#8221;&#8221; el_class=&#8221;product-video&#8221;]Medicinboll \u00e4r ett m\u00e5ngsidigt och popul\u00e4rt tr\u00e4ningsredskap som ger stor variation i tr\u00e4ningen och passar lika bra f\u00f6r hemmatr\u00e4ning som f\u00f6r f\u00f6retag och tr\u00e4ningsanl\u00e4ggningar. Den anv\u00e4nds av b\u00e5de nyb\u00f6rjare och erfarna ut\u00f6vare och \u00e4r s\u00e4rskilt v\u00e4l l\u00e4mpad f\u00f6r funktionell styrketr\u00e4ning.<\/p>\n<p>Tr\u00e4ning med medicinboll bidrar till att utveckla styrka, balans, koordination och b\u00e5lmuskulatur p\u00e5 ett naturligt och effektivt s\u00e4tt. \u00d6vningarna aktiverar flera muskelgrupper samtidigt och ger en dynamisk tr\u00e4ningsform som utmanar hela kroppen.<\/p>\n<p>Rotationer, kast, utfall och kn\u00e4b\u00f6j med medicinboll belastar kroppen p\u00e5 ett annat s\u00e4tt \u00e4n traditionella vikter och bidrar till \u00f6kad kroppskontroll, stabilitet och explosivitet. Detta g\u00f6r medicinboll till ett utm\u00e4rkt komplement till styrketr\u00e4ning, cirkeltr\u00e4ning, idrottstr\u00e4ning och rehabilitering.<\/p>\n<p>Abilica Medicinbollar finns tillg\u00e4ngliga i viktklasserna 2, 4, 6, 8 och 10 kg, s\u00e5 att du enkelt kan v\u00e4lja r\u00e4tt motst\u00e5nd utifr\u00e5n tr\u00e4ningsniv\u00e5 och m\u00e5ls\u00e4ttning. Det g\u00f6r bollarna v\u00e4l l\u00e4mpade f\u00f6r b\u00e5de tekniktr\u00e4ning, uth\u00e5llighet och styrka \u2013 oavsett om du tr\u00e4nar hemma eller i en professionell tr\u00e4ningsmilj\u00f6. \u00d6nskar du en boll som inte studsar rekommenderar vi slamballs.<\/p>\n<p>Medicinbollarna har en slitstark och strukturerad yta som ger bra grepp och \u00e4r konstruerade f\u00f6r regelbunden anv\u00e4ndning \u00f6ver tid.<\/p>\n<p><strong>Specifikationer<br \/>\n<\/strong>Diameter:<br data-start=\"50\" data-end=\"53\" \/>2 kg: 19 cm<br data-start=\"64\" data-end=\"67\" \/>3\u20135 kg: 23 cm<br data-start=\"80\" data-end=\"83\" \/>6\u201310 kg: 28,6 cm<br \/>\nMaterial: Gummi<br \/>\nStuds: Ja<br \/>\nDropptest: Testad f\u00f6r 4 000 fall fr\u00e5n 5 meters h\u00f6jd<br \/>\nAnv\u00e4ndningsomr\u00e5de: Hemmatr\u00e4ning, f\u00f6retag och tr\u00e4ningsanl\u00e4ggningar<\/p>\n<p><strong>\u00a0<\/strong>[\/vc_column_text][vc_empty_space][\/vc_column][\/vc_row][vc_row][vc_column][vc_column_text]<\/p>\n<p>[\/vc_column_text][\/vc_column][\/vc_row][vc_row][vc_column width=&#8221;1\/3&#8243;][vc_btn title=&#8221;Tr\u00e4ningsprogram&#8221; style=&#8221;flat&#8221; color=&#8221;black&#8221; align=&#8221;center&#8221; i_icon_fontawesome=&#8221;fa fa-file-pdf-o&#8221; add_icon=&#8221;true&#8221; link=&#8221;url:http%3A%2F%2Fabilica.com\/se%2Fwp-content%2Fuploads%2F2017%2F02%2FAbilica-MedicineBall.pdf||target:%20_blank|&#8221;][\/vc_column][vc_column width=&#8221;1\/3&#8243;][vc_btn title=&#8221;Tr\u00e4ningstips&#8221; style=&#8221;flat&#8221; color=&#8221;black&#8221; align=&#8221;center&#8221; i_icon_fontawesome=&#8221;&#8221; css=&#8221;&#8221; add_icon=&#8221;true&#8221; link=&#8221;url:https%3A%2F%2Fabilica.com%2Fno%2Ftreningsartikler%2Fstyrke%2Fhjemmetrening-med-medisinball%2F|target:_blank&#8221;][\/vc_column][vc_column width=&#8221;1\/3&#8243;][vc_btn title=&#8221;Tr\u00e4ningsfilmer&#8221; style=&#8221;flat&#8221; color=&#8221;black&#8221; align=&#8221;center&#8221; i_icon_fontawesome=&#8221;&#8221; css=&#8221;&#8221; add_icon=&#8221;true&#8221; link=&#8221;url:https%3A%2F%2Fwww.youtube.com%2Fwatch%3Fv%3D3k5WhoGLYr4|target:_blank&#8221;][\/vc_column][\/vc_row]<\/p>\n<\/div>","protected":false},"excerpt":{"rendered":"<p>[vc_row][vc_column][vc_column_text css=&#8221;&#8221; el_class=&#8221;product-video&#8221;]Medicinboll \u00e4r ett m\u00e5ngsidigt och popul\u00e4rt tr\u00e4ningsredskap som ger stor variation i tr\u00e4ningen&#8230;<\/p>\n","protected":false},"featured_media":70898,"template":"","meta":{"_acf_changed":false},"product_brand":[],"product_cat":[503,471],"product_tag":[180,31,182,49,177,34],"class_list":{"0":"post-70903","1":"product","2":"type-product","3":"status-publish","4":"has-post-thumbnail","6":"product_cat-medicinboll","7":"product_cat-styrka","8":"product_tag-athlete","9":"product_tag-circle","10":"product_tag-garage-gym","11":"product_tag-premium","12":"product_tag-small-items","13":"product_tag-styrka","15":"first","16":"instock","17":"product-type-variable"},"acf":[],"yoast_head":"<!-- This site is optimized with the Yoast SEO Premium plugin v21.1 (Yoast SEO v25.4) - https:\/\/yoast.com\/wordpress\/plugins\/seo\/ -->\n<title>Abilica MedicineBall 2-10 kg Abilica<\/title>\n<meta name=\"robots\" content=\"index, follow, max-snippet:-1, max-image-preview:large, max-video-preview:-1\" \/>\n<link rel=\"canonical\" href=\"https:\/\/abilica.com\/sv\/styrka\/medicinboll\/abilica-medicineball-2-10-kg\/\" \/>\n<meta property=\"og:locale\" content=\"sv_SE\" \/>\n<meta property=\"og:type\" content=\"article\" \/>\n<meta property=\"og:title\" content=\"Abilica MedicineBall 2-10 kg\" \/>\n<meta property=\"og:description\" content=\"[vc_row][vc_column][vc_column_text css=&#8221;&#8221; el_class=&#8221;product-video&#8221;]Medicinboll \u00e4r ett m\u00e5ngsidigt och popul\u00e4rt tr\u00e4ningsredskap som ger stor variation i tr\u00e4ningen...\" \/>\n<meta property=\"og:url\" content=\"https:\/\/abilica.com\/sv\/styrka\/medicinboll\/abilica-medicineball-2-10-kg\/\" \/>\n<meta property=\"og:site_name\" content=\"Abilica\" \/>\n<meta property=\"article:publisher\" content=\"https:\/\/www.facebook.com\/abilicahometraining\/\" \/>\n<meta property=\"article:modified_time\" content=\"2026-01-29T14:44:47+00:00\" \/>\n<meta property=\"og:image\" content=\"https:\/\/abilica.com\/wp-content\/uploads\/2026\/01\/MedicineBalls-419394_398_2-1.jpg\" \/>\n\t<meta property=\"og:image:width\" content=\"1200\" \/>\n\t<meta property=\"og:image:height\" content=\"1200\" \/>\n\t<meta property=\"og:image:type\" content=\"image\/jpeg\" \/>\n<meta name=\"twitter:card\" content=\"summary_large_image\" \/>\n<meta name=\"twitter:label1\" content=\"Ber\u00e4knad l\u00e4stid\" \/>\n\t<meta name=\"twitter:data1\" content=\"2 minuter\" \/>\n<script type=\"application\/ld+json\" class=\"yoast-schema-graph\">{\"@context\":\"https:\/\/schema.org\",\"@graph\":[{\"@type\":\"WebPage\",\"@id\":\"https:\/\/abilica.com\/sv\/styrka\/medicinboll\/abilica-medicineball-2-10-kg\/\",\"url\":\"https:\/\/abilica.com\/sv\/styrka\/medicinboll\/abilica-medicineball-2-10-kg\/\",\"name\":\"Abilica MedicineBall 2-10 kg Abilica\",\"isPartOf\":{\"@id\":\"https:\/\/abilica.com\/#website\"},\"primaryImageOfPage\":{\"@id\":\"https:\/\/abilica.com\/sv\/styrka\/medicinboll\/abilica-medicineball-2-10-kg\/#primaryimage\"},\"image\":{\"@id\":\"https:\/\/abilica.com\/sv\/styrka\/medicinboll\/abilica-medicineball-2-10-kg\/#primaryimage\"},\"thumbnailUrl\":\"https:\/\/abilica.com\/wp-content\/uploads\/2026\/01\/MedicineBalls-419394_398_2-1.jpg\",\"datePublished\":\"2026-01-28T09:19:39+00:00\",\"dateModified\":\"2026-01-29T14:44:47+00:00\",\"breadcrumb\":{\"@id\":\"https:\/\/abilica.com\/sv\/styrka\/medicinboll\/abilica-medicineball-2-10-kg\/#breadcrumb\"},\"inLanguage\":\"sv-SE\",\"potentialAction\":[{\"@type\":\"ReadAction\",\"target\":[\"https:\/\/abilica.com\/sv\/styrka\/medicinboll\/abilica-medicineball-2-10-kg\/\"]}]},{\"@type\":\"ImageObject\",\"inLanguage\":\"sv-SE\",\"@id\":\"https:\/\/abilica.com\/sv\/styrka\/medicinboll\/abilica-medicineball-2-10-kg\/#primaryimage\",\"url\":\"https:\/\/abilica.com\/wp-content\/uploads\/2026\/01\/MedicineBalls-419394_398_2-1.jpg\",\"contentUrl\":\"https:\/\/abilica.com\/wp-content\/uploads\/2026\/01\/MedicineBalls-419394_398_2-1.jpg\",\"width\":1200,\"height\":1200},{\"@type\":\"BreadcrumbList\",\"@id\":\"https:\/\/abilica.com\/sv\/styrka\/medicinboll\/abilica-medicineball-2-10-kg\/#breadcrumb\",\"itemListElement\":[{\"@type\":\"ListItem\",\"position\":1,\"name\":\"Hem\",\"item\":\"https:\/\/abilica.com\/sv\/\"},{\"@type\":\"ListItem\",\"position\":2,\"name\":\"Produkter\",\"item\":\"https:\/\/abilica.com\/sv\/shop\/\"},{\"@type\":\"ListItem\",\"position\":3,\"name\":\"Abilica MedicineBall 2-10 kg\"}]},{\"@type\":\"WebSite\",\"@id\":\"https:\/\/abilica.com\/#website\",\"url\":\"https:\/\/abilica.com\/\",\"name\":\"Abilica\",\"description\":\"Abilica Home Training\",\"potentialAction\":[{\"@type\":\"SearchAction\",\"target\":{\"@type\":\"EntryPoint\",\"urlTemplate\":\"https:\/\/abilica.com\/?s={search_term_string}\"},\"query-input\":{\"@type\":\"PropertyValueSpecification\",\"valueRequired\":true,\"valueName\":\"search_term_string\"}}],\"inLanguage\":\"sv-SE\"}]}<\/script>\n<!-- \/ Yoast SEO Premium plugin. -->","yoast_head_json":{"title":"Abilica MedicineBall 2-10 kg Abilica","robots":{"index":"index","follow":"follow","max-snippet":"max-snippet:-1","max-image-preview":"max-image-preview:large","max-video-preview":"max-video-preview:-1"},"canonical":"https:\/\/abilica.com\/sv\/styrka\/medicinboll\/abilica-medicineball-2-10-kg\/","og_locale":"sv_SE","og_type":"article","og_title":"Abilica MedicineBall 2-10 kg","og_description":"[vc_row][vc_column][vc_column_text css=&#8221;&#8221; el_class=&#8221;product-video&#8221;]Medicinboll \u00e4r ett m\u00e5ngsidigt och popul\u00e4rt tr\u00e4ningsredskap som ger stor variation i tr\u00e4ningen...","og_url":"https:\/\/abilica.com\/sv\/styrka\/medicinboll\/abilica-medicineball-2-10-kg\/","og_site_name":"Abilica","article_publisher":"https:\/\/www.facebook.com\/abilicahometraining\/","article_modified_time":"2026-01-29T14:44:47+00:00","og_image":[{"width":1200,"height":1200,"url":"https:\/\/abilica.com\/wp-content\/uploads\/2026\/01\/MedicineBalls-419394_398_2-1.jpg","type":"image\/jpeg"}],"twitter_card":"summary_large_image","twitter_misc":{"Ber\u00e4knad l\u00e4stid":"2 minuter"},"schema":{"@context":"https:\/\/schema.org","@graph":[{"@type":"WebPage","@id":"https:\/\/abilica.com\/sv\/styrka\/medicinboll\/abilica-medicineball-2-10-kg\/","url":"https:\/\/abilica.com\/sv\/styrka\/medicinboll\/abilica-medicineball-2-10-kg\/","name":"Abilica MedicineBall 2-10 kg Abilica","isPartOf":{"@id":"https:\/\/abilica.com\/#website"},"primaryImageOfPage":{"@id":"https:\/\/abilica.com\/sv\/styrka\/medicinboll\/abilica-medicineball-2-10-kg\/#primaryimage"},"image":{"@id":"https:\/\/abilica.com\/sv\/styrka\/medicinboll\/abilica-medicineball-2-10-kg\/#primaryimage"},"thumbnailUrl":"https:\/\/abilica.com\/wp-content\/uploads\/2026\/01\/MedicineBalls-419394_398_2-1.jpg","datePublished":"2026-01-28T09:19:39+00:00","dateModified":"2026-01-29T14:44:47+00:00","breadcrumb":{"@id":"https:\/\/abilica.com\/sv\/styrka\/medicinboll\/abilica-medicineball-2-10-kg\/#breadcrumb"},"inLanguage":"sv-SE","potentialAction":[{"@type":"ReadAction","target":["https:\/\/abilica.com\/sv\/styrka\/medicinboll\/abilica-medicineball-2-10-kg\/"]}]},{"@type":"ImageObject","inLanguage":"sv-SE","@id":"https:\/\/abilica.com\/sv\/styrka\/medicinboll\/abilica-medicineball-2-10-kg\/#primaryimage","url":"https:\/\/abilica.com\/wp-content\/uploads\/2026\/01\/MedicineBalls-419394_398_2-1.jpg","contentUrl":"https:\/\/abilica.com\/wp-content\/uploads\/2026\/01\/MedicineBalls-419394_398_2-1.jpg","width":1200,"height":1200},{"@type":"BreadcrumbList","@id":"https:\/\/abilica.com\/sv\/styrka\/medicinboll\/abilica-medicineball-2-10-kg\/#breadcrumb","itemListElement":[{"@type":"ListItem","position":1,"name":"Hem","item":"https:\/\/abilica.com\/sv\/"},{"@type":"ListItem","position":2,"name":"Produkter","item":"https:\/\/abilica.com\/sv\/shop\/"},{"@type":"ListItem","position":3,"name":"Abilica MedicineBall 2-10 kg"}]},{"@type":"WebSite","@id":"https:\/\/abilica.com\/#website","url":"https:\/\/abilica.com\/","name":"Abilica","description":"Abilica Home Training","potentialAction":[{"@type":"SearchAction","target":{"@type":"EntryPoint","urlTemplate":"https:\/\/abilica.com\/?s={search_term_string}"},"query-input":{"@type":"PropertyValueSpecification","valueRequired":true,"valueName":"search_term_string"}}],"inLanguage":"sv-SE"}]}},"_links":{"self":[{"href":"https:\/\/abilica.com\/sv\/wp-json\/wp\/v2\/product\/70903","targetHints":{"allow":["GET"]}}],"collection":[{"href":"https:\/\/abilica.com\/sv\/wp-json\/wp\/v2\/product"}],"about":[{"href":"https:\/\/abilica.com\/sv\/wp-json\/wp\/v2\/types\/product"}],"wp:featuredmedia":[{"embeddable":true,"href":"https:\/\/abilica.com\/sv\/wp-json\/wp\/v2\/media\/70898"}],"wp:attachment":[{"href":"https:\/\/abilica.com\/sv\/wp-json\/wp\/v2\/media?parent=70903"}],"wp:term":[{"taxonomy":"product_brand","embeddable":true,"href":"https:\/\/abilica.com\/sv\/wp-json\/wp\/v2\/product_brand?post=70903"},{"taxonomy":"product_cat","embeddable":true,"href":"https:\/\/abilica.com\/sv\/wp-json\/wp\/v2\/product_cat?post=70903"},{"taxonomy":"product_tag","embeddable":true,"href":"https:\/\/abilica.com\/sv\/wp-json\/wp\/v2\/product_tag?post=70903"}],"curies":[{"name":"wp","href":"https:\/\/api.w.org\/{rel}","templated":true}]}}