{"id":71051,"date":"2026-02-02T10:01:39","date_gmt":"2026-02-02T09:01:39","guid":{"rendered":"https:\/\/abilica.com\/?post_type=product&#038;p=71051"},"modified":"2026-02-03T15:10:33","modified_gmt":"2026-02-03T14:10:33","slug":"abilica-sandbags","status":"publish","type":"product","link":"https:\/\/abilica.com\/sv\/styrka\/sandsack\/abilica-sandbags\/","title":{"rendered":"Abilica Sandbags"},"content":{"rendered":"<div class=\"wpb-content-wrapper\"><p>[vc_row][vc_column][vc_column_text css=&#8221;&#8221; el_class=&#8221;product-video&#8221;]Sandbag \u00e4r ett funktionellt tr\u00e4ningsredskap som passar perfekt f\u00f6r dig som vill utveckla styrka, explosivitet och kroppskontroll. Abilica SandBag \u00e4r ett naturligt val f\u00f6r b\u00e5de hemmatr\u00e4ning, f\u00f6retag och tr\u00e4ningsanl\u00e4ggningar, och anv\u00e4nds av s\u00e5v\u00e4l nyb\u00f6rjare som erfarna ut\u00f6vare. Detta \u00e4r ett mycket popul\u00e4rt tr\u00e4ningsredskap inom bland annat Hyrox-tr\u00e4ning och annan h\u00f6gintensiv funktionell tr\u00e4ning.<\/p>\n<p>Tr\u00e4ning med sandbag ger dig m\u00f6jlighet att utveckla styrka, balans, koordination och b\u00e5lmuskulatur p\u00e5 ett praktiskt och utmanande s\u00e4tt. Den oj\u00e4mna vikten st\u00e4ller h\u00f6gre krav p\u00e5 stabilitet och kontroll \u00e4n traditionella vikter och bidrar till \u00f6kad \u00f6verf\u00f6ringsv\u00e4rde till b\u00e5de idrott och vardagsstyrka.<\/p>\n<p>Sandbag-tr\u00e4ning aktiverar flera muskelgrupper samtidigt och ger en dynamisk och effektiv tr\u00e4ningsform. \u00d6vningar som b\u00e4rande, kast, utfall, rotationer och kn\u00e4b\u00f6j utmanar kroppen p\u00e5 ett annat s\u00e4tt \u00e4n fasta vikter och bidrar till b\u00e4ttre kroppskontroll, stabilitet och explosivitet. Sandbag \u00e4r d\u00e4rf\u00f6r ett mycket bra komplement till styrketr\u00e4ning, cirkeltr\u00e4ning, Hyrox-tr\u00e4ning och idrottsspecifik tr\u00e4ning.<\/p>\n<p>Abilica SandBags finns tillg\u00e4ngliga i viktklasserna 10 kg, 20 kg och 30 kg, s\u00e5 att du enkelt kan v\u00e4lja r\u00e4tt belastning utifr\u00e5n tr\u00e4ningsniv\u00e5 och m\u00e5ls\u00e4ttning. Sandbagsen \u00e4r tillverkade i tv\u00e5lagers PVC och Composite Mesh, med robusta remmar i polyester och nylon. De sex ergonomiska handtagen ger ett s\u00e4kert grepp och m\u00e5nga tr\u00e4ningsm\u00f6jligheter, oavsett intensitet. Fyllningen best\u00e5r bland annat av EVA-skum ytterst och j\u00e4rnsand i mitten, vilket s\u00e4kerst\u00e4ller en god viktf\u00f6rdelning under tr\u00e4ningen.<\/p>\n<p>Sandbagsen \u00e4r utvecklade f\u00f6r h\u00f6g belastning \u00f6ver tid och t\u00e5l regelbunden anv\u00e4ndning i b\u00e5de privata och professionella tr\u00e4ningsmilj\u00f6er.<\/p>\n<p><strong>Specifikationer<br \/>\n<\/strong>L\u00e4ngd: 58 cm<br data-start=\"61\" data-end=\"64\" \/>Diameter: 22 cm<br data-start=\"79\" data-end=\"82\" \/>Handtag: 6<br \/>\nV\u00e4ska: 2-lagers PVC och Composite Mesh<br data-start=\"150\" data-end=\"153\" \/>Remmar: Polyester och nylon<br data-start=\"180\" data-end=\"183\" \/>Handtag: PP<br data-start=\"194\" data-end=\"197\" \/>Fyllning: Skum och sand<br \/>\nAnv\u00e4ndningsomr\u00e5de: Hemmatr\u00e4ning, f\u00f6retag och tr\u00e4ningsanl\u00e4ggningar<\/p>\n<p><strong>\u00a0<\/strong>[\/vc_column_text][vc_empty_space][\/vc_column][\/vc_row][vc_row][vc_column][vc_column_text]<\/p>\n<p>[\/vc_column_text][\/vc_column][\/vc_row]<\/p>\n<\/div>","protected":false},"excerpt":{"rendered":"<p>[vc_row][vc_column][vc_column_text css=&#8221;&#8221; el_class=&#8221;product-video&#8221;]Sandbag \u00e4r ett funktionellt tr\u00e4ningsredskap som passar perfekt f\u00f6r dig som vill utveckla&#8230;<\/p>\n","protected":false},"featured_media":71046,"template":"","meta":{"_acf_changed":false},"product_brand":[],"product_cat":[505,471],"product_tag":[180,31,182,49,177,34],"class_list":{"0":"post-71051","1":"product","2":"type-product","3":"status-publish","4":"has-post-thumbnail","6":"product_cat-sandsack","7":"product_cat-styrka","8":"product_tag-athlete","9":"product_tag-circle","10":"product_tag-garage-gym","11":"product_tag-premium","12":"product_tag-small-items","13":"product_tag-styrka","15":"first","16":"instock","17":"product-type-variable"},"acf":[],"yoast_head":"<!-- This site is optimized with the Yoast SEO Premium plugin v21.1 (Yoast SEO v25.4) - https:\/\/yoast.com\/wordpress\/plugins\/seo\/ -->\n<title>Abilica Sandbags Abilica<\/title>\n<meta name=\"robots\" content=\"index, follow, max-snippet:-1, max-image-preview:large, max-video-preview:-1\" \/>\n<link rel=\"canonical\" href=\"https:\/\/abilica.com\/sv\/styrka\/sandsack\/abilica-sandbags\/\" \/>\n<meta property=\"og:locale\" content=\"sv_SE\" \/>\n<meta property=\"og:type\" content=\"article\" \/>\n<meta property=\"og:title\" content=\"Abilica Sandbags\" \/>\n<meta property=\"og:description\" content=\"[vc_row][vc_column][vc_column_text css=&#8221;&#8221; el_class=&#8221;product-video&#8221;]Sandbag \u00e4r ett funktionellt tr\u00e4ningsredskap som passar perfekt f\u00f6r dig som vill utveckla...\" \/>\n<meta property=\"og:url\" content=\"https:\/\/abilica.com\/sv\/styrka\/sandsack\/abilica-sandbags\/\" \/>\n<meta property=\"og:site_name\" content=\"Abilica\" \/>\n<meta property=\"article:publisher\" content=\"https:\/\/www.facebook.com\/abilicahometraining\/\" \/>\n<meta property=\"article:modified_time\" content=\"2026-02-03T14:10:33+00:00\" \/>\n<meta property=\"og:image\" content=\"https:\/\/abilica.com\/wp-content\/uploads\/2026\/02\/SandBags_418544_546_2-1.jpg\" \/>\n\t<meta property=\"og:image:width\" content=\"1200\" \/>\n\t<meta property=\"og:image:height\" content=\"1200\" \/>\n\t<meta property=\"og:image:type\" content=\"image\/jpeg\" \/>\n<meta name=\"twitter:card\" content=\"summary_large_image\" \/>\n<meta name=\"twitter:label1\" content=\"Ber\u00e4knad l\u00e4stid\" \/>\n\t<meta name=\"twitter:data1\" content=\"2 minuter\" \/>\n<script type=\"application\/ld+json\" class=\"yoast-schema-graph\">{\"@context\":\"https:\/\/schema.org\",\"@graph\":[{\"@type\":\"WebPage\",\"@id\":\"https:\/\/abilica.com\/sv\/styrka\/sandsack\/abilica-sandbags\/\",\"url\":\"https:\/\/abilica.com\/sv\/styrka\/sandsack\/abilica-sandbags\/\",\"name\":\"Abilica Sandbags Abilica\",\"isPartOf\":{\"@id\":\"https:\/\/abilica.com\/#website\"},\"primaryImageOfPage\":{\"@id\":\"https:\/\/abilica.com\/sv\/styrka\/sandsack\/abilica-sandbags\/#primaryimage\"},\"image\":{\"@id\":\"https:\/\/abilica.com\/sv\/styrka\/sandsack\/abilica-sandbags\/#primaryimage\"},\"thumbnailUrl\":\"https:\/\/abilica.com\/wp-content\/uploads\/2026\/02\/SandBags_418544_546_2-1.jpg\",\"datePublished\":\"2026-02-02T09:01:39+00:00\",\"dateModified\":\"2026-02-03T14:10:33+00:00\",\"breadcrumb\":{\"@id\":\"https:\/\/abilica.com\/sv\/styrka\/sandsack\/abilica-sandbags\/#breadcrumb\"},\"inLanguage\":\"sv-SE\",\"potentialAction\":[{\"@type\":\"ReadAction\",\"target\":[\"https:\/\/abilica.com\/sv\/styrka\/sandsack\/abilica-sandbags\/\"]}]},{\"@type\":\"ImageObject\",\"inLanguage\":\"sv-SE\",\"@id\":\"https:\/\/abilica.com\/sv\/styrka\/sandsack\/abilica-sandbags\/#primaryimage\",\"url\":\"https:\/\/abilica.com\/wp-content\/uploads\/2026\/02\/SandBags_418544_546_2-1.jpg\",\"contentUrl\":\"https:\/\/abilica.com\/wp-content\/uploads\/2026\/02\/SandBags_418544_546_2-1.jpg\",\"width\":1200,\"height\":1200},{\"@type\":\"BreadcrumbList\",\"@id\":\"https:\/\/abilica.com\/sv\/styrka\/sandsack\/abilica-sandbags\/#breadcrumb\",\"itemListElement\":[{\"@type\":\"ListItem\",\"position\":1,\"name\":\"Hem\",\"item\":\"https:\/\/abilica.com\/sv\/\"},{\"@type\":\"ListItem\",\"position\":2,\"name\":\"Produkter\",\"item\":\"https:\/\/abilica.com\/sv\/shop\/\"},{\"@type\":\"ListItem\",\"position\":3,\"name\":\"Abilica Sandbags\"}]},{\"@type\":\"WebSite\",\"@id\":\"https:\/\/abilica.com\/#website\",\"url\":\"https:\/\/abilica.com\/\",\"name\":\"Abilica\",\"description\":\"Abilica Home Training\",\"potentialAction\":[{\"@type\":\"SearchAction\",\"target\":{\"@type\":\"EntryPoint\",\"urlTemplate\":\"https:\/\/abilica.com\/?s={search_term_string}\"},\"query-input\":{\"@type\":\"PropertyValueSpecification\",\"valueRequired\":true,\"valueName\":\"search_term_string\"}}],\"inLanguage\":\"sv-SE\"}]}<\/script>\n<!-- \/ Yoast SEO Premium plugin. -->","yoast_head_json":{"title":"Abilica Sandbags Abilica","robots":{"index":"index","follow":"follow","max-snippet":"max-snippet:-1","max-image-preview":"max-image-preview:large","max-video-preview":"max-video-preview:-1"},"canonical":"https:\/\/abilica.com\/sv\/styrka\/sandsack\/abilica-sandbags\/","og_locale":"sv_SE","og_type":"article","og_title":"Abilica Sandbags","og_description":"[vc_row][vc_column][vc_column_text css=&#8221;&#8221; el_class=&#8221;product-video&#8221;]Sandbag \u00e4r ett funktionellt tr\u00e4ningsredskap som passar perfekt f\u00f6r dig som vill utveckla...","og_url":"https:\/\/abilica.com\/sv\/styrka\/sandsack\/abilica-sandbags\/","og_site_name":"Abilica","article_publisher":"https:\/\/www.facebook.com\/abilicahometraining\/","article_modified_time":"2026-02-03T14:10:33+00:00","og_image":[{"width":1200,"height":1200,"url":"https:\/\/abilica.com\/wp-content\/uploads\/2026\/02\/SandBags_418544_546_2-1.jpg","type":"image\/jpeg"}],"twitter_card":"summary_large_image","twitter_misc":{"Ber\u00e4knad l\u00e4stid":"2 minuter"},"schema":{"@context":"https:\/\/schema.org","@graph":[{"@type":"WebPage","@id":"https:\/\/abilica.com\/sv\/styrka\/sandsack\/abilica-sandbags\/","url":"https:\/\/abilica.com\/sv\/styrka\/sandsack\/abilica-sandbags\/","name":"Abilica Sandbags Abilica","isPartOf":{"@id":"https:\/\/abilica.com\/#website"},"primaryImageOfPage":{"@id":"https:\/\/abilica.com\/sv\/styrka\/sandsack\/abilica-sandbags\/#primaryimage"},"image":{"@id":"https:\/\/abilica.com\/sv\/styrka\/sandsack\/abilica-sandbags\/#primaryimage"},"thumbnailUrl":"https:\/\/abilica.com\/wp-content\/uploads\/2026\/02\/SandBags_418544_546_2-1.jpg","datePublished":"2026-02-02T09:01:39+00:00","dateModified":"2026-02-03T14:10:33+00:00","breadcrumb":{"@id":"https:\/\/abilica.com\/sv\/styrka\/sandsack\/abilica-sandbags\/#breadcrumb"},"inLanguage":"sv-SE","potentialAction":[{"@type":"ReadAction","target":["https:\/\/abilica.com\/sv\/styrka\/sandsack\/abilica-sandbags\/"]}]},{"@type":"ImageObject","inLanguage":"sv-SE","@id":"https:\/\/abilica.com\/sv\/styrka\/sandsack\/abilica-sandbags\/#primaryimage","url":"https:\/\/abilica.com\/wp-content\/uploads\/2026\/02\/SandBags_418544_546_2-1.jpg","contentUrl":"https:\/\/abilica.com\/wp-content\/uploads\/2026\/02\/SandBags_418544_546_2-1.jpg","width":1200,"height":1200},{"@type":"BreadcrumbList","@id":"https:\/\/abilica.com\/sv\/styrka\/sandsack\/abilica-sandbags\/#breadcrumb","itemListElement":[{"@type":"ListItem","position":1,"name":"Hem","item":"https:\/\/abilica.com\/sv\/"},{"@type":"ListItem","position":2,"name":"Produkter","item":"https:\/\/abilica.com\/sv\/shop\/"},{"@type":"ListItem","position":3,"name":"Abilica Sandbags"}]},{"@type":"WebSite","@id":"https:\/\/abilica.com\/#website","url":"https:\/\/abilica.com\/","name":"Abilica","description":"Abilica Home Training","potentialAction":[{"@type":"SearchAction","target":{"@type":"EntryPoint","urlTemplate":"https:\/\/abilica.com\/?s={search_term_string}"},"query-input":{"@type":"PropertyValueSpecification","valueRequired":true,"valueName":"search_term_string"}}],"inLanguage":"sv-SE"}]}},"_links":{"self":[{"href":"https:\/\/abilica.com\/sv\/wp-json\/wp\/v2\/product\/71051","targetHints":{"allow":["GET"]}}],"collection":[{"href":"https:\/\/abilica.com\/sv\/wp-json\/wp\/v2\/product"}],"about":[{"href":"https:\/\/abilica.com\/sv\/wp-json\/wp\/v2\/types\/product"}],"wp:featuredmedia":[{"embeddable":true,"href":"https:\/\/abilica.com\/sv\/wp-json\/wp\/v2\/media\/71046"}],"wp:attachment":[{"href":"https:\/\/abilica.com\/sv\/wp-json\/wp\/v2\/media?parent=71051"}],"wp:term":[{"taxonomy":"product_brand","embeddable":true,"href":"https:\/\/abilica.com\/sv\/wp-json\/wp\/v2\/product_brand?post=71051"},{"taxonomy":"product_cat","embeddable":true,"href":"https:\/\/abilica.com\/sv\/wp-json\/wp\/v2\/product_cat?post=71051"},{"taxonomy":"product_tag","embeddable":true,"href":"https:\/\/abilica.com\/sv\/wp-json\/wp\/v2\/product_tag?post=71051"}],"curies":[{"name":"wp","href":"https:\/\/api.w.org\/{rel}","templated":true}]}}