{"id":71086,"date":"2026-02-02T13:46:22","date_gmt":"2026-02-02T12:46:22","guid":{"rendered":"https:\/\/abilica.com\/?post_type=product&#038;p=71086"},"modified":"2026-02-17T15:45:29","modified_gmt":"2026-02-17T14:45:29","slug":"abilica-premium-voyage-ems","status":"publish","type":"product","link":"https:\/\/abilica.com\/sv\/kondition\/motionscykel\/abilica-premium-voyage-ems\/","title":{"rendered":"Abilica Premium Voyage EMS"},"content":{"rendered":"<div class=\"wpb-content-wrapper\"><p>[vc_row][vc_column][vc_column_text css=&#8221;&#8221; el_class=&#8221;product-video&#8221;]<\/p>\n<p data-start=\"0\" data-end=\"106\"><strong>En kraftfull och drifts\u00e4ker cykel designad f\u00f6r anv\u00e4ndning i f\u00f6retagets tr\u00e4ningsrum eller inom fysioterapi.<\/strong><\/p>\n<p data-start=\"108\" data-end=\"503\">Abilica Premium Voyage EMS \u00e4r en mycket robust tr\u00e4ningscykel konstruerad f\u00f6r att t\u00e5la intensiv anv\u00e4ndning. Den har ett l\u00e5gt insteg som g\u00f6r det enkelt att kliva av och p\u00e5 cykeln. Detta \u00e4r perfekt f\u00f6r fysioterapeuter och fysioterapikliniker som beh\u00f6ver en stabil, solid och anv\u00e4ndarv\u00e4nlig cykel f\u00f6r rehabilitering av patienter som har sv\u00e5rt att ta sig av och p\u00e5 en traditionell ergometercykel.<\/p>\n<p data-start=\"505\" data-end=\"839\">Med elektromagnetiskt motst\u00e5nd (EMS) finns ingen motst\u00e5ndsmotor med r\u00f6rliga delar i cykeln, endast f\u00f6r\u00e4ndring av str\u00f6mstyrkan i magneten. Detta \u00f6kar livsl\u00e4ngden, minskar underh\u00e5llet och m\u00f6jligg\u00f6r h\u00f6gre motst\u00e5nd. I kombination med 32 motst\u00e5ndsniv\u00e5er \u00e4r det enkelt att hitta r\u00e4tt belastning, oavsett rehabiliterings- eller tr\u00e4ningsniv\u00e5.<\/p>\n<p data-start=\"841\" data-end=\"1372\">Cykeln har en mycket kraftig ram som ger en komfortabel cykelk\u00e4nsla f\u00f6r anv\u00e4ndare med vikt upp till 150 kg. Abilica Premium Voyage EMS levereras med en bred, mjuk och komfortabel Premium-sadel och har 11 h\u00f6jdjusteringsl\u00e4gen kombinerat med stegl\u00f6s horisontell justering f\u00f6r att hitta r\u00e4tt sittposition. Detta \u00e4r mycket viktigt f\u00f6r patienter som genomg\u00e5tt kn\u00e4- eller h\u00f6ftoperation och ska anv\u00e4nda cykeln. Sadelns h\u00f6jd kan justeras ordentligt, vilket g\u00f6r att cykeln passar anv\u00e4ndare med innerbensl\u00e4ngd fr\u00e5n 73 cm upp till hela 103 cm.<\/p>\n<p data-start=\"1374\" data-end=\"1503\">Kraftiga transporthjul g\u00f6r det enkelt att flytta cykeln samtidigt som golvet skonas.<br data-start=\"1458\" data-end=\"1461\" \/>Levereras med flaskh\u00e5llare p\u00e5 styrstammen.<\/p>\n<p data-start=\"1505\" data-end=\"1931\">Abilica Premium Voyage EMS har en intuitiv dator med 12 f\u00f6rinst\u00e4llda program samt m\u00f6jlighet att skapa 2 egna program. Via Bluetooth kan surfplatta eller smartphone anslutas, vilket ger m\u00f6jlighet att anv\u00e4nda den kostnadsfria appen iConsole+ eller betalappen Kinomap f\u00f6r att cykla realistiska videorutter fr\u00e5n hela v\u00e4rlden, d\u00e4r motst\u00e5ndet automatiskt justeras efter terr\u00e4ngen f\u00f6r en s\u00e5 realistisk tr\u00e4ningsupplevelse som m\u00f6jligt.<\/p>\n<p data-start=\"1933\" data-end=\"2099\">Med handpulssensorer p\u00e5 styret samt m\u00f6jlighet att anv\u00e4nda tr\u00e5dl\u00f6st pulsb\u00e4lte (tillbeh\u00f6r) kan du f\u00f6lja pulsen under tr\u00e4ningen eller anv\u00e4nda pulsstyrt program i datorn.<\/p>\n<h3 data-start=\"2101\" data-end=\"2120\">Specifikationer<\/h3>\n<p data-start=\"2121\" data-end=\"2727\" data-is-last-node=\"\" data-is-only-node=\"\">Motst\u00e5nd: (EMS) Elektromagnetiskt motst\u00e5nd<br data-start=\"2163\" data-end=\"2166\" \/>Motst\u00e5ndsniv\u00e5er: 32<br data-start=\"2185\" data-end=\"2188\" \/>Tr\u00e4ningsprogram: 14 (12 f\u00f6rinst\u00e4llda, pulsstyrt och wattstyrt program)<br data-start=\"2258\" data-end=\"2261\" \/>Dator med: tid, distans, hastighet, RPM, kalorif\u00f6rbrukning (indikation), puls och watt (ber\u00e4knad)<br data-start=\"2358\" data-end=\"2361\" \/>Bluetooth<br data-start=\"2370\" data-end=\"2373\" \/>Appar: iConsole+, Zwift, Kinomap<br data-start=\"2405\" data-end=\"2408\" data-is-only-node=\"\" \/>Handpuls<br data-start=\"2416\" data-end=\"2419\" \/>Mottagare f\u00f6r pulsb\u00e4lte<br data-start=\"2442\" data-end=\"2445\" \/>Sv\u00e4nghjul: 8 kg<br data-start=\"2460\" data-end=\"2463\" \/>Sadeljustering: 11 niv\u00e5er vertikalt och stegl\u00f6s horisontell<br data-start=\"2522\" data-end=\"2525\" \/>Str\u00f6mf\u00f6rs\u00f6rjning: Adapter 220V<br data-start=\"2555\" data-end=\"2558\" \/>Transporthjul<br data-start=\"2571\" data-end=\"2574\" \/>Flaskh\u00e5llare<br data-start=\"2586\" data-end=\"2589\" \/>M\u00e5tt monterad: 109 x 55 x 143 cm (L x B x H)<br data-start=\"2633\" data-end=\"2636\" \/>Produktvikt: 46 kg<br data-start=\"2654\" data-end=\"2657\" \/>Max anv\u00e4ndarvikt: 150 kg<br data-start=\"2681\" data-end=\"2684\" \/>Anv\u00e4ndningsomr\u00e5de: Hemmatr\u00e4ning och f\u00f6retag<\/p>\n<p>&nbsp;<\/p>\n<div style=\"width: 640px;\" class=\"wp-video\"><!--[if lt IE 9]><script>document.createElement('video');<\/script><![endif]-->\n<video class=\"wp-video-shortcode\" id=\"video-71086-1\" width=\"640\" height=\"360\" poster=\"https:\/\/abilica.com\/wp-content\/uploads\/2026\/02\/416170_Premium-Voyage-EMS_30.jpg\" preload=\"metadata\" controls=\"controls\"><source type=\"video\/mp4\" src=\"https:\/\/abilica.com\/wp-content\/uploads\/2026\/02\/Abilica-Premium-Voyage-EMS_Nett_Bredde.mp4?_=1\" \/><a href=\"https:\/\/abilica.com\/wp-content\/uploads\/2026\/02\/Abilica-Premium-Voyage-EMS_Nett_Bredde.mp4\">https:\/\/abilica.com\/wp-content\/uploads\/2026\/02\/Abilica-Premium-Voyage-EMS_Nett_Bredde.mp4<\/a><\/video><\/div>\n<p>[\/vc_column_text][vc_empty_space height=&#8221;52px&#8221;][\/vc_column][\/vc_row][vc_row][vc_column][vc_btn title=&#8221;Underh\u00e5llstips&#8221; style=&#8221;flat&#8221; color=&#8221;black&#8221; i_icon_fontawesome=&#8221;fa fa-align-left&#8221; add_icon=&#8221;true&#8221; link=&#8221;url:https%3A%2F%2Fabilica.com%2Fse%2Ftraningsartiklar%2Ftraningstips-for-kondition%2Funderhall-av-traningsmaskiner%2F||target:%20_blank|&#8221;][vc_btn title=&#8221;Tr\u00e4ningstips&#8221; style=&#8221;flat&#8221; color=&#8221;black&#8221; i_icon_fontawesome=&#8221;&#8221; css=&#8221;&#8221; add_icon=&#8221;true&#8221; link=&#8221;url:https%3A%2F%2Fabilica.com%2Fno%2Ftreningsartikler%2Fkondisjon%2Fvelg-riktig-trimsykkel%2F|target:_blank&#8221;][\/vc_column][\/vc_row]<\/p>\n<\/div>","protected":false},"excerpt":{"rendered":"<p>[vc_row][vc_column][vc_column_text css=&#8221;&#8221; el_class=&#8221;product-video&#8221;] En kraftfull och drifts\u00e4ker cykel designad f\u00f6r anv\u00e4ndning i f\u00f6retagets tr\u00e4ningsrum eller&#8230;<\/p>\n","protected":false},"featured_media":71070,"template":"","meta":{"_acf_changed":false},"product_brand":[],"product_cat":[475,490],"product_tag":[186,49],"class_list":{"0":"post-71086","1":"product","2":"type-product","3":"status-publish","4":"has-post-thumbnail","6":"product_cat-kondition","7":"product_cat-motionscykel","8":"product_tag-kinomap","9":"product_tag-premium","11":"first","12":"instock","13":"product-type-simple"},"acf":[],"yoast_head":"<!-- This site is optimized with the Yoast SEO Premium plugin v21.1 (Yoast SEO v25.4) - https:\/\/yoast.com\/wordpress\/plugins\/seo\/ -->\n<title>Abilica Premium Voyage EMS Abilica<\/title>\n<meta name=\"robots\" content=\"index, follow, max-snippet:-1, max-image-preview:large, max-video-preview:-1\" \/>\n<link rel=\"canonical\" href=\"https:\/\/abilica.com\/sv\/kondition\/motionscykel\/abilica-premium-voyage-ems\/\" \/>\n<meta property=\"og:locale\" content=\"sv_SE\" \/>\n<meta property=\"og:type\" content=\"article\" \/>\n<meta property=\"og:title\" content=\"Abilica Premium Voyage EMS\" \/>\n<meta property=\"og:description\" content=\"[vc_row][vc_column][vc_column_text css=&#8221;&#8221; el_class=&#8221;product-video&#8221;] En kraftfull och drifts\u00e4ker cykel designad f\u00f6r anv\u00e4ndning i f\u00f6retagets tr\u00e4ningsrum eller...\" \/>\n<meta property=\"og:url\" content=\"https:\/\/abilica.com\/sv\/kondition\/motionscykel\/abilica-premium-voyage-ems\/\" \/>\n<meta property=\"og:site_name\" content=\"Abilica\" \/>\n<meta property=\"article:publisher\" content=\"https:\/\/www.facebook.com\/abilicahometraining\/\" \/>\n<meta property=\"article:modified_time\" content=\"2026-02-17T14:45:29+00:00\" \/>\n<meta property=\"og:image\" content=\"https:\/\/abilica.com\/wp-content\/uploads\/2026\/02\/416170_Abilica-Premium-Voyage-EMS_02.jpg\" \/>\n\t<meta property=\"og:image:width\" content=\"1200\" \/>\n\t<meta property=\"og:image:height\" content=\"1200\" \/>\n\t<meta property=\"og:image:type\" content=\"image\/jpeg\" \/>\n<meta name=\"twitter:card\" content=\"summary_large_image\" \/>\n<meta name=\"twitter:label1\" content=\"Ber\u00e4knad l\u00e4stid\" \/>\n\t<meta name=\"twitter:data1\" content=\"3 minuter\" \/>\n<script type=\"application\/ld+json\" class=\"yoast-schema-graph\">{\"@context\":\"https:\/\/schema.org\",\"@graph\":[{\"@type\":\"WebPage\",\"@id\":\"https:\/\/abilica.com\/sv\/kondition\/motionscykel\/abilica-premium-voyage-ems\/\",\"url\":\"https:\/\/abilica.com\/sv\/kondition\/motionscykel\/abilica-premium-voyage-ems\/\",\"name\":\"Abilica Premium Voyage EMS Abilica\",\"isPartOf\":{\"@id\":\"https:\/\/abilica.com\/#website\"},\"primaryImageOfPage\":{\"@id\":\"https:\/\/abilica.com\/sv\/kondition\/motionscykel\/abilica-premium-voyage-ems\/#primaryimage\"},\"image\":{\"@id\":\"https:\/\/abilica.com\/sv\/kondition\/motionscykel\/abilica-premium-voyage-ems\/#primaryimage\"},\"thumbnailUrl\":\"https:\/\/abilica.com\/wp-content\/uploads\/2026\/02\/416170_Abilica-Premium-Voyage-EMS_02.jpg\",\"datePublished\":\"2026-02-02T12:46:22+00:00\",\"dateModified\":\"2026-02-17T14:45:29+00:00\",\"breadcrumb\":{\"@id\":\"https:\/\/abilica.com\/sv\/kondition\/motionscykel\/abilica-premium-voyage-ems\/#breadcrumb\"},\"inLanguage\":\"sv-SE\",\"potentialAction\":[{\"@type\":\"ReadAction\",\"target\":[\"https:\/\/abilica.com\/sv\/kondition\/motionscykel\/abilica-premium-voyage-ems\/\"]}]},{\"@type\":\"ImageObject\",\"inLanguage\":\"sv-SE\",\"@id\":\"https:\/\/abilica.com\/sv\/kondition\/motionscykel\/abilica-premium-voyage-ems\/#primaryimage\",\"url\":\"https:\/\/abilica.com\/wp-content\/uploads\/2026\/02\/416170_Abilica-Premium-Voyage-EMS_02.jpg\",\"contentUrl\":\"https:\/\/abilica.com\/wp-content\/uploads\/2026\/02\/416170_Abilica-Premium-Voyage-EMS_02.jpg\",\"width\":1200,\"height\":1200},{\"@type\":\"BreadcrumbList\",\"@id\":\"https:\/\/abilica.com\/sv\/kondition\/motionscykel\/abilica-premium-voyage-ems\/#breadcrumb\",\"itemListElement\":[{\"@type\":\"ListItem\",\"position\":1,\"name\":\"Hem\",\"item\":\"https:\/\/abilica.com\/sv\/\"},{\"@type\":\"ListItem\",\"position\":2,\"name\":\"Produkter\",\"item\":\"https:\/\/abilica.com\/sv\/shop\/\"},{\"@type\":\"ListItem\",\"position\":3,\"name\":\"Abilica Premium Voyage EMS\"}]},{\"@type\":\"WebSite\",\"@id\":\"https:\/\/abilica.com\/#website\",\"url\":\"https:\/\/abilica.com\/\",\"name\":\"Abilica\",\"description\":\"Abilica Home Training\",\"potentialAction\":[{\"@type\":\"SearchAction\",\"target\":{\"@type\":\"EntryPoint\",\"urlTemplate\":\"https:\/\/abilica.com\/?s={search_term_string}\"},\"query-input\":{\"@type\":\"PropertyValueSpecification\",\"valueRequired\":true,\"valueName\":\"search_term_string\"}}],\"inLanguage\":\"sv-SE\"}]}<\/script>\n<!-- \/ Yoast SEO Premium plugin. -->","yoast_head_json":{"title":"Abilica Premium Voyage EMS Abilica","robots":{"index":"index","follow":"follow","max-snippet":"max-snippet:-1","max-image-preview":"max-image-preview:large","max-video-preview":"max-video-preview:-1"},"canonical":"https:\/\/abilica.com\/sv\/kondition\/motionscykel\/abilica-premium-voyage-ems\/","og_locale":"sv_SE","og_type":"article","og_title":"Abilica Premium Voyage EMS","og_description":"[vc_row][vc_column][vc_column_text css=&#8221;&#8221; el_class=&#8221;product-video&#8221;] En kraftfull och drifts\u00e4ker cykel designad f\u00f6r anv\u00e4ndning i f\u00f6retagets tr\u00e4ningsrum eller...","og_url":"https:\/\/abilica.com\/sv\/kondition\/motionscykel\/abilica-premium-voyage-ems\/","og_site_name":"Abilica","article_publisher":"https:\/\/www.facebook.com\/abilicahometraining\/","article_modified_time":"2026-02-17T14:45:29+00:00","og_image":[{"width":1200,"height":1200,"url":"https:\/\/abilica.com\/wp-content\/uploads\/2026\/02\/416170_Abilica-Premium-Voyage-EMS_02.jpg","type":"image\/jpeg"}],"twitter_card":"summary_large_image","twitter_misc":{"Ber\u00e4knad l\u00e4stid":"3 minuter"},"schema":{"@context":"https:\/\/schema.org","@graph":[{"@type":"WebPage","@id":"https:\/\/abilica.com\/sv\/kondition\/motionscykel\/abilica-premium-voyage-ems\/","url":"https:\/\/abilica.com\/sv\/kondition\/motionscykel\/abilica-premium-voyage-ems\/","name":"Abilica Premium Voyage EMS Abilica","isPartOf":{"@id":"https:\/\/abilica.com\/#website"},"primaryImageOfPage":{"@id":"https:\/\/abilica.com\/sv\/kondition\/motionscykel\/abilica-premium-voyage-ems\/#primaryimage"},"image":{"@id":"https:\/\/abilica.com\/sv\/kondition\/motionscykel\/abilica-premium-voyage-ems\/#primaryimage"},"thumbnailUrl":"https:\/\/abilica.com\/wp-content\/uploads\/2026\/02\/416170_Abilica-Premium-Voyage-EMS_02.jpg","datePublished":"2026-02-02T12:46:22+00:00","dateModified":"2026-02-17T14:45:29+00:00","breadcrumb":{"@id":"https:\/\/abilica.com\/sv\/kondition\/motionscykel\/abilica-premium-voyage-ems\/#breadcrumb"},"inLanguage":"sv-SE","potentialAction":[{"@type":"ReadAction","target":["https:\/\/abilica.com\/sv\/kondition\/motionscykel\/abilica-premium-voyage-ems\/"]}]},{"@type":"ImageObject","inLanguage":"sv-SE","@id":"https:\/\/abilica.com\/sv\/kondition\/motionscykel\/abilica-premium-voyage-ems\/#primaryimage","url":"https:\/\/abilica.com\/wp-content\/uploads\/2026\/02\/416170_Abilica-Premium-Voyage-EMS_02.jpg","contentUrl":"https:\/\/abilica.com\/wp-content\/uploads\/2026\/02\/416170_Abilica-Premium-Voyage-EMS_02.jpg","width":1200,"height":1200},{"@type":"BreadcrumbList","@id":"https:\/\/abilica.com\/sv\/kondition\/motionscykel\/abilica-premium-voyage-ems\/#breadcrumb","itemListElement":[{"@type":"ListItem","position":1,"name":"Hem","item":"https:\/\/abilica.com\/sv\/"},{"@type":"ListItem","position":2,"name":"Produkter","item":"https:\/\/abilica.com\/sv\/shop\/"},{"@type":"ListItem","position":3,"name":"Abilica Premium Voyage EMS"}]},{"@type":"WebSite","@id":"https:\/\/abilica.com\/#website","url":"https:\/\/abilica.com\/","name":"Abilica","description":"Abilica Home Training","potentialAction":[{"@type":"SearchAction","target":{"@type":"EntryPoint","urlTemplate":"https:\/\/abilica.com\/?s={search_term_string}"},"query-input":{"@type":"PropertyValueSpecification","valueRequired":true,"valueName":"search_term_string"}}],"inLanguage":"sv-SE"}]}},"_links":{"self":[{"href":"https:\/\/abilica.com\/sv\/wp-json\/wp\/v2\/product\/71086","targetHints":{"allow":["GET"]}}],"collection":[{"href":"https:\/\/abilica.com\/sv\/wp-json\/wp\/v2\/product"}],"about":[{"href":"https:\/\/abilica.com\/sv\/wp-json\/wp\/v2\/types\/product"}],"wp:featuredmedia":[{"embeddable":true,"href":"https:\/\/abilica.com\/sv\/wp-json\/wp\/v2\/media\/71070"}],"wp:attachment":[{"href":"https:\/\/abilica.com\/sv\/wp-json\/wp\/v2\/media?parent=71086"}],"wp:term":[{"taxonomy":"product_brand","embeddable":true,"href":"https:\/\/abilica.com\/sv\/wp-json\/wp\/v2\/product_brand?post=71086"},{"taxonomy":"product_cat","embeddable":true,"href":"https:\/\/abilica.com\/sv\/wp-json\/wp\/v2\/product_cat?post=71086"},{"taxonomy":"product_tag","embeddable":true,"href":"https:\/\/abilica.com\/sv\/wp-json\/wp\/v2\/product_tag?post=71086"}],"curies":[{"name":"wp","href":"https:\/\/api.w.org\/{rel}","templated":true}]}}