{"id":71135,"date":"2026-02-04T12:22:55","date_gmt":"2026-02-04T11:22:55","guid":{"rendered":"https:\/\/abilica.com\/?post_type=product&#038;p=71135"},"modified":"2026-02-26T16:35:06","modified_gmt":"2026-02-26T15:35:06","slug":"abilica-premium-wallbar-pullup-bar","status":"publish","type":"product","link":"https:\/\/abilica.com\/sv\/styrka\/abilica-premium-wallbar-pullup-bar\/","title":{"rendered":"Abilica Premium WallBar PullUp Bar"},"content":{"rendered":"<div class=\"wpb-content-wrapper\"><p>[vc_row][vc_column][vc_column_text css=&#8221;&#8221;]<\/p>\n<p data-start=\"105\" data-end=\"469\">Detta \u00e4r ett smart tillbeh\u00f6r till Abilica Premium WallBar Pro ribbv\u00e4gg som ger dig \u00e4nnu fler tr\u00e4ningsm\u00f6jligheter p\u00e5 ribbv\u00e4ggen. Pull-up-st\u00e5ngen f\u00e4sts enkelt i \u00f6nskad h\u00f6jd och g\u00f6r det m\u00f6jligt att utf\u00f6ra effektiva \u00f6vningar som pull-ups, chin-ups och h\u00e4ngande kn\u00e4lyft. Detta \u00e4r klassiska kroppsvikts\u00f6vningar som st\u00e4ller h\u00f6ga krav p\u00e5 styrka och kontroll i \u00f6verkroppen.<\/p>\n<p data-start=\"471\" data-end=\"778\">PullUp-st\u00e5ngen ger flera greppm\u00f6jligheter och bidrar till m\u00e5linriktad tr\u00e4ning av rygg, axlar och armar. Den kan justeras i tre olika vinklar, s\u00e5 att du enkelt kan variera belastning och \u00f6vningsutbud utifr\u00e5n tr\u00e4ningsniv\u00e5 och m\u00e5l. Detta g\u00f6r tillbeh\u00f6ret v\u00e4l l\u00e4mpat b\u00e5de f\u00f6r nyb\u00f6rjare och mer erfarna anv\u00e4ndare.<\/p>\n<p data-start=\"780\" data-end=\"1029\">Konstruktionen i boktr\u00e4 och metall ger ett stabilt och s\u00e4kert grepp under tr\u00e4ning. Pull-up-st\u00e5ngen \u00e4r utvecklad f\u00f6r regelbunden anv\u00e4ndning och t\u00e5l h\u00f6g belastning \u00f6ver tid, vilket g\u00f6r den v\u00e4l l\u00e4mpad b\u00e5de f\u00f6r hemmatr\u00e4ning och i tr\u00e4ningsrum p\u00e5 f\u00f6retag.<\/p>\n<p><strong>Specifikationer<br \/>\n<\/strong>M\u00e5tt monterad: 80 x 59 cm (L x H)<br \/>\nL\u00e4ngd per ribba: 80 cm<br \/>\nDiameter ribbor: 3,8 cm<br \/>\nJusteringsniv\u00e5er: 3<br \/>\nMaterial: Boktr\u00e4 och metall<br \/>\nRibban \u00e4r behandlad med naturlig vegetabilisk olja<br \/>\nProduktvikt: 4,3 kg<br \/>\nMax belastningsvikt: 150 kg<br \/>\nAnv\u00e4ndningsomr\u00e5de: Hemma och f\u00f6retag[\/vc_column_text][\/vc_column][\/vc_row]<\/p>\n<\/div>","protected":false},"excerpt":{"rendered":"<p>[vc_row][vc_column][vc_column_text css=&#8221;&#8221;] Detta \u00e4r ett smart tillbeh\u00f6r till Abilica Premium WallBar Pro ribbv\u00e4gg som ger&#8230;<\/p>\n","protected":false},"featured_media":71106,"template":"","meta":{"_acf_changed":false},"product_brand":[],"product_cat":[471],"product_tag":[174,76,49],"class_list":{"0":"post-71135","1":"product","2":"type-product","3":"status-publish","4":"has-post-thumbnail","6":"product_cat-styrka","7":"product_tag-active","8":"product_tag-eco-friendly","9":"product_tag-premium","11":"first","12":"instock","13":"product-type-simple"},"acf":[],"yoast_head":"<!-- This site is optimized with the Yoast SEO Premium plugin v21.1 (Yoast SEO v25.4) - https:\/\/yoast.com\/wordpress\/plugins\/seo\/ -->\n<title>Abilica Premium WallBar PullUp Bar Abilica<\/title>\n<meta name=\"robots\" content=\"index, follow, max-snippet:-1, max-image-preview:large, max-video-preview:-1\" \/>\n<link rel=\"canonical\" href=\"https:\/\/abilica.com\/sv\/styrka\/abilica-premium-wallbar-pullup-bar\/\" \/>\n<meta property=\"og:locale\" content=\"sv_SE\" \/>\n<meta property=\"og:type\" content=\"article\" \/>\n<meta property=\"og:title\" content=\"Abilica Premium WallBar PullUp Bar\" \/>\n<meta property=\"og:description\" content=\"[vc_row][vc_column][vc_column_text css=&#8221;&#8221;] Detta \u00e4r ett smart tillbeh\u00f6r till Abilica Premium WallBar Pro ribbv\u00e4gg som ger...\" \/>\n<meta property=\"og:url\" content=\"https:\/\/abilica.com\/sv\/styrka\/abilica-premium-wallbar-pullup-bar\/\" \/>\n<meta property=\"og:site_name\" content=\"Abilica\" \/>\n<meta property=\"article:publisher\" content=\"https:\/\/www.facebook.com\/abilicahometraining\/\" \/>\n<meta property=\"article:modified_time\" content=\"2026-02-26T15:35:06+00:00\" \/>\n<meta property=\"og:image\" content=\"https:\/\/abilica.com\/wp-content\/uploads\/2026\/02\/418520_Abilica-Premium-WallBar-PullUp-Bar_01.jpg\" \/>\n\t<meta property=\"og:image:width\" content=\"1200\" \/>\n\t<meta property=\"og:image:height\" content=\"1200\" \/>\n\t<meta property=\"og:image:type\" content=\"image\/jpeg\" \/>\n<meta name=\"twitter:card\" content=\"summary_large_image\" \/>\n<meta name=\"twitter:label1\" content=\"Ber\u00e4knad l\u00e4stid\" \/>\n\t<meta name=\"twitter:data1\" content=\"1 minut\" \/>\n<script type=\"application\/ld+json\" class=\"yoast-schema-graph\">{\"@context\":\"https:\/\/schema.org\",\"@graph\":[{\"@type\":\"WebPage\",\"@id\":\"https:\/\/abilica.com\/sv\/styrka\/abilica-premium-wallbar-pullup-bar\/\",\"url\":\"https:\/\/abilica.com\/sv\/styrka\/abilica-premium-wallbar-pullup-bar\/\",\"name\":\"Abilica Premium WallBar PullUp Bar Abilica\",\"isPartOf\":{\"@id\":\"https:\/\/abilica.com\/#website\"},\"primaryImageOfPage\":{\"@id\":\"https:\/\/abilica.com\/sv\/styrka\/abilica-premium-wallbar-pullup-bar\/#primaryimage\"},\"image\":{\"@id\":\"https:\/\/abilica.com\/sv\/styrka\/abilica-premium-wallbar-pullup-bar\/#primaryimage\"},\"thumbnailUrl\":\"https:\/\/abilica.com\/wp-content\/uploads\/2026\/02\/418520_Abilica-Premium-WallBar-PullUp-Bar_01.jpg\",\"datePublished\":\"2026-02-04T11:22:55+00:00\",\"dateModified\":\"2026-02-26T15:35:06+00:00\",\"breadcrumb\":{\"@id\":\"https:\/\/abilica.com\/sv\/styrka\/abilica-premium-wallbar-pullup-bar\/#breadcrumb\"},\"inLanguage\":\"sv-SE\",\"potentialAction\":[{\"@type\":\"ReadAction\",\"target\":[\"https:\/\/abilica.com\/sv\/styrka\/abilica-premium-wallbar-pullup-bar\/\"]}]},{\"@type\":\"ImageObject\",\"inLanguage\":\"sv-SE\",\"@id\":\"https:\/\/abilica.com\/sv\/styrka\/abilica-premium-wallbar-pullup-bar\/#primaryimage\",\"url\":\"https:\/\/abilica.com\/wp-content\/uploads\/2026\/02\/418520_Abilica-Premium-WallBar-PullUp-Bar_01.jpg\",\"contentUrl\":\"https:\/\/abilica.com\/wp-content\/uploads\/2026\/02\/418520_Abilica-Premium-WallBar-PullUp-Bar_01.jpg\",\"width\":1200,\"height\":1200},{\"@type\":\"BreadcrumbList\",\"@id\":\"https:\/\/abilica.com\/sv\/styrka\/abilica-premium-wallbar-pullup-bar\/#breadcrumb\",\"itemListElement\":[{\"@type\":\"ListItem\",\"position\":1,\"name\":\"Hem\",\"item\":\"https:\/\/abilica.com\/sv\/\"},{\"@type\":\"ListItem\",\"position\":2,\"name\":\"Produkter\",\"item\":\"https:\/\/abilica.com\/sv\/shop\/\"},{\"@type\":\"ListItem\",\"position\":3,\"name\":\"Abilica Premium WallBar PullUp Bar\"}]},{\"@type\":\"WebSite\",\"@id\":\"https:\/\/abilica.com\/#website\",\"url\":\"https:\/\/abilica.com\/\",\"name\":\"Abilica\",\"description\":\"Abilica Home Training\",\"potentialAction\":[{\"@type\":\"SearchAction\",\"target\":{\"@type\":\"EntryPoint\",\"urlTemplate\":\"https:\/\/abilica.com\/?s={search_term_string}\"},\"query-input\":{\"@type\":\"PropertyValueSpecification\",\"valueRequired\":true,\"valueName\":\"search_term_string\"}}],\"inLanguage\":\"sv-SE\"}]}<\/script>\n<!-- \/ Yoast SEO Premium plugin. -->","yoast_head_json":{"title":"Abilica Premium WallBar PullUp Bar Abilica","robots":{"index":"index","follow":"follow","max-snippet":"max-snippet:-1","max-image-preview":"max-image-preview:large","max-video-preview":"max-video-preview:-1"},"canonical":"https:\/\/abilica.com\/sv\/styrka\/abilica-premium-wallbar-pullup-bar\/","og_locale":"sv_SE","og_type":"article","og_title":"Abilica Premium WallBar PullUp Bar","og_description":"[vc_row][vc_column][vc_column_text css=&#8221;&#8221;] Detta \u00e4r ett smart tillbeh\u00f6r till Abilica Premium WallBar Pro ribbv\u00e4gg som ger...","og_url":"https:\/\/abilica.com\/sv\/styrka\/abilica-premium-wallbar-pullup-bar\/","og_site_name":"Abilica","article_publisher":"https:\/\/www.facebook.com\/abilicahometraining\/","article_modified_time":"2026-02-26T15:35:06+00:00","og_image":[{"width":1200,"height":1200,"url":"https:\/\/abilica.com\/wp-content\/uploads\/2026\/02\/418520_Abilica-Premium-WallBar-PullUp-Bar_01.jpg","type":"image\/jpeg"}],"twitter_card":"summary_large_image","twitter_misc":{"Ber\u00e4knad l\u00e4stid":"1 minut"},"schema":{"@context":"https:\/\/schema.org","@graph":[{"@type":"WebPage","@id":"https:\/\/abilica.com\/sv\/styrka\/abilica-premium-wallbar-pullup-bar\/","url":"https:\/\/abilica.com\/sv\/styrka\/abilica-premium-wallbar-pullup-bar\/","name":"Abilica Premium WallBar PullUp Bar Abilica","isPartOf":{"@id":"https:\/\/abilica.com\/#website"},"primaryImageOfPage":{"@id":"https:\/\/abilica.com\/sv\/styrka\/abilica-premium-wallbar-pullup-bar\/#primaryimage"},"image":{"@id":"https:\/\/abilica.com\/sv\/styrka\/abilica-premium-wallbar-pullup-bar\/#primaryimage"},"thumbnailUrl":"https:\/\/abilica.com\/wp-content\/uploads\/2026\/02\/418520_Abilica-Premium-WallBar-PullUp-Bar_01.jpg","datePublished":"2026-02-04T11:22:55+00:00","dateModified":"2026-02-26T15:35:06+00:00","breadcrumb":{"@id":"https:\/\/abilica.com\/sv\/styrka\/abilica-premium-wallbar-pullup-bar\/#breadcrumb"},"inLanguage":"sv-SE","potentialAction":[{"@type":"ReadAction","target":["https:\/\/abilica.com\/sv\/styrka\/abilica-premium-wallbar-pullup-bar\/"]}]},{"@type":"ImageObject","inLanguage":"sv-SE","@id":"https:\/\/abilica.com\/sv\/styrka\/abilica-premium-wallbar-pullup-bar\/#primaryimage","url":"https:\/\/abilica.com\/wp-content\/uploads\/2026\/02\/418520_Abilica-Premium-WallBar-PullUp-Bar_01.jpg","contentUrl":"https:\/\/abilica.com\/wp-content\/uploads\/2026\/02\/418520_Abilica-Premium-WallBar-PullUp-Bar_01.jpg","width":1200,"height":1200},{"@type":"BreadcrumbList","@id":"https:\/\/abilica.com\/sv\/styrka\/abilica-premium-wallbar-pullup-bar\/#breadcrumb","itemListElement":[{"@type":"ListItem","position":1,"name":"Hem","item":"https:\/\/abilica.com\/sv\/"},{"@type":"ListItem","position":2,"name":"Produkter","item":"https:\/\/abilica.com\/sv\/shop\/"},{"@type":"ListItem","position":3,"name":"Abilica Premium WallBar PullUp Bar"}]},{"@type":"WebSite","@id":"https:\/\/abilica.com\/#website","url":"https:\/\/abilica.com\/","name":"Abilica","description":"Abilica Home Training","potentialAction":[{"@type":"SearchAction","target":{"@type":"EntryPoint","urlTemplate":"https:\/\/abilica.com\/?s={search_term_string}"},"query-input":{"@type":"PropertyValueSpecification","valueRequired":true,"valueName":"search_term_string"}}],"inLanguage":"sv-SE"}]}},"_links":{"self":[{"href":"https:\/\/abilica.com\/sv\/wp-json\/wp\/v2\/product\/71135","targetHints":{"allow":["GET"]}}],"collection":[{"href":"https:\/\/abilica.com\/sv\/wp-json\/wp\/v2\/product"}],"about":[{"href":"https:\/\/abilica.com\/sv\/wp-json\/wp\/v2\/types\/product"}],"wp:featuredmedia":[{"embeddable":true,"href":"https:\/\/abilica.com\/sv\/wp-json\/wp\/v2\/media\/71106"}],"wp:attachment":[{"href":"https:\/\/abilica.com\/sv\/wp-json\/wp\/v2\/media?parent=71135"}],"wp:term":[{"taxonomy":"product_brand","embeddable":true,"href":"https:\/\/abilica.com\/sv\/wp-json\/wp\/v2\/product_brand?post=71135"},{"taxonomy":"product_cat","embeddable":true,"href":"https:\/\/abilica.com\/sv\/wp-json\/wp\/v2\/product_cat?post=71135"},{"taxonomy":"product_tag","embeddable":true,"href":"https:\/\/abilica.com\/sv\/wp-json\/wp\/v2\/product_tag?post=71135"}],"curies":[{"name":"wp","href":"https:\/\/api.w.org\/{rel}","templated":true}]}}