{"id":71136,"date":"2026-02-04T12:24:36","date_gmt":"2026-02-04T11:24:36","guid":{"rendered":"https:\/\/abilica.com\/?post_type=product&#038;p=71136"},"modified":"2026-02-26T16:35:39","modified_gmt":"2026-02-26T15:35:39","slug":"abilica-premium-wallbar-dipshandle","status":"publish","type":"product","link":"https:\/\/abilica.com\/sv\/styrka\/abilica-premium-wallbar-dipshandle\/","title":{"rendered":"Abilica Premium WallBar DipsHandle"},"content":{"rendered":"<div class=\"wpb-content-wrapper\"><p>[vc_row][vc_column][vc_column_text css=&#8221;&#8221;]<\/p>\n<p data-start=\"0\" data-end=\"104\">Abilica Dips handtag till Premium WallBar Pro Ribbstol \u2013 Dipshandtag f\u00f6r effektiv \u00f6verkroppstr\u00e4ning. Detta \u00e4r ett funktionellt tillbeh\u00f6r till Abilica Premium WallBar Pro Ribbstol som ger dig m\u00f6jlighet att utf\u00f6ra effektiva dips\u00f6vningar f\u00f6r \u00f6verkroppen. Handtagen f\u00e4sts enkelt p\u00e5 tv\u00e5 valfria ribbor i \u00f6nskad h\u00f6jd \u2013 helt utan verktyg. Avst\u00e5ndet mellan handtagen kan justeras s\u00e5 att du hittar den bredd som passar dig b\u00e4st.<\/p>\n<p data-start=\"428\" data-end=\"701\">Dips \u00e4r en av de mest effektiva kroppsvikts\u00f6vningarna f\u00f6r att bygga styrka i triceps, br\u00f6st och axlar. Med justerbar bredd och stabil konstruktion f\u00e5r du en s\u00e4ker och m\u00e5linriktad tr\u00e4ningsupplevelse, oavsett om du tr\u00e4nar hemma eller i f\u00f6retagsmilj\u00f6. Produkten s\u00e4ljs i par.<\/p>\n<p data-start=\"428\" data-end=\"701\"><strong>Specifikationer<br \/>\n<\/strong>M\u00e5tt monterad: 55 x 26,5 cm (L x H)<br \/>\nL\u00e4ngd per ribba: 50 cm<br \/>\nDiameter ribbor: 3,8 cm<br \/>\nMaterial: Boktr\u00e4 och metall<br \/>\nRibban \u00e4r behandlad med naturlig v\u00e4xtolja<br \/>\nProduktvikt: 4,0 kg<br \/>\nMax anv\u00e4ndarvikt: 150 kg<br \/>\nAnv\u00e4ndningsomr\u00e5de: Hem och f\u00f6retag<\/p>\n<p data-start=\"428\" data-end=\"701\"><strong>\u00a0<\/strong><\/p>\n<p>[\/vc_column_text][\/vc_column][\/vc_row]<\/p>\n<\/div>","protected":false},"excerpt":{"rendered":"<p>[vc_row][vc_column][vc_column_text css=&#8221;&#8221;] Abilica Dips handtag till Premium WallBar Pro Ribbstol \u2013 Dipshandtag f\u00f6r effektiv \u00f6verkroppstr\u00e4ning&#8230;.<\/p>\n","protected":false},"featured_media":71122,"template":"","meta":{"_acf_changed":false},"product_brand":[],"product_cat":[471],"product_tag":[174,76,49],"class_list":{"0":"post-71136","1":"product","2":"type-product","3":"status-publish","4":"has-post-thumbnail","6":"product_cat-styrka","7":"product_tag-active","8":"product_tag-eco-friendly","9":"product_tag-premium","11":"first","12":"instock","13":"product-type-simple"},"acf":[],"yoast_head":"<!-- This site is optimized with the Yoast SEO Premium plugin v21.1 (Yoast SEO v25.4) - https:\/\/yoast.com\/wordpress\/plugins\/seo\/ -->\n<title>Abilica Premium WallBar DipsHandle Abilica<\/title>\n<meta name=\"robots\" content=\"index, follow, max-snippet:-1, max-image-preview:large, max-video-preview:-1\" \/>\n<link rel=\"canonical\" href=\"https:\/\/abilica.com\/sv\/styrka\/abilica-premium-wallbar-dipshandle\/\" \/>\n<meta property=\"og:locale\" content=\"sv_SE\" \/>\n<meta property=\"og:type\" content=\"article\" \/>\n<meta property=\"og:title\" content=\"Abilica Premium WallBar DipsHandle\" \/>\n<meta property=\"og:description\" content=\"[vc_row][vc_column][vc_column_text css=&#8221;&#8221;] Abilica Dips handtag till Premium WallBar Pro Ribbstol \u2013 Dipshandtag f\u00f6r effektiv \u00f6verkroppstr\u00e4ning....\" \/>\n<meta property=\"og:url\" content=\"https:\/\/abilica.com\/sv\/styrka\/abilica-premium-wallbar-dipshandle\/\" \/>\n<meta property=\"og:site_name\" content=\"Abilica\" \/>\n<meta property=\"article:publisher\" content=\"https:\/\/www.facebook.com\/abilicahometraining\/\" \/>\n<meta property=\"article:modified_time\" content=\"2026-02-26T15:35:39+00:00\" \/>\n<meta property=\"og:image\" content=\"https:\/\/abilica.com\/wp-content\/uploads\/2026\/02\/418519_Abilica-Premium-WallBar-Dips-Handle_01.jpg\" \/>\n\t<meta property=\"og:image:width\" content=\"1200\" \/>\n\t<meta property=\"og:image:height\" content=\"1200\" \/>\n\t<meta property=\"og:image:type\" content=\"image\/jpeg\" \/>\n<meta name=\"twitter:card\" content=\"summary_large_image\" \/>\n<meta name=\"twitter:label1\" content=\"Ber\u00e4knad l\u00e4stid\" \/>\n\t<meta name=\"twitter:data1\" content=\"1 minut\" \/>\n<script type=\"application\/ld+json\" class=\"yoast-schema-graph\">{\"@context\":\"https:\/\/schema.org\",\"@graph\":[{\"@type\":\"WebPage\",\"@id\":\"https:\/\/abilica.com\/sv\/styrka\/abilica-premium-wallbar-dipshandle\/\",\"url\":\"https:\/\/abilica.com\/sv\/styrka\/abilica-premium-wallbar-dipshandle\/\",\"name\":\"Abilica Premium WallBar DipsHandle Abilica\",\"isPartOf\":{\"@id\":\"https:\/\/abilica.com\/#website\"},\"primaryImageOfPage\":{\"@id\":\"https:\/\/abilica.com\/sv\/styrka\/abilica-premium-wallbar-dipshandle\/#primaryimage\"},\"image\":{\"@id\":\"https:\/\/abilica.com\/sv\/styrka\/abilica-premium-wallbar-dipshandle\/#primaryimage\"},\"thumbnailUrl\":\"https:\/\/abilica.com\/wp-content\/uploads\/2026\/02\/418519_Abilica-Premium-WallBar-Dips-Handle_01.jpg\",\"datePublished\":\"2026-02-04T11:24:36+00:00\",\"dateModified\":\"2026-02-26T15:35:39+00:00\",\"breadcrumb\":{\"@id\":\"https:\/\/abilica.com\/sv\/styrka\/abilica-premium-wallbar-dipshandle\/#breadcrumb\"},\"inLanguage\":\"sv-SE\",\"potentialAction\":[{\"@type\":\"ReadAction\",\"target\":[\"https:\/\/abilica.com\/sv\/styrka\/abilica-premium-wallbar-dipshandle\/\"]}]},{\"@type\":\"ImageObject\",\"inLanguage\":\"sv-SE\",\"@id\":\"https:\/\/abilica.com\/sv\/styrka\/abilica-premium-wallbar-dipshandle\/#primaryimage\",\"url\":\"https:\/\/abilica.com\/wp-content\/uploads\/2026\/02\/418519_Abilica-Premium-WallBar-Dips-Handle_01.jpg\",\"contentUrl\":\"https:\/\/abilica.com\/wp-content\/uploads\/2026\/02\/418519_Abilica-Premium-WallBar-Dips-Handle_01.jpg\",\"width\":1200,\"height\":1200},{\"@type\":\"BreadcrumbList\",\"@id\":\"https:\/\/abilica.com\/sv\/styrka\/abilica-premium-wallbar-dipshandle\/#breadcrumb\",\"itemListElement\":[{\"@type\":\"ListItem\",\"position\":1,\"name\":\"Hem\",\"item\":\"https:\/\/abilica.com\/sv\/\"},{\"@type\":\"ListItem\",\"position\":2,\"name\":\"Produkter\",\"item\":\"https:\/\/abilica.com\/sv\/shop\/\"},{\"@type\":\"ListItem\",\"position\":3,\"name\":\"Abilica Premium WallBar DipsHandle\"}]},{\"@type\":\"WebSite\",\"@id\":\"https:\/\/abilica.com\/#website\",\"url\":\"https:\/\/abilica.com\/\",\"name\":\"Abilica\",\"description\":\"Abilica Home Training\",\"potentialAction\":[{\"@type\":\"SearchAction\",\"target\":{\"@type\":\"EntryPoint\",\"urlTemplate\":\"https:\/\/abilica.com\/?s={search_term_string}\"},\"query-input\":{\"@type\":\"PropertyValueSpecification\",\"valueRequired\":true,\"valueName\":\"search_term_string\"}}],\"inLanguage\":\"sv-SE\"}]}<\/script>\n<!-- \/ Yoast SEO Premium plugin. -->","yoast_head_json":{"title":"Abilica Premium WallBar DipsHandle Abilica","robots":{"index":"index","follow":"follow","max-snippet":"max-snippet:-1","max-image-preview":"max-image-preview:large","max-video-preview":"max-video-preview:-1"},"canonical":"https:\/\/abilica.com\/sv\/styrka\/abilica-premium-wallbar-dipshandle\/","og_locale":"sv_SE","og_type":"article","og_title":"Abilica Premium WallBar DipsHandle","og_description":"[vc_row][vc_column][vc_column_text css=&#8221;&#8221;] Abilica Dips handtag till Premium WallBar Pro Ribbstol \u2013 Dipshandtag f\u00f6r effektiv \u00f6verkroppstr\u00e4ning....","og_url":"https:\/\/abilica.com\/sv\/styrka\/abilica-premium-wallbar-dipshandle\/","og_site_name":"Abilica","article_publisher":"https:\/\/www.facebook.com\/abilicahometraining\/","article_modified_time":"2026-02-26T15:35:39+00:00","og_image":[{"width":1200,"height":1200,"url":"https:\/\/abilica.com\/wp-content\/uploads\/2026\/02\/418519_Abilica-Premium-WallBar-Dips-Handle_01.jpg","type":"image\/jpeg"}],"twitter_card":"summary_large_image","twitter_misc":{"Ber\u00e4knad l\u00e4stid":"1 minut"},"schema":{"@context":"https:\/\/schema.org","@graph":[{"@type":"WebPage","@id":"https:\/\/abilica.com\/sv\/styrka\/abilica-premium-wallbar-dipshandle\/","url":"https:\/\/abilica.com\/sv\/styrka\/abilica-premium-wallbar-dipshandle\/","name":"Abilica Premium WallBar DipsHandle Abilica","isPartOf":{"@id":"https:\/\/abilica.com\/#website"},"primaryImageOfPage":{"@id":"https:\/\/abilica.com\/sv\/styrka\/abilica-premium-wallbar-dipshandle\/#primaryimage"},"image":{"@id":"https:\/\/abilica.com\/sv\/styrka\/abilica-premium-wallbar-dipshandle\/#primaryimage"},"thumbnailUrl":"https:\/\/abilica.com\/wp-content\/uploads\/2026\/02\/418519_Abilica-Premium-WallBar-Dips-Handle_01.jpg","datePublished":"2026-02-04T11:24:36+00:00","dateModified":"2026-02-26T15:35:39+00:00","breadcrumb":{"@id":"https:\/\/abilica.com\/sv\/styrka\/abilica-premium-wallbar-dipshandle\/#breadcrumb"},"inLanguage":"sv-SE","potentialAction":[{"@type":"ReadAction","target":["https:\/\/abilica.com\/sv\/styrka\/abilica-premium-wallbar-dipshandle\/"]}]},{"@type":"ImageObject","inLanguage":"sv-SE","@id":"https:\/\/abilica.com\/sv\/styrka\/abilica-premium-wallbar-dipshandle\/#primaryimage","url":"https:\/\/abilica.com\/wp-content\/uploads\/2026\/02\/418519_Abilica-Premium-WallBar-Dips-Handle_01.jpg","contentUrl":"https:\/\/abilica.com\/wp-content\/uploads\/2026\/02\/418519_Abilica-Premium-WallBar-Dips-Handle_01.jpg","width":1200,"height":1200},{"@type":"BreadcrumbList","@id":"https:\/\/abilica.com\/sv\/styrka\/abilica-premium-wallbar-dipshandle\/#breadcrumb","itemListElement":[{"@type":"ListItem","position":1,"name":"Hem","item":"https:\/\/abilica.com\/sv\/"},{"@type":"ListItem","position":2,"name":"Produkter","item":"https:\/\/abilica.com\/sv\/shop\/"},{"@type":"ListItem","position":3,"name":"Abilica Premium WallBar DipsHandle"}]},{"@type":"WebSite","@id":"https:\/\/abilica.com\/#website","url":"https:\/\/abilica.com\/","name":"Abilica","description":"Abilica Home Training","potentialAction":[{"@type":"SearchAction","target":{"@type":"EntryPoint","urlTemplate":"https:\/\/abilica.com\/?s={search_term_string}"},"query-input":{"@type":"PropertyValueSpecification","valueRequired":true,"valueName":"search_term_string"}}],"inLanguage":"sv-SE"}]}},"_links":{"self":[{"href":"https:\/\/abilica.com\/sv\/wp-json\/wp\/v2\/product\/71136","targetHints":{"allow":["GET"]}}],"collection":[{"href":"https:\/\/abilica.com\/sv\/wp-json\/wp\/v2\/product"}],"about":[{"href":"https:\/\/abilica.com\/sv\/wp-json\/wp\/v2\/types\/product"}],"wp:featuredmedia":[{"embeddable":true,"href":"https:\/\/abilica.com\/sv\/wp-json\/wp\/v2\/media\/71122"}],"wp:attachment":[{"href":"https:\/\/abilica.com\/sv\/wp-json\/wp\/v2\/media?parent=71136"}],"wp:term":[{"taxonomy":"product_brand","embeddable":true,"href":"https:\/\/abilica.com\/sv\/wp-json\/wp\/v2\/product_brand?post=71136"},{"taxonomy":"product_cat","embeddable":true,"href":"https:\/\/abilica.com\/sv\/wp-json\/wp\/v2\/product_cat?post=71136"},{"taxonomy":"product_tag","embeddable":true,"href":"https:\/\/abilica.com\/sv\/wp-json\/wp\/v2\/product_tag?post=71136"}],"curies":[{"name":"wp","href":"https:\/\/api.w.org\/{rel}","templated":true}]}}