{"id":89099,"date":"2026-03-17T10:03:47","date_gmt":"2026-03-17T09:03:47","guid":{"rendered":"https:\/\/abilica.com\/?post_type=product&#038;p=89099"},"modified":"2026-03-17T10:06:44","modified_gmt":"2026-03-17T09:06:44","slug":"abilica-electric-pump","status":"publish","type":"product","link":"https:\/\/abilica.com\/sv\/kondition\/airtracks-2\/abilica-electric-pump\/","title":{"rendered":"Abilica Electric Pump"},"content":{"rendered":"<p data-start=\"90\" data-end=\"362\">Elektrisk pump med 3 olika ventiler. Rekommenderas f\u00f6r st\u00f6rre Abilica AirTracks. En av ventilerna \u00e4r en standardventil f\u00f6r AirTracks och passar \u00e4ven ofta till bland annat SUP-br\u00e4dor och gummib\u00e5tar. Pumpen kan \u00e4ven anv\u00e4ndas f\u00f6r att t\u00f6mma ut luften snabbt och effektivt.<\/p>\n<p data-start=\"364\" data-end=\"383\"><strong data-start=\"364\" data-end=\"383\">Specifikationer<br \/>\n<\/strong>Levereras med 3 olika ventiler<br data-start=\"417\" data-end=\"420\" \/>Sladd: 1,5 m l\u00e5ng<br data-start=\"439\" data-end=\"442\" \/>Material: ABS<br data-start=\"457\" data-end=\"460\" \/>Sp\u00e4nning: 220\u2013240 V<br data-start=\"481\" data-end=\"484\" \/>Effekt: 600 W \u00b1 10 %<br data-start=\"530\" data-end=\"533\" \/>Ljudniv\u00e5: &lt; 80 dB<br data-start=\"578\" data-end=\"581\" \/>Lufttryck: 2,3 PSI<\/p>\n","protected":false},"excerpt":{"rendered":"<p>.<\/p>\n","protected":false},"featured_media":89097,"template":"","meta":{"_acf_changed":false},"product_brand":[],"product_cat":[517,475,493,472,471,478],"product_tag":[179],"class_list":{"0":"post-89099","1":"product","2":"type-product","3":"status-publish","4":"has-post-thumbnail","6":"product_cat-airtracks-2","7":"product_cat-kondition","8":"product_cat-mattor","9":"product_cat-smaprodukter-2","10":"product_cat-styrka","11":"product_cat-tillbehor","12":"product_tag-summer-workout","14":"first","15":"instock","16":"product-type-simple"},"acf":[],"yoast_head":"<!-- This site is optimized with the Yoast SEO Premium plugin v21.1 (Yoast SEO v25.4) - https:\/\/yoast.com\/wordpress\/plugins\/seo\/ -->\n<title>Abilica Electric Pump Abilica<\/title>\n<meta name=\"robots\" content=\"index, follow, max-snippet:-1, max-image-preview:large, max-video-preview:-1\" \/>\n<link rel=\"canonical\" href=\"https:\/\/abilica.com\/sv\/kondition\/airtracks-2\/abilica-electric-pump\/\" \/>\n<meta property=\"og:locale\" content=\"sv_SE\" \/>\n<meta property=\"og:type\" content=\"article\" \/>\n<meta property=\"og:title\" content=\"Abilica Electric Pump\" \/>\n<meta property=\"og:description\" content=\".\" \/>\n<meta property=\"og:url\" content=\"https:\/\/abilica.com\/sv\/kondition\/airtracks-2\/abilica-electric-pump\/\" \/>\n<meta property=\"og:site_name\" content=\"Abilica\" \/>\n<meta property=\"article:publisher\" content=\"https:\/\/www.facebook.com\/abilicahometraining\/\" \/>\n<meta property=\"article:modified_time\" content=\"2026-03-17T09:06:44+00:00\" \/>\n<meta property=\"og:image\" content=\"https:\/\/abilica.com\/wp-content\/uploads\/2026\/03\/419268_Abilica_Electric_Pump_2.jpg\" \/>\n\t<meta property=\"og:image:width\" content=\"1200\" \/>\n\t<meta property=\"og:image:height\" content=\"1200\" \/>\n\t<meta property=\"og:image:type\" content=\"image\/jpeg\" \/>\n<meta name=\"twitter:card\" content=\"summary_large_image\" \/>\n<script type=\"application\/ld+json\" class=\"yoast-schema-graph\">{\"@context\":\"https:\/\/schema.org\",\"@graph\":[{\"@type\":\"WebPage\",\"@id\":\"https:\/\/abilica.com\/sv\/kondition\/airtracks-2\/abilica-electric-pump\/\",\"url\":\"https:\/\/abilica.com\/sv\/kondition\/airtracks-2\/abilica-electric-pump\/\",\"name\":\"Abilica Electric Pump Abilica\",\"isPartOf\":{\"@id\":\"https:\/\/abilica.com\/#website\"},\"primaryImageOfPage\":{\"@id\":\"https:\/\/abilica.com\/sv\/kondition\/airtracks-2\/abilica-electric-pump\/#primaryimage\"},\"image\":{\"@id\":\"https:\/\/abilica.com\/sv\/kondition\/airtracks-2\/abilica-electric-pump\/#primaryimage\"},\"thumbnailUrl\":\"https:\/\/abilica.com\/wp-content\/uploads\/2026\/03\/419268_Abilica_Electric_Pump_2.jpg\",\"datePublished\":\"2026-03-17T09:03:47+00:00\",\"dateModified\":\"2026-03-17T09:06:44+00:00\",\"breadcrumb\":{\"@id\":\"https:\/\/abilica.com\/sv\/kondition\/airtracks-2\/abilica-electric-pump\/#breadcrumb\"},\"inLanguage\":\"sv-SE\",\"potentialAction\":[{\"@type\":\"ReadAction\",\"target\":[\"https:\/\/abilica.com\/sv\/kondition\/airtracks-2\/abilica-electric-pump\/\"]}]},{\"@type\":\"ImageObject\",\"inLanguage\":\"sv-SE\",\"@id\":\"https:\/\/abilica.com\/sv\/kondition\/airtracks-2\/abilica-electric-pump\/#primaryimage\",\"url\":\"https:\/\/abilica.com\/wp-content\/uploads\/2026\/03\/419268_Abilica_Electric_Pump_2.jpg\",\"contentUrl\":\"https:\/\/abilica.com\/wp-content\/uploads\/2026\/03\/419268_Abilica_Electric_Pump_2.jpg\",\"width\":1200,\"height\":1200},{\"@type\":\"BreadcrumbList\",\"@id\":\"https:\/\/abilica.com\/sv\/kondition\/airtracks-2\/abilica-electric-pump\/#breadcrumb\",\"itemListElement\":[{\"@type\":\"ListItem\",\"position\":1,\"name\":\"Hem\",\"item\":\"https:\/\/abilica.com\/sv\/\"},{\"@type\":\"ListItem\",\"position\":2,\"name\":\"Produkter\",\"item\":\"https:\/\/abilica.com\/sv\/shop\/\"},{\"@type\":\"ListItem\",\"position\":3,\"name\":\"Abilica Electric Pump\"}]},{\"@type\":\"WebSite\",\"@id\":\"https:\/\/abilica.com\/#website\",\"url\":\"https:\/\/abilica.com\/\",\"name\":\"Abilica\",\"description\":\"Abilica Home Training\",\"potentialAction\":[{\"@type\":\"SearchAction\",\"target\":{\"@type\":\"EntryPoint\",\"urlTemplate\":\"https:\/\/abilica.com\/?s={search_term_string}\"},\"query-input\":{\"@type\":\"PropertyValueSpecification\",\"valueRequired\":true,\"valueName\":\"search_term_string\"}}],\"inLanguage\":\"sv-SE\"}]}<\/script>\n<!-- \/ Yoast SEO Premium plugin. -->","yoast_head_json":{"title":"Abilica Electric Pump Abilica","robots":{"index":"index","follow":"follow","max-snippet":"max-snippet:-1","max-image-preview":"max-image-preview:large","max-video-preview":"max-video-preview:-1"},"canonical":"https:\/\/abilica.com\/sv\/kondition\/airtracks-2\/abilica-electric-pump\/","og_locale":"sv_SE","og_type":"article","og_title":"Abilica Electric Pump","og_description":".","og_url":"https:\/\/abilica.com\/sv\/kondition\/airtracks-2\/abilica-electric-pump\/","og_site_name":"Abilica","article_publisher":"https:\/\/www.facebook.com\/abilicahometraining\/","article_modified_time":"2026-03-17T09:06:44+00:00","og_image":[{"width":1200,"height":1200,"url":"https:\/\/abilica.com\/wp-content\/uploads\/2026\/03\/419268_Abilica_Electric_Pump_2.jpg","type":"image\/jpeg"}],"twitter_card":"summary_large_image","schema":{"@context":"https:\/\/schema.org","@graph":[{"@type":"WebPage","@id":"https:\/\/abilica.com\/sv\/kondition\/airtracks-2\/abilica-electric-pump\/","url":"https:\/\/abilica.com\/sv\/kondition\/airtracks-2\/abilica-electric-pump\/","name":"Abilica Electric Pump Abilica","isPartOf":{"@id":"https:\/\/abilica.com\/#website"},"primaryImageOfPage":{"@id":"https:\/\/abilica.com\/sv\/kondition\/airtracks-2\/abilica-electric-pump\/#primaryimage"},"image":{"@id":"https:\/\/abilica.com\/sv\/kondition\/airtracks-2\/abilica-electric-pump\/#primaryimage"},"thumbnailUrl":"https:\/\/abilica.com\/wp-content\/uploads\/2026\/03\/419268_Abilica_Electric_Pump_2.jpg","datePublished":"2026-03-17T09:03:47+00:00","dateModified":"2026-03-17T09:06:44+00:00","breadcrumb":{"@id":"https:\/\/abilica.com\/sv\/kondition\/airtracks-2\/abilica-electric-pump\/#breadcrumb"},"inLanguage":"sv-SE","potentialAction":[{"@type":"ReadAction","target":["https:\/\/abilica.com\/sv\/kondition\/airtracks-2\/abilica-electric-pump\/"]}]},{"@type":"ImageObject","inLanguage":"sv-SE","@id":"https:\/\/abilica.com\/sv\/kondition\/airtracks-2\/abilica-electric-pump\/#primaryimage","url":"https:\/\/abilica.com\/wp-content\/uploads\/2026\/03\/419268_Abilica_Electric_Pump_2.jpg","contentUrl":"https:\/\/abilica.com\/wp-content\/uploads\/2026\/03\/419268_Abilica_Electric_Pump_2.jpg","width":1200,"height":1200},{"@type":"BreadcrumbList","@id":"https:\/\/abilica.com\/sv\/kondition\/airtracks-2\/abilica-electric-pump\/#breadcrumb","itemListElement":[{"@type":"ListItem","position":1,"name":"Hem","item":"https:\/\/abilica.com\/sv\/"},{"@type":"ListItem","position":2,"name":"Produkter","item":"https:\/\/abilica.com\/sv\/shop\/"},{"@type":"ListItem","position":3,"name":"Abilica Electric Pump"}]},{"@type":"WebSite","@id":"https:\/\/abilica.com\/#website","url":"https:\/\/abilica.com\/","name":"Abilica","description":"Abilica Home Training","potentialAction":[{"@type":"SearchAction","target":{"@type":"EntryPoint","urlTemplate":"https:\/\/abilica.com\/?s={search_term_string}"},"query-input":{"@type":"PropertyValueSpecification","valueRequired":true,"valueName":"search_term_string"}}],"inLanguage":"sv-SE"}]}},"_links":{"self":[{"href":"https:\/\/abilica.com\/sv\/wp-json\/wp\/v2\/product\/89099","targetHints":{"allow":["GET"]}}],"collection":[{"href":"https:\/\/abilica.com\/sv\/wp-json\/wp\/v2\/product"}],"about":[{"href":"https:\/\/abilica.com\/sv\/wp-json\/wp\/v2\/types\/product"}],"wp:featuredmedia":[{"embeddable":true,"href":"https:\/\/abilica.com\/sv\/wp-json\/wp\/v2\/media\/89097"}],"wp:attachment":[{"href":"https:\/\/abilica.com\/sv\/wp-json\/wp\/v2\/media?parent=89099"}],"wp:term":[{"taxonomy":"product_brand","embeddable":true,"href":"https:\/\/abilica.com\/sv\/wp-json\/wp\/v2\/product_brand?post=89099"},{"taxonomy":"product_cat","embeddable":true,"href":"https:\/\/abilica.com\/sv\/wp-json\/wp\/v2\/product_cat?post=89099"},{"taxonomy":"product_tag","embeddable":true,"href":"https:\/\/abilica.com\/sv\/wp-json\/wp\/v2\/product_tag?post=89099"}],"curies":[{"name":"wp","href":"https:\/\/api.w.org\/{rel}","templated":true}]}}