{"id":976,"date":"2015-02-27T00:00:00","date_gmt":"2015-02-27T00:00:00","guid":{"rendered":"https:\/\/abilica.com\/se\/produkt\/abilica-multipower\/"},"modified":"2023-11-02T10:25:31","modified_gmt":"2023-11-02T09:25:31","slug":"abilica-multipower","status":"publish","type":"product","link":"https:\/\/abilica.com\/sv\/styrka\/multigym-2\/abilica-multipower\/","title":{"rendered":"Abilica MultiPower"},"content":{"rendered":"<div class=\"wpb-content-wrapper\"><p>[vc_row][vc_column][vc_column_text]<\/p>\n<div class=\"page\" title=\"Page 29\">\n<div class=\"section\">\n<div class=\"layoutArea\">\n<div class=\"column\">\n<p>Abilica kan i samarbete med BodyCraft presentera en komplett studioserie med apparater f\u00f6r styrketr\u00e4ning. Serien \u00e4r speciellt utvecklad f\u00f6r f\u00f6retagsmarknaden och dig som \u00f6nskar det b\u00e4sta. Samtliga apparater har en kombination av mycket solid konstruktion och smarta l\u00f6sningar. Bra kvalitet i alla detaljer som ger speciellt smidiga r\u00f6relser. Alla produkterna har livstidsgaranti p\u00e5 ramen. Mycket kraftig multigym som ger m\u00f6jlighet f\u00f6r m\u00e5nga \u00f6vningar bl.a. b\u00e4nkpress, br\u00f6stpress, skulderpress pec-dec, rodd, bencurl, armcurl och ab crunch. F\u00f6r f\u00f6retagsmarknaden eller f\u00f6r den kr\u00e4sna hemanv\u00e4ndaren. Abilica MultiPower kan st\u00e4llas vid en v\u00e4gg och anpassad f\u00f6r ett tr\u00e4ningsrum med begr\u00e4nsad plats. Det patenterade pec-dec systemet ger dig extra variation och m\u00f6jlighet att utf\u00f6ra \u00f6vningar anpassade f\u00f6r olika idrotter (golfsving, tennisslag m.fl.). Inbyggt viktmagasin med 90 kg vikter (200lbs). Justerbar i rygg och s\u00e4te f\u00f6r individuell anpassning och r\u00e4tt st\u00f6d. Roddstation med kraftig fotplatta. Instruktions-DVD (eng.) medf\u00f6ljer.<\/p>\n<\/div>\n<\/div>\n<\/div>\n<\/div>\n<p>[\/vc_column_text][\/vc_column][\/vc_row][vc_row][vc_column][vc_empty_space height=&#8221;52px&#8221;][vc_btn title=&#8221;Teknisk information&#8221; style=&#8221;flat&#8221; color=&#8221;black&#8221; i_icon_fontawesome=&#8221;fa fa-file-pdf-o&#8221; add_icon=&#8221;true&#8221; link=&#8221;url:https%3A%2F%2Fabilica.com%2Fse%2Fwp-content%2Fuploads%2F2020%2F09%2FBenches-multigyms-racks.pdf|||&#8221;][vc_btn title=&#8221;Anv\u00e4ndarmanual&#8221; style=&#8221;flat&#8221; color=&#8221;black&#8221; i_icon_fontawesome=&#8221;fa fa-file-pdf-o&#8221; add_icon=&#8221;true&#8221; link=&#8221;url:https%3A%2F%2Fabilica.com%2Fse%2Fwp-content%2Fuploads%2F2021%2F01%2FAbilica-MultiPower.pdf|||&#8221;][vc_btn title=&#8221;Underh\u00e5llstips&#8221; style=&#8221;flat&#8221; color=&#8221;black&#8221; i_icon_fontawesome=&#8221;fa fa-align-left&#8221; add_icon=&#8221;true&#8221; link=&#8221;url:https%3A%2F%2Fabilica.com%2Fse%2Ftraningsartiklar%2Ftraningstips-for-kondition%2Funderhall-av-traningsmaskiner%2F|||&#8221;][\/vc_column][\/vc_row]<\/p>\n<\/div>","protected":false},"excerpt":{"rendered":"<p>[vc_row][vc_column][vc_column_text] Abilica kan i samarbete med BodyCraft presentera en komplett studioserie med apparater f\u00f6r styrketr\u00e4ning&#8230;.<\/p>\n","protected":false},"featured_media":31447,"template":"","meta":{"_acf_changed":false},"product_brand":[],"product_cat":[434,483,471],"product_tag":[49,34],"class_list":{"0":"post-976","1":"product","2":"type-product","3":"status-publish","4":"has-post-thumbnail","6":"product_cat-multigym","7":"product_cat-multigym-2","8":"product_cat-styrka","9":"product_tag-premium","10":"product_tag-styrka","12":"first","13":"instock","14":"product-type-simple"},"acf":[],"yoast_head":"<!-- This site is optimized with the Yoast SEO Premium plugin v21.1 (Yoast SEO v25.4) - https:\/\/yoast.com\/wordpress\/plugins\/seo\/ -->\n<title>Abilica MultiPower Abilica<\/title>\n<meta name=\"robots\" content=\"index, follow, max-snippet:-1, max-image-preview:large, max-video-preview:-1\" \/>\n<link rel=\"canonical\" href=\"https:\/\/abilica.com\/sv\/styrka\/multigym-2\/abilica-multipower\/\" \/>\n<meta property=\"og:locale\" content=\"sv_SE\" \/>\n<meta property=\"og:type\" content=\"article\" \/>\n<meta property=\"og:title\" content=\"Abilica MultiPower\" \/>\n<meta property=\"og:description\" content=\"[vc_row][vc_column][vc_column_text] Abilica kan i samarbete med BodyCraft presentera en komplett studioserie med apparater f\u00f6r styrketr\u00e4ning....\" \/>\n<meta property=\"og:url\" content=\"https:\/\/abilica.com\/sv\/styrka\/multigym-2\/abilica-multipower\/\" \/>\n<meta property=\"og:site_name\" content=\"Abilica\" \/>\n<meta property=\"article:publisher\" content=\"https:\/\/www.facebook.com\/abilicahometraining\/\" \/>\n<meta property=\"article:modified_time\" content=\"2023-11-02T09:25:31+00:00\" \/>\n<meta property=\"og:image\" content=\"https:\/\/abilica.com\/wp-content\/uploads\/2015\/02\/1-1.jpg\" \/>\n\t<meta property=\"og:image:width\" content=\"1200\" \/>\n\t<meta property=\"og:image:height\" content=\"1200\" \/>\n\t<meta property=\"og:image:type\" content=\"image\/jpeg\" \/>\n<meta name=\"twitter:card\" content=\"summary_large_image\" \/>\n<meta name=\"twitter:label1\" content=\"Ber\u00e4knad l\u00e4stid\" \/>\n\t<meta name=\"twitter:data1\" content=\"1 minut\" \/>\n<script type=\"application\/ld+json\" class=\"yoast-schema-graph\">{\"@context\":\"https:\/\/schema.org\",\"@graph\":[{\"@type\":\"WebPage\",\"@id\":\"https:\/\/abilica.com\/sv\/styrka\/multigym-2\/abilica-multipower\/\",\"url\":\"https:\/\/abilica.com\/sv\/styrka\/multigym-2\/abilica-multipower\/\",\"name\":\"Abilica MultiPower Abilica\",\"isPartOf\":{\"@id\":\"https:\/\/abilica.com\/#website\"},\"primaryImageOfPage\":{\"@id\":\"https:\/\/abilica.com\/sv\/styrka\/multigym-2\/abilica-multipower\/#primaryimage\"},\"image\":{\"@id\":\"https:\/\/abilica.com\/sv\/styrka\/multigym-2\/abilica-multipower\/#primaryimage\"},\"thumbnailUrl\":\"https:\/\/abilica.com\/wp-content\/uploads\/2015\/02\/1-1.jpg\",\"datePublished\":\"2015-02-27T00:00:00+00:00\",\"dateModified\":\"2023-11-02T09:25:31+00:00\",\"breadcrumb\":{\"@id\":\"https:\/\/abilica.com\/sv\/styrka\/multigym-2\/abilica-multipower\/#breadcrumb\"},\"inLanguage\":\"sv-SE\",\"potentialAction\":[{\"@type\":\"ReadAction\",\"target\":[\"https:\/\/abilica.com\/sv\/styrka\/multigym-2\/abilica-multipower\/\"]}]},{\"@type\":\"ImageObject\",\"inLanguage\":\"sv-SE\",\"@id\":\"https:\/\/abilica.com\/sv\/styrka\/multigym-2\/abilica-multipower\/#primaryimage\",\"url\":\"https:\/\/abilica.com\/wp-content\/uploads\/2015\/02\/1-1.jpg\",\"contentUrl\":\"https:\/\/abilica.com\/wp-content\/uploads\/2015\/02\/1-1.jpg\",\"width\":1200,\"height\":1200},{\"@type\":\"BreadcrumbList\",\"@id\":\"https:\/\/abilica.com\/sv\/styrka\/multigym-2\/abilica-multipower\/#breadcrumb\",\"itemListElement\":[{\"@type\":\"ListItem\",\"position\":1,\"name\":\"Hem\",\"item\":\"https:\/\/abilica.com\/sv\/\"},{\"@type\":\"ListItem\",\"position\":2,\"name\":\"Produkter\",\"item\":\"https:\/\/abilica.com\/sv\/shop\/\"},{\"@type\":\"ListItem\",\"position\":3,\"name\":\"Abilica MultiPower\"}]},{\"@type\":\"WebSite\",\"@id\":\"https:\/\/abilica.com\/#website\",\"url\":\"https:\/\/abilica.com\/\",\"name\":\"Abilica\",\"description\":\"Abilica Home Training\",\"potentialAction\":[{\"@type\":\"SearchAction\",\"target\":{\"@type\":\"EntryPoint\",\"urlTemplate\":\"https:\/\/abilica.com\/?s={search_term_string}\"},\"query-input\":{\"@type\":\"PropertyValueSpecification\",\"valueRequired\":true,\"valueName\":\"search_term_string\"}}],\"inLanguage\":\"sv-SE\"}]}<\/script>\n<!-- \/ Yoast SEO Premium plugin. -->","yoast_head_json":{"title":"Abilica MultiPower Abilica","robots":{"index":"index","follow":"follow","max-snippet":"max-snippet:-1","max-image-preview":"max-image-preview:large","max-video-preview":"max-video-preview:-1"},"canonical":"https:\/\/abilica.com\/sv\/styrka\/multigym-2\/abilica-multipower\/","og_locale":"sv_SE","og_type":"article","og_title":"Abilica MultiPower","og_description":"[vc_row][vc_column][vc_column_text] Abilica kan i samarbete med BodyCraft presentera en komplett studioserie med apparater f\u00f6r styrketr\u00e4ning....","og_url":"https:\/\/abilica.com\/sv\/styrka\/multigym-2\/abilica-multipower\/","og_site_name":"Abilica","article_publisher":"https:\/\/www.facebook.com\/abilicahometraining\/","article_modified_time":"2023-11-02T09:25:31+00:00","og_image":[{"width":1200,"height":1200,"url":"https:\/\/abilica.com\/wp-content\/uploads\/2015\/02\/1-1.jpg","type":"image\/jpeg"}],"twitter_card":"summary_large_image","twitter_misc":{"Ber\u00e4knad l\u00e4stid":"1 minut"},"schema":{"@context":"https:\/\/schema.org","@graph":[{"@type":"WebPage","@id":"https:\/\/abilica.com\/sv\/styrka\/multigym-2\/abilica-multipower\/","url":"https:\/\/abilica.com\/sv\/styrka\/multigym-2\/abilica-multipower\/","name":"Abilica MultiPower Abilica","isPartOf":{"@id":"https:\/\/abilica.com\/#website"},"primaryImageOfPage":{"@id":"https:\/\/abilica.com\/sv\/styrka\/multigym-2\/abilica-multipower\/#primaryimage"},"image":{"@id":"https:\/\/abilica.com\/sv\/styrka\/multigym-2\/abilica-multipower\/#primaryimage"},"thumbnailUrl":"https:\/\/abilica.com\/wp-content\/uploads\/2015\/02\/1-1.jpg","datePublished":"2015-02-27T00:00:00+00:00","dateModified":"2023-11-02T09:25:31+00:00","breadcrumb":{"@id":"https:\/\/abilica.com\/sv\/styrka\/multigym-2\/abilica-multipower\/#breadcrumb"},"inLanguage":"sv-SE","potentialAction":[{"@type":"ReadAction","target":["https:\/\/abilica.com\/sv\/styrka\/multigym-2\/abilica-multipower\/"]}]},{"@type":"ImageObject","inLanguage":"sv-SE","@id":"https:\/\/abilica.com\/sv\/styrka\/multigym-2\/abilica-multipower\/#primaryimage","url":"https:\/\/abilica.com\/wp-content\/uploads\/2015\/02\/1-1.jpg","contentUrl":"https:\/\/abilica.com\/wp-content\/uploads\/2015\/02\/1-1.jpg","width":1200,"height":1200},{"@type":"BreadcrumbList","@id":"https:\/\/abilica.com\/sv\/styrka\/multigym-2\/abilica-multipower\/#breadcrumb","itemListElement":[{"@type":"ListItem","position":1,"name":"Hem","item":"https:\/\/abilica.com\/sv\/"},{"@type":"ListItem","position":2,"name":"Produkter","item":"https:\/\/abilica.com\/sv\/shop\/"},{"@type":"ListItem","position":3,"name":"Abilica MultiPower"}]},{"@type":"WebSite","@id":"https:\/\/abilica.com\/#website","url":"https:\/\/abilica.com\/","name":"Abilica","description":"Abilica Home Training","potentialAction":[{"@type":"SearchAction","target":{"@type":"EntryPoint","urlTemplate":"https:\/\/abilica.com\/?s={search_term_string}"},"query-input":{"@type":"PropertyValueSpecification","valueRequired":true,"valueName":"search_term_string"}}],"inLanguage":"sv-SE"}]}},"_links":{"self":[{"href":"https:\/\/abilica.com\/sv\/wp-json\/wp\/v2\/product\/976","targetHints":{"allow":["GET"]}}],"collection":[{"href":"https:\/\/abilica.com\/sv\/wp-json\/wp\/v2\/product"}],"about":[{"href":"https:\/\/abilica.com\/sv\/wp-json\/wp\/v2\/types\/product"}],"wp:featuredmedia":[{"embeddable":true,"href":"https:\/\/abilica.com\/sv\/wp-json\/wp\/v2\/media\/31447"}],"wp:attachment":[{"href":"https:\/\/abilica.com\/sv\/wp-json\/wp\/v2\/media?parent=976"}],"wp:term":[{"taxonomy":"product_brand","embeddable":true,"href":"https:\/\/abilica.com\/sv\/wp-json\/wp\/v2\/product_brand?post=976"},{"taxonomy":"product_cat","embeddable":true,"href":"https:\/\/abilica.com\/sv\/wp-json\/wp\/v2\/product_cat?post=976"},{"taxonomy":"product_tag","embeddable":true,"href":"https:\/\/abilica.com\/sv\/wp-json\/wp\/v2\/product_tag?post=976"}],"curies":[{"name":"wp","href":"https:\/\/api.w.org\/{rel}","templated":true}]}}